{"id":3476,"date":"2024-04-11T07:57:26","date_gmt":"2024-04-11T07:57:26","guid":{"rendered":"https:\/\/jinhuaceramic.com\/?post_type=product&#038;p=3476"},"modified":"2025-04-21T02:42:36","modified_gmt":"2025-04-21T02:42:36","slug":"wholesale-ceramic-candle-vessels","status":"publish","type":"product","link":"https:\/\/jinhuaceramic.com\/fr\/product\/wholesale-ceramic-candle-vessels\/","title":{"rendered":"Vases \u00e0 bougie en c\u00e9ramique fantaisie en gros, pots \u00e0 bougie en vrac"},"content":{"rendered":"<div class=\"wp-block-columns is-layout-flex wp-container-core-columns-is-layout-9d6595d7 wp-block-columns-is-layout-flex\">\n<div class=\"wp-block-column is-layout-flow wp-block-column-is-layout-flow\" style=\"flex-basis:50%\">\n<h3 class=\"wp-block-heading\">Vases \u00e0 bougie en c\u00e9ramique de premi\u00e8re qualit\u00e9 en gros Caract\u00e9ristiques :<\/h3>\n\n\n\n<ul class=\"wp-block-list\">\n<li><strong>Conception exquise et \u00e9l\u00e9gante, soulignant le sens de la qualit\u00e9 : <\/strong>Ces r\u00e9cipients \u00e0 bougie en c\u00e9ramique sont caract\u00e9ris\u00e9s par un design exquis, des lignes douces et une apparence \u00e9l\u00e9gante. Ils sont parfaits pour la maison de luxe, l'emballage de cadeaux et la d\u00e9coration d'occasions haut de gamme, et t\u00e9moignent d'un go\u00fbt et d'une qualit\u00e9 uniques.<\/li>\n\n\n\n<li><strong>Dimensions et formes multiples, souplesse d'adaptation : <\/strong>Nos photophores en vrac offrent une grande vari\u00e9t\u00e9 de tailles et de formes. Les clients peuvent choisir le type de r\u00e9cipient appropri\u00e9 en fonction de leurs besoins, ce qui permet de s'adapter facilement \u00e0 diff\u00e9rents styles et utilisations, et de r\u00e9pondre aux divers besoins en mati\u00e8re de d\u00e9coration et de fabrication de bougies.<\/li>\n\n\n\n<li><strong>Mat\u00e9riau c\u00e9ramique de haute qualit\u00e9, durable et respectueux de l'environnement : <\/strong>Nos r\u00e9cipients \u00e0 bougies en c\u00e9ramique sont fabriqu\u00e9s en c\u00e9ramique de haute qualit\u00e9 cuite \u00e0 haute temp\u00e9rature. Le r\u00e9cipient est solide et durable, avec une surface lisse et une bonne r\u00e9sistance \u00e0 la chaleur et \u00e0 l'humidit\u00e9. Les c\u00e9ramiques sont naturelles, non toxiques et respectueuses de l'environnement, ce qui garantit leur s\u00e9curit\u00e9 et leur fiabilit\u00e9 pour une utilisation \u00e0 long terme.<\/li>\n\n\n\n<li><strong>Prise en charge des achats en gros et de la personnalisation : <\/strong>Nous fournissons des photophores en vrac aux clients commerciaux afin de garantir la stabilit\u00e9 de la qualit\u00e9 et de l'approvisionnement des produits. En outre, les clients peuvent \u00e9galement choisir de personnaliser les couleurs, les tailles et les logos pour r\u00e9pondre aux besoins de promotion de la marque et de conception personnalis\u00e9e.<\/li>\n<\/ul>\n<\/div>\n\n\n\n<div class=\"wp-block-column is-layout-flow wp-block-column-is-layout-flow\" style=\"flex-basis:50%\">\n<figure class=\"wp-block-image size-full\"><img fetchpriority=\"high\" decoding=\"async\" width=\"692\" height=\"692\" src=\"https:\/\/jinhuaceramic.com\/wp-content\/uploads\/2024\/04\/ceramic-manufacturer-custom-canisters-bulk-candle-jars-wholesale-3-2.webp\" alt=\"Vases \u00e0 bougie fantaisie en c\u00e9ramique en gros, pots \u00e0 bougie en vrac-1\" class=\"wp-image-3478\" srcset=\"https:\/\/jinhuaceramic.com\/wp-content\/uploads\/2024\/04\/ceramic-manufacturer-custom-canisters-bulk-candle-jars-wholesale-3-2.webp 692w, https:\/\/jinhuaceramic.com\/wp-content\/uploads\/2024\/04\/ceramic-manufacturer-custom-canisters-bulk-candle-jars-wholesale-3-2-300x300.webp 300w, https:\/\/jinhuaceramic.com\/wp-content\/uploads\/2024\/04\/ceramic-manufacturer-custom-canisters-bulk-candle-jars-wholesale-3-2-150x150.webp 150w, https:\/\/jinhuaceramic.com\/wp-content\/uploads\/2024\/04\/ceramic-manufacturer-custom-canisters-bulk-candle-jars-wholesale-3-2-285x285.webp 285w, https:\/\/jinhuaceramic.com\/wp-content\/uploads\/2024\/04\/ceramic-manufacturer-custom-canisters-bulk-candle-jars-wholesale-3-2-270x270.webp 270w, https:\/\/jinhuaceramic.com\/wp-content\/uploads\/2024\/04\/ceramic-manufacturer-custom-canisters-bulk-candle-jars-wholesale-3-2-540x540.webp 540w, https:\/\/jinhuaceramic.com\/wp-content\/uploads\/2024\/04\/ceramic-manufacturer-custom-canisters-bulk-candle-jars-wholesale-3-2-660x660.webp 660w\" sizes=\"(max-width: 692px) 100vw, 692px\" \/><\/figure>\n<\/div>\n<\/div>","protected":false},"excerpt":{"rendered":"<p>Bienvenue dans l'achat de photophores en vrac. Nos vases \u00e0 bougie en gros en c\u00e9ramique, exquis et \u00e9l\u00e9gants, sont sp\u00e9cialement con\u00e7us pour les maisons de luxe et les occasions haut de gamme, et sont disponibles dans une grande vari\u00e9t\u00e9 de tailles et de formes. Fabriqu\u00e9s en c\u00e9ramique de haute qualit\u00e9, ils sont durables et respectueux de l'environnement. Ils peuvent \u00eatre achet\u00e9s \u00e0 grande \u00e9chelle et personnalis\u00e9s, ce qui les rend id\u00e9aux pour un usage commercial et la d\u00e9coration d'int\u00e9rieur.<\/p>","protected":false},"featured_media":3480,"comment_status":"closed","ping_status":"closed","template":"","meta":{"_acf_changed":false},"product_brand":[],"product_cat":[52],"product_tag":[66],"class_list":{"0":"post-3476","1":"product","2":"type-product","3":"status-publish","4":"has-post-thumbnail","6":"product_cat-wholesale-candle-containers","7":"product_tag-candle-jars-wholesale","9":"first","10":"instock","11":"shipping-taxable","12":"product-type-simple"},"acf":[],"_links":{"self":[{"href":"https:\/\/jinhuaceramic.com\/fr\/wp-json\/wp\/v2\/product\/3476","targetHints":{"allow":["GET"]}}],"collection":[{"href":"https:\/\/jinhuaceramic.com\/fr\/wp-json\/wp\/v2\/product"}],"about":[{"href":"https:\/\/jinhuaceramic.com\/fr\/wp-json\/wp\/v2\/types\/product"}],"replies":[{"embeddable":true,"href":"https:\/\/jinhuaceramic.com\/fr\/wp-json\/wp\/v2\/comments?post=3476"}],"version-history":[{"count":0,"href":"https:\/\/jinhuaceramic.com\/fr\/wp-json\/wp\/v2\/product\/3476\/revisions"}],"wp:featuredmedia":[{"embeddable":true,"href":"https:\/\/jinhuaceramic.com\/fr\/wp-json\/wp\/v2\/media\/3480"}],"wp:attachment":[{"href":"https:\/\/jinhuaceramic.com\/fr\/wp-json\/wp\/v2\/media?parent=3476"}],"wp:term":[{"taxonomy":"product_brand","embeddable":true,"href":"https:\/\/jinhuaceramic.com\/fr\/wp-json\/wp\/v2\/product_brand?post=3476"},{"taxonomy":"product_cat","embeddable":true,"href":"https:\/\/jinhuaceramic.com\/fr\/wp-json\/wp\/v2\/product_cat?post=3476"},{"taxonomy":"product_tag","embeddable":true,"href":"https:\/\/jinhuaceramic.com\/fr\/wp-json\/wp\/v2\/product_tag?post=3476"}],"curies":[{"name":"wp","href":"https:\/\/api.w.org\/{rel}","templated":true}]}}