{"id":3485,"date":"2024-04-11T08:07:38","date_gmt":"2024-04-11T08:07:38","guid":{"rendered":"https:\/\/jinhuaceramic.com\/?post_type=product&#038;p=3485"},"modified":"2025-04-21T02:43:26","modified_gmt":"2025-04-21T02:43:26","slug":"unique-wholesale-jars-for-candles","status":"publish","type":"product","link":"https:\/\/jinhuaceramic.com\/fr\/product\/unique-wholesale-jars-for-candles\/","title":{"rendered":"Pots \u00e0 bougies uniques en gros Forme colonnaire irr\u00e9guli\u00e8re Contenants \u00e0 bougies en c\u00e9ramique"},"content":{"rendered":"<div class=\"wp-block-columns is-layout-flex wp-container-core-columns-is-layout-9d6595d7 wp-block-columns-is-layout-flex\">\n<div class=\"wp-block-column is-layout-flow wp-block-column-is-layout-flow\" style=\"flex-basis:50%\">\n<h3 class=\"wp-block-heading\">Premium Wholesale Jars For Candles Caract\u00e9ristiques :<\/h3>\n\n\n\n<ul class=\"wp-block-list\">\n<li><strong>Design unique et irr\u00e9gulier : <\/strong>Nos pots de gros pour bougies adoptent une forme cylindrique irr\u00e9guli\u00e8re unique, qui contraste fortement avec les contenants ronds ou carr\u00e9s traditionnels, ajoutant un style artistique unique et un attrait visuel \u00e0 la fabrication des bougies.<\/li>\n\n\n\n<li><strong>Mat\u00e9riaux de haute qualit\u00e9 : <\/strong>Nous choisissons des mat\u00e9riaux de haute qualit\u00e9 pour fabriquer les photophores en c\u00e9ramique en gros afin de garantir la durabilit\u00e9 et la stabilit\u00e9 du produit, ce qui permet \u00e0 vos bougies de br\u00fbler dans un r\u00e9cipient s\u00fbr.<\/li>\n\n\n\n<li><strong>Utilisation multifonctionnelle : <\/strong>Ces pots de forme unique pour bougies ne conviennent pas seulement \u00e0 la fabrication de bougies, mais peuvent \u00e9galement \u00eatre utilis\u00e9s comme vases, d\u00e9corations ou conteneurs de stockage pour de nombreux usages, offrant ainsi davantage de possibilit\u00e9s pour la d\u00e9coration de votre maison.<\/li>\n\n\n\n<li><strong>Service sur mesure : <\/strong>Nous fournissons des services de conteneurs de bougies sur mesure pour la taille, la couleur et le design selon leurs propres besoins, et nous r\u00e9pondons aux besoins sp\u00e9ciaux de diff\u00e9rents clients.<\/li>\n<\/ul>\n<\/div>\n\n\n\n<div class=\"wp-block-column is-layout-flow wp-block-column-is-layout-flow\" style=\"flex-basis:50%\"><div class=\"wp-block-image\">\n<figure class=\"aligncenter size-full\"><img fetchpriority=\"high\" decoding=\"async\" width=\"735\" height=\"735\" src=\"https:\/\/jinhuaceramic.com\/wp-content\/uploads\/2024\/04\/ceramic-manufacturer-custom-canisters-bulk-candle-jars-wholesale-candle-vessel-4-1.webp\" alt=\"Fabricant de c\u00e9ramique-bo\u00eetes personnalis\u00e9es-bo\u00eetes \u00e0 bougies en vrac-bo\u00eetes en gros-bo\u00eetes uniques pour bougies\" class=\"wp-image-3489\" srcset=\"https:\/\/jinhuaceramic.com\/wp-content\/uploads\/2024\/04\/ceramic-manufacturer-custom-canisters-bulk-candle-jars-wholesale-candle-vessel-4-1.webp 735w, https:\/\/jinhuaceramic.com\/wp-content\/uploads\/2024\/04\/ceramic-manufacturer-custom-canisters-bulk-candle-jars-wholesale-candle-vessel-4-1-300x300.webp 300w, https:\/\/jinhuaceramic.com\/wp-content\/uploads\/2024\/04\/ceramic-manufacturer-custom-canisters-bulk-candle-jars-wholesale-candle-vessel-4-1-150x150.webp 150w, https:\/\/jinhuaceramic.com\/wp-content\/uploads\/2024\/04\/ceramic-manufacturer-custom-canisters-bulk-candle-jars-wholesale-candle-vessel-4-1-285x285.webp 285w, https:\/\/jinhuaceramic.com\/wp-content\/uploads\/2024\/04\/ceramic-manufacturer-custom-canisters-bulk-candle-jars-wholesale-candle-vessel-4-1-270x270.webp 270w, https:\/\/jinhuaceramic.com\/wp-content\/uploads\/2024\/04\/ceramic-manufacturer-custom-canisters-bulk-candle-jars-wholesale-candle-vessel-4-1-540x540.webp 540w, https:\/\/jinhuaceramic.com\/wp-content\/uploads\/2024\/04\/ceramic-manufacturer-custom-canisters-bulk-candle-jars-wholesale-candle-vessel-4-1-660x660.webp 660w\" sizes=\"(max-width: 735px) 100vw, 735px\" \/><\/figure>\n<\/div><\/div>\n<\/div>","protected":false},"excerpt":{"rendered":"<p>Bienvenue sur le site d'achat en gros de photophores. Nos pots \u00e0 bougie en c\u00e9ramique en gros ont des formes cylindriques irr\u00e9guli\u00e8res uniques, des mat\u00e9riaux de haute qualit\u00e9, une utilisation multifonctionnelle et des services de personnalisation, fournissant aux clients le choix parfait de contenant de bougie pour les aider \u00e0 cr\u00e9er des produits de bougie uniques.<\/p>","protected":false},"featured_media":3489,"comment_status":"closed","ping_status":"closed","template":"","meta":{"_acf_changed":false},"product_brand":[],"product_cat":[52],"product_tag":[66],"class_list":{"0":"post-3485","1":"product","2":"type-product","3":"status-publish","4":"has-post-thumbnail","6":"product_cat-wholesale-candle-containers","7":"product_tag-candle-jars-wholesale","9":"first","10":"instock","11":"shipping-taxable","12":"product-type-simple"},"acf":[],"_links":{"self":[{"href":"https:\/\/jinhuaceramic.com\/fr\/wp-json\/wp\/v2\/product\/3485","targetHints":{"allow":["GET"]}}],"collection":[{"href":"https:\/\/jinhuaceramic.com\/fr\/wp-json\/wp\/v2\/product"}],"about":[{"href":"https:\/\/jinhuaceramic.com\/fr\/wp-json\/wp\/v2\/types\/product"}],"replies":[{"embeddable":true,"href":"https:\/\/jinhuaceramic.com\/fr\/wp-json\/wp\/v2\/comments?post=3485"}],"version-history":[{"count":0,"href":"https:\/\/jinhuaceramic.com\/fr\/wp-json\/wp\/v2\/product\/3485\/revisions"}],"wp:featuredmedia":[{"embeddable":true,"href":"https:\/\/jinhuaceramic.com\/fr\/wp-json\/wp\/v2\/media\/3489"}],"wp:attachment":[{"href":"https:\/\/jinhuaceramic.com\/fr\/wp-json\/wp\/v2\/media?parent=3485"}],"wp:term":[{"taxonomy":"product_brand","embeddable":true,"href":"https:\/\/jinhuaceramic.com\/fr\/wp-json\/wp\/v2\/product_brand?post=3485"},{"taxonomy":"product_cat","embeddable":true,"href":"https:\/\/jinhuaceramic.com\/fr\/wp-json\/wp\/v2\/product_cat?post=3485"},{"taxonomy":"product_tag","embeddable":true,"href":"https:\/\/jinhuaceramic.com\/fr\/wp-json\/wp\/v2\/product_tag?post=3485"}],"curies":[{"name":"wp","href":"https:\/\/api.w.org\/{rel}","templated":true}]}}