{"id":3494,"date":"2024-04-11T08:21:44","date_gmt":"2024-04-11T08:21:44","guid":{"rendered":"https:\/\/jinhuaceramic.com\/?post_type=product&#038;p=3494"},"modified":"2025-04-21T02:46:44","modified_gmt":"2025-04-21T02:46:44","slug":"wholesale-ceramic-candles-jars-with-lids","status":"publish","type":"product","link":"https:\/\/jinhuaceramic.com\/fr\/product\/wholesale-ceramic-candles-jars-with-lids\/","title":{"rendered":"Wholesale Ceramic Candles Jars With Lids Pumpkin Shape Candle Containers (pots \u00e0 bougies en c\u00e9ramique avec couvercles)"},"content":{"rendered":"<div class=\"wp-block-columns is-layout-flex wp-container-core-columns-is-layout-9d6595d7 wp-block-columns-is-layout-flex\">\n<div class=\"wp-block-column is-layout-flow wp-block-column-is-layout-flow\" style=\"flex-basis:50%\">\n<h3 class=\"wp-block-heading\">Bougies de qualit\u00e9 sup\u00e9rieure Bocaux avec couvercles Caract\u00e9ristiques :<\/h3>\n\n\n\n<ol class=\"wp-block-list\">\n<li>Design unique : Nos pots \u00e0 bougies en c\u00e9ramique avec couvercles pr\u00e9sentent un design unique et charmant, qui ajoute une atmosph\u00e8re amusante et festive \u00e0 la fabrication des bougies.<\/li>\n\n\n\n<li>Mat\u00e9riaux c\u00e9ramiques de haute qualit\u00e9 : Nous utilisons des mat\u00e9riaux c\u00e9ramiques de haute qualit\u00e9 pour fabriquer les photophores afin de garantir la durabilit\u00e9 et la stabilit\u00e9 du produit, ce qui permet \u00e0 vos bougies de br\u00fbler dans un r\u00e9cipient s\u00fbr.<\/li>\n\n\n\n<li>Conception pratique avec couvercle : Chaque photophore est \u00e9quip\u00e9 d'un couvercle, qui prot\u00e8ge efficacement la bougie de la poussi\u00e8re et des d\u00e9bris, tout en prolongeant la dur\u00e9e de stockage de la bougie, ce qui permet \u00e0 votre bougie de br\u00fbler plus longtemps.<\/li>\n\n\n\n<li>Utilisation multifonctionnelle : Ces pots \u00e0 bougies en c\u00e9ramique en forme de citrouille avec couvercle ne conviennent pas seulement \u00e0 la fabrication de bougies, mais peuvent \u00e9galement \u00eatre utilis\u00e9s comme d\u00e9corations, pots de stockage ou bo\u00eetes \u00e0 cadeaux pour de nombreux usages, ajoutant un charme unique \u00e0 votre d\u00e9coration d'int\u00e9rieur.<\/li>\n<\/ol>\n<\/div>\n\n\n\n<div class=\"wp-block-column is-layout-flow wp-block-column-is-layout-flow\" style=\"flex-basis:50%\"><div class=\"wp-block-image\">\n<figure class=\"aligncenter size-full\"><img fetchpriority=\"high\" decoding=\"async\" width=\"790\" height=\"790\" src=\"https:\/\/jinhuaceramic.com\/wp-content\/uploads\/2024\/04\/ceramic-manufacturer-custom-canisters-bulk-candle-jars-wholesale-pumpkin-candle-jar-6.webp\" alt=\"Fabricant de c\u00e9ramique-bo\u00eetes personnalis\u00e9es-bo\u00eetes \u00e0 bougies en vrac-bo\u00eetes en gros-bo\u00eetes \u00e0 la citrouille-bo\u00eetes avec couvercles\" class=\"wp-image-3500\" srcset=\"https:\/\/jinhuaceramic.com\/wp-content\/uploads\/2024\/04\/ceramic-manufacturer-custom-canisters-bulk-candle-jars-wholesale-pumpkin-candle-jar-6.webp 790w, https:\/\/jinhuaceramic.com\/wp-content\/uploads\/2024\/04\/ceramic-manufacturer-custom-canisters-bulk-candle-jars-wholesale-pumpkin-candle-jar-6-300x300.webp 300w, https:\/\/jinhuaceramic.com\/wp-content\/uploads\/2024\/04\/ceramic-manufacturer-custom-canisters-bulk-candle-jars-wholesale-pumpkin-candle-jar-6-150x150.webp 150w, https:\/\/jinhuaceramic.com\/wp-content\/uploads\/2024\/04\/ceramic-manufacturer-custom-canisters-bulk-candle-jars-wholesale-pumpkin-candle-jar-6-768x768.webp 768w, https:\/\/jinhuaceramic.com\/wp-content\/uploads\/2024\/04\/ceramic-manufacturer-custom-canisters-bulk-candle-jars-wholesale-pumpkin-candle-jar-6-285x285.webp 285w, https:\/\/jinhuaceramic.com\/wp-content\/uploads\/2024\/04\/ceramic-manufacturer-custom-canisters-bulk-candle-jars-wholesale-pumpkin-candle-jar-6-270x270.webp 270w, https:\/\/jinhuaceramic.com\/wp-content\/uploads\/2024\/04\/ceramic-manufacturer-custom-canisters-bulk-candle-jars-wholesale-pumpkin-candle-jar-6-540x540.webp 540w, https:\/\/jinhuaceramic.com\/wp-content\/uploads\/2024\/04\/ceramic-manufacturer-custom-canisters-bulk-candle-jars-wholesale-pumpkin-candle-jar-6-660x660.webp 660w\" sizes=\"(max-width: 790px) 100vw, 790px\" \/><\/figure>\n<\/div><\/div>\n<\/div>","protected":false},"excerpt":{"rendered":"<p>Nous vous invitons \u00e0 acheter en gros ou \u00e0 personnaliser des photophores en c\u00e9ramique avec couvercle. Nos photophores en c\u00e9ramique avec couvercle en forme de citrouille sont appr\u00e9ci\u00e9s pour leur design unique, leurs mat\u00e9riaux de haute qualit\u00e9, leur couvercle pratique et leur utilisation polyvalente, ce qui permet aux clients de choisir le r\u00e9cipient id\u00e9al pour les bougies.<\/p>","protected":false},"featured_media":3496,"comment_status":"closed","ping_status":"closed","template":"","meta":{"_acf_changed":false},"product_brand":[],"product_cat":[52],"product_tag":[67,66],"class_list":{"0":"post-3494","1":"product","2":"type-product","3":"status-publish","4":"has-post-thumbnail","6":"product_cat-wholesale-candle-containers","7":"product_tag-bulk-candle-jars-with-lids","8":"product_tag-candle-jars-wholesale","10":"first","11":"instock","12":"shipping-taxable","13":"product-type-simple"},"acf":[],"_links":{"self":[{"href":"https:\/\/jinhuaceramic.com\/fr\/wp-json\/wp\/v2\/product\/3494","targetHints":{"allow":["GET"]}}],"collection":[{"href":"https:\/\/jinhuaceramic.com\/fr\/wp-json\/wp\/v2\/product"}],"about":[{"href":"https:\/\/jinhuaceramic.com\/fr\/wp-json\/wp\/v2\/types\/product"}],"replies":[{"embeddable":true,"href":"https:\/\/jinhuaceramic.com\/fr\/wp-json\/wp\/v2\/comments?post=3494"}],"version-history":[{"count":0,"href":"https:\/\/jinhuaceramic.com\/fr\/wp-json\/wp\/v2\/product\/3494\/revisions"}],"wp:featuredmedia":[{"embeddable":true,"href":"https:\/\/jinhuaceramic.com\/fr\/wp-json\/wp\/v2\/media\/3496"}],"wp:attachment":[{"href":"https:\/\/jinhuaceramic.com\/fr\/wp-json\/wp\/v2\/media?parent=3494"}],"wp:term":[{"taxonomy":"product_brand","embeddable":true,"href":"https:\/\/jinhuaceramic.com\/fr\/wp-json\/wp\/v2\/product_brand?post=3494"},{"taxonomy":"product_cat","embeddable":true,"href":"https:\/\/jinhuaceramic.com\/fr\/wp-json\/wp\/v2\/product_cat?post=3494"},{"taxonomy":"product_tag","embeddable":true,"href":"https:\/\/jinhuaceramic.com\/fr\/wp-json\/wp\/v2\/product_tag?post=3494"}],"curies":[{"name":"wp","href":"https:\/\/api.w.org\/{rel}","templated":true}]}}