{"id":3503,"date":"2024-04-11T08:32:36","date_gmt":"2024-04-11T08:32:36","guid":{"rendered":"https:\/\/jinhuaceramic.com\/?post_type=product&#038;p=3503"},"modified":"2025-04-21T02:47:23","modified_gmt":"2025-04-21T02:47:23","slug":"exquisite-candle-containers-wholesale","status":"publish","type":"product","link":"https:\/\/jinhuaceramic.com\/fr\/product\/exquisite-candle-containers-wholesale\/","title":{"rendered":"R\u00e9cipients de bougie de luxe en gros, pots de bougie vides exquis en vrac"},"content":{"rendered":"<div class=\"wp-block-columns is-layout-flex wp-container-core-columns-is-layout-9d6595d7 wp-block-columns-is-layout-flex\">\n<div class=\"wp-block-column is-layout-flow wp-block-column-is-layout-flow\" style=\"flex-basis:50%\">\n<h3 class=\"wp-block-heading\">Premium Candle Containers Wholesale Caract\u00e9ristiques :<\/h3>\n\n\n\n<ul class=\"wp-block-list\">\n<li><strong>Un artisanat c\u00e9ramique exquis :<\/strong> Les mat\u00e9riaux c\u00e9ramiques de haute qualit\u00e9 utilis\u00e9s dans nos r\u00e9cipients pour bougies en gros sont assortis d'un savoir-faire artisanal exquis afin de garantir une surface lisse et d\u00e9licate, une texture robuste et durable qui convient pour contenir des bougies parfum\u00e9es.<\/li>\n\n\n\n<li><strong>Style \u00e9l\u00e9gant : <\/strong>La nature et le design esth\u00e9tique moderne avec une forme et un motif uniques ajouteront de l'\u00e9l\u00e9gance et de l'art \u00e0 votre maison ou \u00e0 votre bureau avec nos photophores vides en vrac.<\/li>\n\n\n\n<li><strong>Large application :<\/strong> Nos conteneurs de bougies en gros conviennent \u00e0 tous les types de fabrication de bougies, qu'il s'agisse de cire v\u00e9g\u00e9tale naturelle ou de cire synth\u00e9tique, ils s'y int\u00e8grent parfaitement pour d\u00e9gager un parfum durable et pur.<\/li>\n\n\n\n<li><strong>Remise sur les achats en gros : <\/strong>En tant que fabricant professionnel de photophores, Jinhua fournit des photophores vides en vrac tr\u00e8s comp\u00e9titifs pour r\u00e9pondre aux besoins des d\u00e9taillants commerciaux, des march\u00e9s de cadeaux et des fabricants de photophores.<\/li>\n<\/ul>\n<\/div>\n\n\n\n<div class=\"wp-block-column is-layout-flow wp-block-column-is-layout-flow\" style=\"flex-basis:50%\"><div class=\"wp-block-image\">\n<figure class=\"aligncenter size-full\"><img fetchpriority=\"high\" decoding=\"async\" width=\"661\" height=\"661\" src=\"https:\/\/jinhuaceramic.com\/wp-content\/uploads\/2024\/04\/ceramic-manufacturer-custom-canisters-bulk-candle-jars-wholesale-4-5.webp\" alt=\"R\u00e9cipients de bougie de luxe en gros, pots de bougie vides exquis en vrac-1\" class=\"wp-image-3507\" srcset=\"https:\/\/jinhuaceramic.com\/wp-content\/uploads\/2024\/04\/ceramic-manufacturer-custom-canisters-bulk-candle-jars-wholesale-4-5.webp 661w, https:\/\/jinhuaceramic.com\/wp-content\/uploads\/2024\/04\/ceramic-manufacturer-custom-canisters-bulk-candle-jars-wholesale-4-5-300x300.webp 300w, https:\/\/jinhuaceramic.com\/wp-content\/uploads\/2024\/04\/ceramic-manufacturer-custom-canisters-bulk-candle-jars-wholesale-4-5-150x150.webp 150w, https:\/\/jinhuaceramic.com\/wp-content\/uploads\/2024\/04\/ceramic-manufacturer-custom-canisters-bulk-candle-jars-wholesale-4-5-285x285.webp 285w, https:\/\/jinhuaceramic.com\/wp-content\/uploads\/2024\/04\/ceramic-manufacturer-custom-canisters-bulk-candle-jars-wholesale-4-5-270x270.webp 270w, https:\/\/jinhuaceramic.com\/wp-content\/uploads\/2024\/04\/ceramic-manufacturer-custom-canisters-bulk-candle-jars-wholesale-4-5-540x540.webp 540w\" sizes=\"(max-width: 661px) 100vw, 661px\" \/><\/figure>\n<\/div><\/div>\n<\/div>","protected":false},"excerpt":{"rendered":"<p>Bienvenue \u00e0 l'achat en gros de photophores vides. Nos r\u00e9cipients \u00e0 bougie en gros combinent un savoir-faire exquis et un design \u00e9l\u00e9gant, qui peuvent \u00eatre coordonn\u00e9s avec diverses d\u00e9corations d'int\u00e9rieur. Fabriqu\u00e9s en c\u00e9ramique de haute qualit\u00e9, ils sont durables et peuvent contenir des bougies en toute s\u00e9curit\u00e9. Nous nous engageons \u00e0 fournir \u00e0 nos partenaires commerciaux les options les plus rentables.<\/p>","protected":false},"featured_media":3504,"comment_status":"closed","ping_status":"closed","template":"","meta":{"_acf_changed":false},"product_brand":[],"product_cat":[52],"product_tag":[66],"class_list":{"0":"post-3503","1":"product","2":"type-product","3":"status-publish","4":"has-post-thumbnail","6":"product_cat-wholesale-candle-containers","7":"product_tag-candle-jars-wholesale","9":"first","10":"instock","11":"shipping-taxable","12":"product-type-simple"},"acf":[],"_links":{"self":[{"href":"https:\/\/jinhuaceramic.com\/fr\/wp-json\/wp\/v2\/product\/3503","targetHints":{"allow":["GET"]}}],"collection":[{"href":"https:\/\/jinhuaceramic.com\/fr\/wp-json\/wp\/v2\/product"}],"about":[{"href":"https:\/\/jinhuaceramic.com\/fr\/wp-json\/wp\/v2\/types\/product"}],"replies":[{"embeddable":true,"href":"https:\/\/jinhuaceramic.com\/fr\/wp-json\/wp\/v2\/comments?post=3503"}],"version-history":[{"count":0,"href":"https:\/\/jinhuaceramic.com\/fr\/wp-json\/wp\/v2\/product\/3503\/revisions"}],"wp:featuredmedia":[{"embeddable":true,"href":"https:\/\/jinhuaceramic.com\/fr\/wp-json\/wp\/v2\/media\/3504"}],"wp:attachment":[{"href":"https:\/\/jinhuaceramic.com\/fr\/wp-json\/wp\/v2\/media?parent=3503"}],"wp:term":[{"taxonomy":"product_brand","embeddable":true,"href":"https:\/\/jinhuaceramic.com\/fr\/wp-json\/wp\/v2\/product_brand?post=3503"},{"taxonomy":"product_cat","embeddable":true,"href":"https:\/\/jinhuaceramic.com\/fr\/wp-json\/wp\/v2\/product_cat?post=3503"},{"taxonomy":"product_tag","embeddable":true,"href":"https:\/\/jinhuaceramic.com\/fr\/wp-json\/wp\/v2\/product_tag?post=3503"}],"curies":[{"name":"wp","href":"https:\/\/api.w.org\/{rel}","templated":true}]}}