{"id":3512,"date":"2024-04-11T08:48:47","date_gmt":"2024-04-11T08:48:47","guid":{"rendered":"https:\/\/jinhuaceramic.com\/?post_type=product&#038;p=3512"},"modified":"2025-04-21T02:51:30","modified_gmt":"2025-04-21T02:51:30","slug":"factory-supply-bulk-ramekins","status":"publish","type":"product","link":"https:\/\/jinhuaceramic.com\/fr\/product\/factory-supply-bulk-ramekins\/","title":{"rendered":"Factory Supply Bulk Ramekins With Beautiful Design For Small Desserts (Ramequins en vrac avec un beau design pour les petits desserts)"},"content":{"rendered":"<div class=\"wp-block-columns is-layout-flex wp-container-core-columns-is-layout-9d6595d7 wp-block-columns-is-layout-flex\">\n<div class=\"wp-block-column is-layout-flow wp-block-column-is-layout-flow\" style=\"flex-basis:50%\">\n<h3 class=\"wp-block-heading\">Ramequins en vrac de qualit\u00e9 sup\u00e9rieure Caract\u00e9ristiques :<\/h3>\n\n\n\n<ul class=\"wp-block-list\">\n<li><strong>Un beau design :<\/strong> Ces ramequins en vrac adoptent un design \u00e9l\u00e9gant et moderne. Chaque ramequin est une petite \u0153uvre d'art, qui convient non seulement \u00e0 la p\u00e2tisserie, mais aussi \u00e0 la table \u00e0 manger.<\/li>\n\n\n\n<li><strong>Mat\u00e9riau durable : <\/strong>Nos ramequins en gros sont fabriqu\u00e9s en c\u00e9ramique de haute qualit\u00e9, r\u00e9sistante aux temp\u00e9ratures \u00e9lev\u00e9es, facile \u00e0 casser, facile \u00e0 nettoyer, adapt\u00e9e \u00e0 un usage r\u00e9p\u00e9t\u00e9, et id\u00e9ale pour les cuisines commerciales et les p\u00e2tisseries domestiques.<\/li>\n\n\n\n<li><strong>Large \u00e9ventail d'applications : <\/strong>Ces ramequins en vrac conviennent \u00e0 la pr\u00e9paration d'une vari\u00e9t\u00e9 de desserts en petites portions, tels que les cupcakes, les puddings, les gel\u00e9es et les petits plats cuits au four, r\u00e9pondant ainsi \u00e0 divers besoins culinaires.<\/li>\n\n\n\n<li><strong>Fourniture directe par l'usine : <\/strong>Nos ustensiles de cuisson en c\u00e9ramique en vrac sont directement fournis en vrac par l'usine, ce qui vous garantit le meilleur rapport qualit\u00e9-prix tout en b\u00e9n\u00e9ficiant d'un contr\u00f4le de qualit\u00e9 stable et d'un d\u00e9lai de livraison rapide.<\/li>\n<\/ul>\n<\/div>\n\n\n\n<div class=\"wp-block-column is-layout-flow wp-block-column-is-layout-flow\" style=\"flex-basis:50%\">\n<figure class=\"wp-block-image size-full\"><img fetchpriority=\"high\" decoding=\"async\" width=\"800\" height=\"800\" src=\"https:\/\/jinhuaceramic.com\/wp-content\/uploads\/2024\/04\/ceramic-manufacturer-wholesale-bakeware-custom-baking-cups-baking-ramekin-2.webp\" alt=\"Fabricant de c\u00e9ramiques - usine - fourniture de peaux en vrac - avec un beau design\" class=\"wp-image-3515\" srcset=\"https:\/\/jinhuaceramic.com\/wp-content\/uploads\/2024\/04\/ceramic-manufacturer-wholesale-bakeware-custom-baking-cups-baking-ramekin-2.webp 800w, https:\/\/jinhuaceramic.com\/wp-content\/uploads\/2024\/04\/ceramic-manufacturer-wholesale-bakeware-custom-baking-cups-baking-ramekin-2-300x300.webp 300w, https:\/\/jinhuaceramic.com\/wp-content\/uploads\/2024\/04\/ceramic-manufacturer-wholesale-bakeware-custom-baking-cups-baking-ramekin-2-150x150.webp 150w, https:\/\/jinhuaceramic.com\/wp-content\/uploads\/2024\/04\/ceramic-manufacturer-wholesale-bakeware-custom-baking-cups-baking-ramekin-2-768x768.webp 768w, https:\/\/jinhuaceramic.com\/wp-content\/uploads\/2024\/04\/ceramic-manufacturer-wholesale-bakeware-custom-baking-cups-baking-ramekin-2-285x285.webp 285w, https:\/\/jinhuaceramic.com\/wp-content\/uploads\/2024\/04\/ceramic-manufacturer-wholesale-bakeware-custom-baking-cups-baking-ramekin-2-270x270.webp 270w, https:\/\/jinhuaceramic.com\/wp-content\/uploads\/2024\/04\/ceramic-manufacturer-wholesale-bakeware-custom-baking-cups-baking-ramekin-2-540x540.webp 540w, https:\/\/jinhuaceramic.com\/wp-content\/uploads\/2024\/04\/ceramic-manufacturer-wholesale-bakeware-custom-baking-cups-baking-ramekin-2-660x660.webp 660w\" sizes=\"(max-width: 800px) 100vw, 800px\" \/><\/figure>\n<\/div>\n<\/div>","protected":false},"excerpt":{"rendered":"<p>Ces ramequins en vrac conviennent \u00e0 la pr\u00e9paration d'une vari\u00e9t\u00e9 de desserts en petites portions. Le mat\u00e9riau c\u00e9ramique durable choisi pr\u00e9sente une bonne r\u00e9sistance \u00e0 la chaleur et aux chocs, est facile \u00e0 nettoyer et convient parfaitement \u00e0 une utilisation fr\u00e9quente dans les cuisines commerciales et les p\u00e2tisseries domestiques.<\/p>","protected":false},"featured_media":3515,"comment_status":"closed","ping_status":"closed","template":"","meta":{"_acf_changed":false},"product_brand":[],"product_cat":[53],"product_tag":[69],"class_list":{"0":"post-3512","1":"product","2":"type-product","3":"status-publish","4":"has-post-thumbnail","6":"product_cat-bakeware-in-bulk","7":"product_tag-bulk-ramekins","9":"first","10":"instock","11":"shipping-taxable","12":"product-type-simple"},"acf":[],"_links":{"self":[{"href":"https:\/\/jinhuaceramic.com\/fr\/wp-json\/wp\/v2\/product\/3512","targetHints":{"allow":["GET"]}}],"collection":[{"href":"https:\/\/jinhuaceramic.com\/fr\/wp-json\/wp\/v2\/product"}],"about":[{"href":"https:\/\/jinhuaceramic.com\/fr\/wp-json\/wp\/v2\/types\/product"}],"replies":[{"embeddable":true,"href":"https:\/\/jinhuaceramic.com\/fr\/wp-json\/wp\/v2\/comments?post=3512"}],"version-history":[{"count":0,"href":"https:\/\/jinhuaceramic.com\/fr\/wp-json\/wp\/v2\/product\/3512\/revisions"}],"wp:featuredmedia":[{"embeddable":true,"href":"https:\/\/jinhuaceramic.com\/fr\/wp-json\/wp\/v2\/media\/3515"}],"wp:attachment":[{"href":"https:\/\/jinhuaceramic.com\/fr\/wp-json\/wp\/v2\/media?parent=3512"}],"wp:term":[{"taxonomy":"product_brand","embeddable":true,"href":"https:\/\/jinhuaceramic.com\/fr\/wp-json\/wp\/v2\/product_brand?post=3512"},{"taxonomy":"product_cat","embeddable":true,"href":"https:\/\/jinhuaceramic.com\/fr\/wp-json\/wp\/v2\/product_cat?post=3512"},{"taxonomy":"product_tag","embeddable":true,"href":"https:\/\/jinhuaceramic.com\/fr\/wp-json\/wp\/v2\/product_tag?post=3512"}],"curies":[{"name":"wp","href":"https:\/\/api.w.org\/{rel}","templated":true}]}}