{"id":3521,"date":"2024-04-11T09:10:45","date_gmt":"2024-04-11T09:10:45","guid":{"rendered":"https:\/\/jinhuaceramic.com\/?post_type=product&#038;p=3521"},"modified":"2025-04-21T02:52:23","modified_gmt":"2025-04-21T02:52:23","slug":"small-baking-dishes-wholesale","status":"publish","type":"product","link":"https:\/\/jinhuaceramic.com\/fr\/product\/small-baking-dishes-wholesale\/","title":{"rendered":"Petits plats \u00e0 four en c\u00e9ramique personnalis\u00e9s Wholesale Ramekins"},"content":{"rendered":"<div class=\"wp-block-columns is-layout-flex wp-container-core-columns-is-layout-9d6595d7 wp-block-columns-is-layout-flex\">\n<div class=\"wp-block-column is-layout-flow wp-block-column-is-layout-flow\" style=\"flex-basis:50%\">\n<h3 class=\"wp-block-heading\">Caract\u00e9ristiques des plats de cuisson haut de gamme vendus en gros :<\/h3>\n\n\n\n<ol class=\"wp-block-list\">\n<li>Personnalisation sur mesure : nous proposons des services de personnalisation pour les plats de cuisson vendus en gros. Les clients peuvent choisir la taille, la couleur, la forme et le motif en fonction de leurs propres besoins afin de cr\u00e9er un petit plat de cuisson en c\u00e9ramique unique.<\/li>\n\n\n\n<li>Mat\u00e9riau de haute qualit\u00e9 : Fabriqu\u00e9s \u00e0 partir d'un mat\u00e9riau c\u00e9ramique de haute qualit\u00e9, nos plats de cuisson en c\u00e9ramique vendus en gros garantissent une r\u00e9sistance aux temp\u00e9ratures \u00e9lev\u00e9es, une durabilit\u00e9 et une s\u00e9curit\u00e9 alimentaire, permettant ainsi de cuisiner en toute s\u00e9curit\u00e9 dans ces petits plats de cuisson en c\u00e9ramique.<\/li>\n\n\n\n<li>Utilisation polyvalente : nos petits plats de cuisson vendus en gros ne conviennent pas seulement \u00e0 la cuisson de desserts, mais peuvent \u00e9galement \u00eatre utilis\u00e9s pour pr\u00e9parer de petits g\u00e2teaux, des accompagnements, des confitures et bien d'autres choses encore, afin de r\u00e9pondre \u00e0 une grande vari\u00e9t\u00e9 de besoins.<\/li>\n\n\n\n<li>Remises pour les grossistes : en tant que grossiste, nous proposons des prix de gros comp\u00e9titifs afin d'offrir des marges b\u00e9n\u00e9ficiaires plus importantes \u00e0 nos clients.<\/li>\n<\/ol>\n<\/div>\n\n\n\n<div class=\"wp-block-column is-layout-flow wp-block-column-is-layout-flow\" style=\"flex-basis:50%\">\n<figure class=\"wp-block-image size-full\"><img fetchpriority=\"high\" decoding=\"async\" width=\"1122\" height=\"1122\" src=\"https:\/\/jinhuaceramic.com\/wp-content\/uploads\/2024\/04\/ceramic-manufacturer-wholesale-bakeware-custom-baking-dish-baking-ramekins-2.webp\" alt=\"Coupes \u00e0 p\u00e2tisserie en c\u00e9ramique sur mesure - vente en gros - Ramekins\" class=\"wp-image-3525\" srcset=\"https:\/\/jinhuaceramic.com\/wp-content\/uploads\/2024\/04\/ceramic-manufacturer-wholesale-bakeware-custom-baking-dish-baking-ramekins-2.webp 1122w, https:\/\/jinhuaceramic.com\/wp-content\/uploads\/2024\/04\/ceramic-manufacturer-wholesale-bakeware-custom-baking-dish-baking-ramekins-2-300x300.webp 300w, https:\/\/jinhuaceramic.com\/wp-content\/uploads\/2024\/04\/ceramic-manufacturer-wholesale-bakeware-custom-baking-dish-baking-ramekins-2-150x150.webp 150w, https:\/\/jinhuaceramic.com\/wp-content\/uploads\/2024\/04\/ceramic-manufacturer-wholesale-bakeware-custom-baking-dish-baking-ramekins-2-768x768.webp 768w, https:\/\/jinhuaceramic.com\/wp-content\/uploads\/2024\/04\/ceramic-manufacturer-wholesale-bakeware-custom-baking-dish-baking-ramekins-2-285x285.webp 285w, https:\/\/jinhuaceramic.com\/wp-content\/uploads\/2024\/04\/ceramic-manufacturer-wholesale-bakeware-custom-baking-dish-baking-ramekins-2-270x270.webp 270w, https:\/\/jinhuaceramic.com\/wp-content\/uploads\/2024\/04\/ceramic-manufacturer-wholesale-bakeware-custom-baking-dish-baking-ramekins-2-540x540.webp 540w, https:\/\/jinhuaceramic.com\/wp-content\/uploads\/2024\/04\/ceramic-manufacturer-wholesale-bakeware-custom-baking-dish-baking-ramekins-2-660x660.webp 660w\" sizes=\"(max-width: 1122px) 100vw, 1122px\" \/><\/figure>\n<\/div>\n<\/div>","protected":false},"excerpt":{"rendered":"<p>Nous vendons en gros et sur mesure des plats de cuisson en c\u00e9ramique. Nos petits plats de cuisson vendus en gros peuvent \u00eatre personnalis\u00e9s, sont fabriqu\u00e9s \u00e0 partir de mat\u00e9riaux de haute qualit\u00e9, ont des usages multiples et b\u00e9n\u00e9ficient de remises sur les achats en gros. Ils offrent ainsi aux clients la solution de cuisson id\u00e9ale pour les aider \u00e0 r\u00e9aliser leurs cr\u00e9ations culinaires et \u00e0 r\u00e9ussir dans leur activit\u00e9.<\/p>","protected":false},"featured_media":3525,"comment_status":"closed","ping_status":"closed","template":"","meta":{"_acf_changed":false},"product_brand":[],"product_cat":[53],"product_tag":[69],"class_list":{"0":"post-3521","1":"product","2":"type-product","3":"status-publish","4":"has-post-thumbnail","6":"product_cat-bakeware-in-bulk","7":"product_tag-bulk-ramekins","9":"first","10":"instock","11":"shipping-taxable","12":"product-type-simple"},"acf":[],"_links":{"self":[{"href":"https:\/\/jinhuaceramic.com\/fr\/wp-json\/wp\/v2\/product\/3521","targetHints":{"allow":["GET"]}}],"collection":[{"href":"https:\/\/jinhuaceramic.com\/fr\/wp-json\/wp\/v2\/product"}],"about":[{"href":"https:\/\/jinhuaceramic.com\/fr\/wp-json\/wp\/v2\/types\/product"}],"replies":[{"embeddable":true,"href":"https:\/\/jinhuaceramic.com\/fr\/wp-json\/wp\/v2\/comments?post=3521"}],"version-history":[{"count":0,"href":"https:\/\/jinhuaceramic.com\/fr\/wp-json\/wp\/v2\/product\/3521\/revisions"}],"wp:featuredmedia":[{"embeddable":true,"href":"https:\/\/jinhuaceramic.com\/fr\/wp-json\/wp\/v2\/media\/3525"}],"wp:attachment":[{"href":"https:\/\/jinhuaceramic.com\/fr\/wp-json\/wp\/v2\/media?parent=3521"}],"wp:term":[{"taxonomy":"product_brand","embeddable":true,"href":"https:\/\/jinhuaceramic.com\/fr\/wp-json\/wp\/v2\/product_brand?post=3521"},{"taxonomy":"product_cat","embeddable":true,"href":"https:\/\/jinhuaceramic.com\/fr\/wp-json\/wp\/v2\/product_cat?post=3521"},{"taxonomy":"product_tag","embeddable":true,"href":"https:\/\/jinhuaceramic.com\/fr\/wp-json\/wp\/v2\/product_tag?post=3521"}],"curies":[{"name":"wp","href":"https:\/\/api.w.org\/{rel}","templated":true}]}}