{"id":3530,"date":"2024-04-11T09:40:09","date_gmt":"2024-04-11T09:40:09","guid":{"rendered":"https:\/\/jinhuaceramic.com\/?post_type=product&#038;p=3530"},"modified":"2025-04-21T02:53:25","modified_gmt":"2025-04-21T02:53:25","slug":"factory-direct-ceramic-baking-pan","status":"publish","type":"product","link":"https:\/\/jinhuaceramic.com\/fr\/product\/factory-direct-ceramic-baking-pan\/","title":{"rendered":"Plaques de cuisson en c\u00e9ramique en vente directe \u00e0 l'usine Wholesale, Custom Bakeware"},"content":{"rendered":"<div class=\"wp-block-columns is-layout-flex wp-container-core-columns-is-layout-9d6595d7 wp-block-columns-is-layout-flex\">\n<div class=\"wp-block-column is-layout-flow wp-block-column-is-layout-flow\" style=\"flex-basis:50%\">\n<h3 class=\"wp-block-heading\">Plaques de cuisson en c\u00e9ramique de premi\u00e8re qualit\u00e9 Caract\u00e9ristiques en gros :<\/h3>\n\n\n\n<ul class=\"wp-block-list\">\n<li><strong>Un design dynamique : <\/strong>Ces moules \u00e0 p\u00e2tisserie en c\u00e9ramique sont de couleur jaune vif avec des motifs blancs. Les tons vifs ajoutent de la vitalit\u00e9 et du plaisir \u00e0 la cuisine et \u00e0 la table \u00e0 manger. C'est le choix id\u00e9al pour la cuisine \u00e0 domicile et l'organisation de f\u00eates. Il est \u00e0 la fois beau et pratique.<\/li>\n\n\n\n<li><strong>Polyvalent : <\/strong>Cet ustensile de cuisson polyvalent convient aussi bien aux g\u00e2teaux et aux desserts qu'aux l\u00e9gumes et aux r\u00f4tis de viande. Il permet aux utilisateurs de pr\u00e9parer une pl\u00e9thore de d\u00e9lices alimentaires riches en vari\u00e9t\u00e9, convenant aux cuisines domestiques et commerciales.<\/li>\n\n\n\n<li><strong>Mat\u00e9riau r\u00e9sistant aux hautes temp\u00e9ratures : <\/strong>Nos moules \u00e0 p\u00e2tisserie en c\u00e9ramique de haute qualit\u00e9 sont fabriqu\u00e9s \u00e0 partir d'un excellent mat\u00e9riau r\u00e9sistant aux temp\u00e9ratures \u00e9lev\u00e9es, garantissant un chauffage homog\u00e8ne au four et au micro-ondes et permettant aux aliments de conserver un go\u00fbt et une texture parfaits lors de la cuisson.<\/li>\n\n\n\n<li><strong>Soutenir la personnalisation pour r\u00e9pondre aux besoins individuels : <\/strong>Outre son design \u00e9clatant, ce moule \u00e0 p\u00e2tisserie personnalis\u00e9 permet aux clients de choisir diff\u00e9rentes tailles en fonction de leurs besoins ou de s\u00e9lectionner des motifs pour cr\u00e9er des ustensiles de cuisson uniques, conf\u00e9rant ainsi un style personnalis\u00e9 aux marques ou aux cuisines des particuliers.<\/li>\n<\/ul>\n<\/div>\n\n\n\n<div class=\"wp-block-column is-layout-flow wp-block-column-is-layout-flow\" style=\"flex-basis:50%\">\n<figure class=\"wp-block-image size-full\"><img fetchpriority=\"high\" decoding=\"async\" width=\"750\" height=\"750\" src=\"https:\/\/jinhuaceramic.com\/wp-content\/uploads\/2024\/04\/ceramic-manufacturer-wholesale-bakeware-custom-baking-dish-5.webp\" alt=\"Plaques de cuisson en c\u00e9ramique Factory Direct Wholesale, Custom Bakeware-1\" class=\"wp-image-3535\" srcset=\"https:\/\/jinhuaceramic.com\/wp-content\/uploads\/2024\/04\/ceramic-manufacturer-wholesale-bakeware-custom-baking-dish-5.webp 750w, https:\/\/jinhuaceramic.com\/wp-content\/uploads\/2024\/04\/ceramic-manufacturer-wholesale-bakeware-custom-baking-dish-5-300x300.webp 300w, https:\/\/jinhuaceramic.com\/wp-content\/uploads\/2024\/04\/ceramic-manufacturer-wholesale-bakeware-custom-baking-dish-5-150x150.webp 150w, https:\/\/jinhuaceramic.com\/wp-content\/uploads\/2024\/04\/ceramic-manufacturer-wholesale-bakeware-custom-baking-dish-5-285x285.webp 285w, https:\/\/jinhuaceramic.com\/wp-content\/uploads\/2024\/04\/ceramic-manufacturer-wholesale-bakeware-custom-baking-dish-5-270x270.webp 270w, https:\/\/jinhuaceramic.com\/wp-content\/uploads\/2024\/04\/ceramic-manufacturer-wholesale-bakeware-custom-baking-dish-5-540x540.webp 540w, https:\/\/jinhuaceramic.com\/wp-content\/uploads\/2024\/04\/ceramic-manufacturer-wholesale-bakeware-custom-baking-dish-5-660x660.webp 660w\" sizes=\"(max-width: 750px) 100vw, 750px\" \/><\/figure>\n<\/div>\n<\/div>\n\n\n\n<p><\/p>","protected":false},"excerpt":{"rendered":"<p>Bienvenue dans l'achat d'ustensiles de cuisson personnalis\u00e9s. Ces moules en c\u00e9ramique jaune vif s'adaptent aux diff\u00e9rentes exigences de la cuisine. L'excellente c\u00e9ramique assure un chauffage uniforme dans le four et le micro-ondes au plat de cuisson et permet un design personnalis\u00e9 selon la demande du client. Une option parfaite pour cuisiner dans votre cuisine et exposer sur votre table.<\/p>","protected":false},"featured_media":3536,"comment_status":"closed","ping_status":"closed","template":"","meta":{"_acf_changed":false},"product_brand":[],"product_cat":[53],"product_tag":[71],"class_list":{"0":"post-3530","1":"product","2":"type-product","3":"status-publish","4":"has-post-thumbnail","6":"product_cat-bakeware-in-bulk","7":"product_tag-wholesale-baking-pans","9":"first","10":"instock","11":"shipping-taxable","12":"product-type-simple"},"acf":[],"_links":{"self":[{"href":"https:\/\/jinhuaceramic.com\/fr\/wp-json\/wp\/v2\/product\/3530","targetHints":{"allow":["GET"]}}],"collection":[{"href":"https:\/\/jinhuaceramic.com\/fr\/wp-json\/wp\/v2\/product"}],"about":[{"href":"https:\/\/jinhuaceramic.com\/fr\/wp-json\/wp\/v2\/types\/product"}],"replies":[{"embeddable":true,"href":"https:\/\/jinhuaceramic.com\/fr\/wp-json\/wp\/v2\/comments?post=3530"}],"version-history":[{"count":0,"href":"https:\/\/jinhuaceramic.com\/fr\/wp-json\/wp\/v2\/product\/3530\/revisions"}],"wp:featuredmedia":[{"embeddable":true,"href":"https:\/\/jinhuaceramic.com\/fr\/wp-json\/wp\/v2\/media\/3536"}],"wp:attachment":[{"href":"https:\/\/jinhuaceramic.com\/fr\/wp-json\/wp\/v2\/media?parent=3530"}],"wp:term":[{"taxonomy":"product_brand","embeddable":true,"href":"https:\/\/jinhuaceramic.com\/fr\/wp-json\/wp\/v2\/product_brand?post=3530"},{"taxonomy":"product_cat","embeddable":true,"href":"https:\/\/jinhuaceramic.com\/fr\/wp-json\/wp\/v2\/product_cat?post=3530"},{"taxonomy":"product_tag","embeddable":true,"href":"https:\/\/jinhuaceramic.com\/fr\/wp-json\/wp\/v2\/product_tag?post=3530"}],"curies":[{"name":"wp","href":"https:\/\/api.w.org\/{rel}","templated":true}]}}