{"id":3539,"date":"2024-04-11T09:54:15","date_gmt":"2024-04-11T09:54:15","guid":{"rendered":"https:\/\/jinhuaceramic.com\/?post_type=product&#038;p=3539"},"modified":"2025-04-21T02:54:22","modified_gmt":"2025-04-21T02:54:22","slug":"wholesale-baking-dish-set","status":"publish","type":"product","link":"https:\/\/jinhuaceramic.com\/fr\/product\/wholesale-baking-dish-set\/","title":{"rendered":"Set de plats de cuisson en gros, plats de cuisson sur mesure en vrac"},"content":{"rendered":"<div class=\"wp-block-columns is-layout-flex wp-container-core-columns-is-layout-9d6595d7 wp-block-columns-is-layout-flex\">\n<div class=\"wp-block-column is-layout-flow wp-block-column-is-layout-flow\" style=\"flex-basis:50%\">\n<h3 class=\"wp-block-heading\">Premium Wholesale Baking Dish Set Caract\u00e9ristiques :<\/h3>\n\n\n\n<ul class=\"wp-block-list\">\n<li><strong>Design \u00e9l\u00e9gant : <\/strong>Cet ensemble de plats de cuisson en gros adopte un fond bleu fonc\u00e9 \u00e9l\u00e9gant avec des motifs blancs exquis. Il est non seulement classique et beau, mais il ajoute \u00e9galement un effet visuel noble. C'est une pi\u00e8ce ma\u00eetresse sur la table \u00e0 manger et dans la cuisine, qui peut am\u00e9liorer l'exp\u00e9rience globale du repas.<\/li>\n\n\n\n<li><strong>Plusieurs options de taille pour r\u00e9pondre \u00e0 diff\u00e9rents besoins de cuisson : <\/strong>Nos moules \u00e0 p\u00e2tisserie sur mesure sont disponibles dans une grande vari\u00e9t\u00e9 de tailles, adapt\u00e9es \u00e0 la cuisson d'aliments de diff\u00e9rentes tailles, des desserts aux plats principaux. Qu'il s'agisse d'une r\u00e9union de famille ou d'un grand banquet, vous trouverez la bonne taille pour une plus grande libert\u00e9 de cuisson.<\/li>\n\n\n\n<li><strong>Mat\u00e9riau c\u00e9ramique de haute qualit\u00e9, r\u00e9sistance aux temp\u00e9ratures \u00e9lev\u00e9es et chauffage uniforme : <\/strong>Cet ensemble de plats de cuisson en gros est fabriqu\u00e9 en c\u00e9ramique de haute qualit\u00e9 et pr\u00e9sente une excellente r\u00e9sistance \u00e0 la chaleur. Il convient \u00e0 une vari\u00e9t\u00e9 d'\u00e9quipements de cuisson tels que les fours \u00e0 micro-ondes et les fours pour s'assurer que les aliments sont chauff\u00e9s uniform\u00e9ment pendant le processus de cuisson et am\u00e9liorer l'effet de cuisson.<\/li>\n\n\n\n<li><strong>Service sur mesure pour cr\u00e9er un design unique :<\/strong> Nos moules \u00e0 p\u00e2tisserie sur mesure permettent aux clients de choisir diff\u00e9rentes tailles, motifs et d\u00e9tails en fonction de leurs besoins afin de cr\u00e9er un ensemble de moules \u00e0 p\u00e2tisserie unique pour r\u00e9pondre aux besoins personnalis\u00e9s des familles, des restaurants ou des marques.<\/li>\n<\/ul>\n<\/div>\n\n\n\n<div class=\"wp-block-column is-layout-flow wp-block-column-is-layout-flow\" style=\"flex-basis:50%\">\n<figure class=\"wp-block-image size-full\"><img fetchpriority=\"high\" decoding=\"async\" width=\"750\" height=\"750\" src=\"https:\/\/jinhuaceramic.com\/wp-content\/uploads\/2024\/04\/custom-baking-dish-set-wholesale-ceramic-bakeware-1.webp\" alt=\"Set de plats de cuisson en gros, plats de cuisson sur mesure Bulk-1\" class=\"wp-image-3540\" srcset=\"https:\/\/jinhuaceramic.com\/wp-content\/uploads\/2024\/04\/custom-baking-dish-set-wholesale-ceramic-bakeware-1.webp 750w, https:\/\/jinhuaceramic.com\/wp-content\/uploads\/2024\/04\/custom-baking-dish-set-wholesale-ceramic-bakeware-1-300x300.webp 300w, https:\/\/jinhuaceramic.com\/wp-content\/uploads\/2024\/04\/custom-baking-dish-set-wholesale-ceramic-bakeware-1-150x150.webp 150w, https:\/\/jinhuaceramic.com\/wp-content\/uploads\/2024\/04\/custom-baking-dish-set-wholesale-ceramic-bakeware-1-285x285.webp 285w, https:\/\/jinhuaceramic.com\/wp-content\/uploads\/2024\/04\/custom-baking-dish-set-wholesale-ceramic-bakeware-1-270x270.webp 270w, https:\/\/jinhuaceramic.com\/wp-content\/uploads\/2024\/04\/custom-baking-dish-set-wholesale-ceramic-bakeware-1-540x540.webp 540w, https:\/\/jinhuaceramic.com\/wp-content\/uploads\/2024\/04\/custom-baking-dish-set-wholesale-ceramic-bakeware-1-660x660.webp 660w\" sizes=\"(max-width: 750px) 100vw, 750px\" \/><\/figure>\n<\/div>\n<\/div>","protected":false},"excerpt":{"rendered":"<p>Bienvenue dans l'achat en gros d'un ensemble de plats de cuisson. Cet \u00e9l\u00e9gant plat de cuisson personnalis\u00e9 est d\u00e9cor\u00e9 de motifs exquis et est disponible dans une vari\u00e9t\u00e9 de tailles pour r\u00e9pondre \u00e0 diff\u00e9rents besoins de cuisson. La c\u00e9ramique de haute qualit\u00e9 assure un chauffage uniforme, convient au micro-ondes et au four, supporte le service de personnalisation, combine parfaitement la praticit\u00e9 et la beaut\u00e9, et constitue un choix id\u00e9al pour la cuisine et la table \u00e0 manger.<\/p>","protected":false},"featured_media":3544,"comment_status":"closed","ping_status":"closed","template":"","meta":{"_acf_changed":false},"product_brand":[],"product_cat":[53],"product_tag":[71],"class_list":{"0":"post-3539","1":"product","2":"type-product","3":"status-publish","4":"has-post-thumbnail","6":"product_cat-bakeware-in-bulk","7":"product_tag-wholesale-baking-pans","9":"first","10":"instock","11":"shipping-taxable","12":"product-type-simple"},"acf":[],"_links":{"self":[{"href":"https:\/\/jinhuaceramic.com\/fr\/wp-json\/wp\/v2\/product\/3539","targetHints":{"allow":["GET"]}}],"collection":[{"href":"https:\/\/jinhuaceramic.com\/fr\/wp-json\/wp\/v2\/product"}],"about":[{"href":"https:\/\/jinhuaceramic.com\/fr\/wp-json\/wp\/v2\/types\/product"}],"replies":[{"embeddable":true,"href":"https:\/\/jinhuaceramic.com\/fr\/wp-json\/wp\/v2\/comments?post=3539"}],"version-history":[{"count":0,"href":"https:\/\/jinhuaceramic.com\/fr\/wp-json\/wp\/v2\/product\/3539\/revisions"}],"wp:featuredmedia":[{"embeddable":true,"href":"https:\/\/jinhuaceramic.com\/fr\/wp-json\/wp\/v2\/media\/3544"}],"wp:attachment":[{"href":"https:\/\/jinhuaceramic.com\/fr\/wp-json\/wp\/v2\/media?parent=3539"}],"wp:term":[{"taxonomy":"product_brand","embeddable":true,"href":"https:\/\/jinhuaceramic.com\/fr\/wp-json\/wp\/v2\/product_brand?post=3539"},{"taxonomy":"product_cat","embeddable":true,"href":"https:\/\/jinhuaceramic.com\/fr\/wp-json\/wp\/v2\/product_cat?post=3539"},{"taxonomy":"product_tag","embeddable":true,"href":"https:\/\/jinhuaceramic.com\/fr\/wp-json\/wp\/v2\/product_tag?post=3539"}],"curies":[{"name":"wp","href":"https:\/\/api.w.org\/{rel}","templated":true}]}}