{"id":3550,"date":"2024-04-12T00:41:41","date_gmt":"2024-04-12T00:41:41","guid":{"rendered":"https:\/\/jinhuaceramic.com\/?post_type=product&#038;p=3550"},"modified":"2025-04-21T03:01:47","modified_gmt":"2025-04-21T03:01:47","slug":"wholesale-ceramic-bowls-set","status":"publish","type":"product","link":"https:\/\/jinhuaceramic.com\/fr\/product\/wholesale-ceramic-bowls-set\/","title":{"rendered":"Set de bols en c\u00e9ramique exquis en gros, bols \u00e0 soupe en vrac"},"content":{"rendered":"<div class=\"wp-block-columns is-layout-flex wp-container-core-columns-is-layout-9d6595d7 wp-block-columns-is-layout-flex\">\n<div class=\"wp-block-column is-layout-flow wp-block-column-is-layout-flow\" style=\"flex-basis:50%\">\n<h3 class=\"wp-block-heading\">Ensemble de bols en c\u00e9ramique de premi\u00e8re qualit\u00e9 en gros Caract\u00e9ristiques :<\/h3>\n\n\n\n<ul class=\"wp-block-list\">\n<li><strong>Design classique et tons \u00e9l\u00e9gants :<\/strong> Notre set de bols en c\u00e9ramique en gros pr\u00e9sente une combinaison classique de rayures blanc cass\u00e9 et bleues, ce qui conf\u00e8re aux bols un style simple mais \u00e9l\u00e9gant. Les rayures bleues sont d\u00e9licates et douces, se mariant parfaitement avec le ton blanc cass\u00e9, convenant \u00e0 une vari\u00e9t\u00e9 de styles de table.<\/li>\n\n\n\n<li><strong>Trois tailles pour des besoins diff\u00e9rents : <\/strong>Ce set de bols \u00e0 soupe en vrac comprend trois tailles pour r\u00e9pondre \u00e0 vos diff\u00e9rents besoins en mati\u00e8re de restauration. Qu'ils soient utilis\u00e9s comme bol \u00e0 soupe, bol \u00e0 riz ou bol \u00e0 salade, ils s'adapteront aux diff\u00e9rents besoins des familles et des restaurants. Cette conception multi-taille est pratique et offre plus de possibilit\u00e9s pour la disposition de la table.<\/li>\n\n\n\n<li><strong>Mat\u00e9riau s\u00fbr et durable : <\/strong>Nos bols en c\u00e9ramique sont fabriqu\u00e9s en c\u00e9ramique de haute qualit\u00e9, solide et durable. Gr\u00e2ce \u00e0 la cuisson \u00e0 haute temp\u00e9rature, il r\u00e9siste aux fissures et \u00e0 l'usure. Par ailleurs, le mat\u00e9riau est inoffensif et sans danger pour l'environnement. M\u00eame si vous les utilisez fr\u00e9quemment, ils peuvent \u00eatre aussi brillants et propres qu'\u00e0 l'\u00e9tat neuf pour garantir une exp\u00e9rience culinaire plus saine.<\/li>\n\n\n\n<li><strong>Approvisionnement en vrac et services personnalis\u00e9s : <\/strong>Cet ensemble de bols \u00e0 soupe en vrac peut \u00eatre fourni en vrac et convient \u00e0 l'industrie de la restauration et aux h\u00f4tels. Par ailleurs, nous offrons des services flexibles de personnalisation des logos de marque et des styles d'emballage qui peuvent \u00eatre personnalis\u00e9s pour cr\u00e9er des produits uniques et exclusifs pour les clients et ainsi augmenter la valeur de la marque.<\/li>\n<\/ul>\n<\/div>\n\n\n\n<div class=\"wp-block-column is-layout-flow wp-block-column-is-layout-flow\" style=\"flex-basis:50%\">\n<figure class=\"wp-block-image size-full\"><img fetchpriority=\"high\" decoding=\"async\" width=\"640\" height=\"640\" src=\"https:\/\/jinhuaceramic.com\/wp-content\/uploads\/2024\/04\/custom-ceramic-bowls-wholesale-tableware-2.webp\" alt=\"exquisite-wholesale-ceramic-bowls-set-3-piece-bowl-set\" class=\"wp-image-3552\" srcset=\"https:\/\/jinhuaceramic.com\/wp-content\/uploads\/2024\/04\/custom-ceramic-bowls-wholesale-tableware-2.webp 640w, https:\/\/jinhuaceramic.com\/wp-content\/uploads\/2024\/04\/custom-ceramic-bowls-wholesale-tableware-2-300x300.webp 300w, https:\/\/jinhuaceramic.com\/wp-content\/uploads\/2024\/04\/custom-ceramic-bowls-wholesale-tableware-2-150x150.webp 150w, https:\/\/jinhuaceramic.com\/wp-content\/uploads\/2024\/04\/custom-ceramic-bowls-wholesale-tableware-2-285x285.webp 285w, https:\/\/jinhuaceramic.com\/wp-content\/uploads\/2024\/04\/custom-ceramic-bowls-wholesale-tableware-2-270x270.webp 270w, https:\/\/jinhuaceramic.com\/wp-content\/uploads\/2024\/04\/custom-ceramic-bowls-wholesale-tableware-2-540x540.webp 540w\" sizes=\"(max-width: 640px) 100vw, 640px\" \/><\/figure>\n<\/div>\n<\/div>","protected":false},"excerpt":{"rendered":"<p>Bienvenue dans l'achat de bols \u00e0 soupe en gros. Nos bols en c\u00e9ramique blancs \u00e0 rayures bleues ont un design \u00e9l\u00e9gant et classique avec une texture de haute qualit\u00e9. Il est disponible en trois tailles pour r\u00e9pondre aux besoins des diff\u00e9rents types de repas.<\/p>","protected":false},"featured_media":3553,"comment_status":"closed","ping_status":"closed","template":"","meta":{"_acf_changed":false},"product_brand":[],"product_cat":[54,85],"product_tag":[78],"class_list":{"0":"post-3550","1":"product","2":"type-product","3":"status-publish","4":"has-post-thumbnail","6":"product_cat-tableware-wholesale","7":"product_cat-wholesale-ceramic-bowls","8":"product_tag-bulk-ceramic-bowls","10":"first","11":"instock","12":"shipping-taxable","13":"product-type-simple"},"acf":[],"_links":{"self":[{"href":"https:\/\/jinhuaceramic.com\/fr\/wp-json\/wp\/v2\/product\/3550","targetHints":{"allow":["GET"]}}],"collection":[{"href":"https:\/\/jinhuaceramic.com\/fr\/wp-json\/wp\/v2\/product"}],"about":[{"href":"https:\/\/jinhuaceramic.com\/fr\/wp-json\/wp\/v2\/types\/product"}],"replies":[{"embeddable":true,"href":"https:\/\/jinhuaceramic.com\/fr\/wp-json\/wp\/v2\/comments?post=3550"}],"version-history":[{"count":0,"href":"https:\/\/jinhuaceramic.com\/fr\/wp-json\/wp\/v2\/product\/3550\/revisions"}],"wp:featuredmedia":[{"embeddable":true,"href":"https:\/\/jinhuaceramic.com\/fr\/wp-json\/wp\/v2\/media\/3553"}],"wp:attachment":[{"href":"https:\/\/jinhuaceramic.com\/fr\/wp-json\/wp\/v2\/media?parent=3550"}],"wp:term":[{"taxonomy":"product_brand","embeddable":true,"href":"https:\/\/jinhuaceramic.com\/fr\/wp-json\/wp\/v2\/product_brand?post=3550"},{"taxonomy":"product_cat","embeddable":true,"href":"https:\/\/jinhuaceramic.com\/fr\/wp-json\/wp\/v2\/product_cat?post=3550"},{"taxonomy":"product_tag","embeddable":true,"href":"https:\/\/jinhuaceramic.com\/fr\/wp-json\/wp\/v2\/product_tag?post=3550"}],"curies":[{"name":"wp","href":"https:\/\/api.w.org\/{rel}","templated":true}]}}