{"id":3558,"date":"2024-04-12T00:57:58","date_gmt":"2024-04-12T00:57:58","guid":{"rendered":"https:\/\/jinhuaceramic.com\/?post_type=product&#038;p=3558"},"modified":"2025-04-21T03:02:39","modified_gmt":"2025-04-21T03:02:39","slug":"wholesale-large-ceramic-bowls","status":"publish","type":"product","link":"https:\/\/jinhuaceramic.com\/fr\/product\/wholesale-large-ceramic-bowls\/","title":{"rendered":"Wholesale Large Ceramic Bowls (bols en c\u00e9ramique) Ceramic Dinnerware With Modern Design (vaisselle en c\u00e9ramique au design moderne)"},"content":{"rendered":"<div class=\"wp-block-columns is-layout-flex wp-container-core-columns-is-layout-9d6595d7 wp-block-columns-is-layout-flex\">\n<div class=\"wp-block-column is-layout-flow wp-block-column-is-layout-flow\" style=\"flex-basis:50%\">\n<h3 class=\"wp-block-heading\">Grands bols en c\u00e9ramique de qualit\u00e9 sup\u00e9rieure Caract\u00e9ristiques :<\/h3>\n\n\n\n<ol class=\"wp-block-list\">\n<li>Capacit\u00e9 g\u00e9n\u00e9reuse : Nos grands bols en c\u00e9ramique sont con\u00e7us pour accueillir de grandes quantit\u00e9s de nourriture, ce qui les rend parfaits pour les restaurants, les \u00e9v\u00e9nements de restauration et les r\u00e9ceptions \u00e0 domicile. Leur int\u00e9rieur spacieux permet une utilisation polyvalente, qu'il s'agisse de servir des salades et des plats de p\u00e2tes ou de pr\u00e9senter des fruits frais ou des en-cas.<\/li>\n\n\n\n<li>Esth\u00e9tique contemporaine : D'un design moderne, ces grands bols en c\u00e9ramique ajoutent une touche de sophistication \u00e0 tout d\u00e9cor de table. Avec leurs lignes \u00e9pur\u00e9es et leur esth\u00e9tique minimaliste, ils s'int\u00e8grent sans effort \u00e0 un large \u00e9ventail de styles culinaires et de th\u00e8mes de d\u00e9coration int\u00e9rieure, am\u00e9liorant ainsi l'exp\u00e9rience culinaire des invit\u00e9s et des h\u00f4tes.<\/li>\n\n\n\n<li>Haute qualit\u00e9 : Fabriqu\u00e9e \u00e0 partir de mat\u00e9riaux c\u00e9ramiques de premi\u00e8re qualit\u00e9, notre vaisselle est con\u00e7ue pour durer. La construction durable garantit une durabilit\u00e9 \u00e0 long terme, r\u00e9sistant aux \u00e9br\u00e9chures, aux rayures et \u00e0 la d\u00e9coloration, m\u00eame en cas d'utilisation fr\u00e9quente dans des environnements commerciaux.<\/li>\n\n\n\n<li>Fonctionnalit\u00e9 polyvalente : Qu'il s'agisse d'un repas d\u00e9contract\u00e9 ou d'une occasion formelle, nos grands bols en c\u00e9ramique sont polyvalents. Ils passent au four \u00e0 micro-ondes et au lave-vaisselle, ce qui est pratique pour les cuisines occup\u00e9es et facilite le nettoyage.<\/li>\n<\/ol>\n<\/div>\n\n\n\n<div class=\"wp-block-column is-layout-flow wp-block-column-is-layout-flow\" style=\"flex-basis:50%\">\n<figure class=\"wp-block-image size-full\"><img fetchpriority=\"high\" decoding=\"async\" width=\"1200\" height=\"1500\" src=\"https:\/\/jinhuaceramic.com\/wp-content\/uploads\/2024\/04\/wholesale-ceramic-bowls-custom-tableware-2.webp\" alt=\"bols en c\u00e9ramique en gros - vaisselle sur mesure - 2\" class=\"wp-image-3560\" srcset=\"https:\/\/jinhuaceramic.com\/wp-content\/uploads\/2024\/04\/wholesale-ceramic-bowls-custom-tableware-2.webp 1200w, https:\/\/jinhuaceramic.com\/wp-content\/uploads\/2024\/04\/wholesale-ceramic-bowls-custom-tableware-2-240x300.webp 240w, https:\/\/jinhuaceramic.com\/wp-content\/uploads\/2024\/04\/wholesale-ceramic-bowls-custom-tableware-2-768x960.webp 768w, https:\/\/jinhuaceramic.com\/wp-content\/uploads\/2024\/04\/wholesale-ceramic-bowls-custom-tableware-2-285x356.webp 285w, https:\/\/jinhuaceramic.com\/wp-content\/uploads\/2024\/04\/wholesale-ceramic-bowls-custom-tableware-2-528x660.webp 528w, https:\/\/jinhuaceramic.com\/wp-content\/uploads\/2024\/04\/wholesale-ceramic-bowls-custom-tableware-2-120x150.webp 120w\" sizes=\"(max-width: 1200px) 100vw, 1200px\" \/><\/figure>\n<\/div>\n<\/div>","protected":false},"excerpt":{"rendered":"<p>Bienvenue \u00e0 l'achat en vrac et \u00e0 la personnalisation de bols en c\u00e9ramique de toutes tailles. Nos grands bols en c\u00e9ramique au design moderne combinent une capacit\u00e9 g\u00e9n\u00e9reuse, une esth\u00e9tique contemporaine, une construction de haute qualit\u00e9 et une fonctionnalit\u00e9 polyvalente, ce qui en fait un choix id\u00e9al pour les entreprises \u00e0 la recherche de solutions de vaisselle \u00e9l\u00e9gantes et fiables.<\/p>","protected":false},"featured_media":3563,"comment_status":"closed","ping_status":"closed","template":"","meta":{"_acf_changed":false},"product_brand":[],"product_cat":[54,85],"product_tag":[78],"class_list":{"0":"post-3558","1":"product","2":"type-product","3":"status-publish","4":"has-post-thumbnail","6":"product_cat-tableware-wholesale","7":"product_cat-wholesale-ceramic-bowls","8":"product_tag-bulk-ceramic-bowls","10":"first","11":"instock","12":"shipping-taxable","13":"product-type-simple"},"acf":[],"_links":{"self":[{"href":"https:\/\/jinhuaceramic.com\/fr\/wp-json\/wp\/v2\/product\/3558","targetHints":{"allow":["GET"]}}],"collection":[{"href":"https:\/\/jinhuaceramic.com\/fr\/wp-json\/wp\/v2\/product"}],"about":[{"href":"https:\/\/jinhuaceramic.com\/fr\/wp-json\/wp\/v2\/types\/product"}],"replies":[{"embeddable":true,"href":"https:\/\/jinhuaceramic.com\/fr\/wp-json\/wp\/v2\/comments?post=3558"}],"version-history":[{"count":0,"href":"https:\/\/jinhuaceramic.com\/fr\/wp-json\/wp\/v2\/product\/3558\/revisions"}],"wp:featuredmedia":[{"embeddable":true,"href":"https:\/\/jinhuaceramic.com\/fr\/wp-json\/wp\/v2\/media\/3563"}],"wp:attachment":[{"href":"https:\/\/jinhuaceramic.com\/fr\/wp-json\/wp\/v2\/media?parent=3558"}],"wp:term":[{"taxonomy":"product_brand","embeddable":true,"href":"https:\/\/jinhuaceramic.com\/fr\/wp-json\/wp\/v2\/product_brand?post=3558"},{"taxonomy":"product_cat","embeddable":true,"href":"https:\/\/jinhuaceramic.com\/fr\/wp-json\/wp\/v2\/product_cat?post=3558"},{"taxonomy":"product_tag","embeddable":true,"href":"https:\/\/jinhuaceramic.com\/fr\/wp-json\/wp\/v2\/product_tag?post=3558"}],"curies":[{"name":"wp","href":"https:\/\/api.w.org\/{rel}","templated":true}]}}