{"id":3567,"date":"2024-04-12T01:07:39","date_gmt":"2024-04-12T01:07:39","guid":{"rendered":"https:\/\/jinhuaceramic.com\/?post_type=product&#038;p=3567"},"modified":"2025-04-21T03:04:57","modified_gmt":"2025-04-21T03:04:57","slug":"custom-ceramic-plates-in-bulk","status":"publish","type":"product","link":"https:\/\/jinhuaceramic.com\/fr\/product\/custom-ceramic-plates-in-bulk\/","title":{"rendered":"Assiettes en c\u00e9ramique personnalis\u00e9es en vrac, Assiettes de service ovales en gros"},"content":{"rendered":"<div class=\"wp-block-columns is-layout-flex wp-container-core-columns-is-layout-9d6595d7 wp-block-columns-is-layout-flex\">\n<div class=\"wp-block-column is-layout-flow wp-block-column-is-layout-flow\" style=\"flex-basis:50%\">\n<h3 class=\"wp-block-heading\">Plaques en c\u00e9ramique de qualit\u00e9 sup\u00e9rieure en vrac Caract\u00e9ristiques :<\/h3>\n\n\n\n<ul class=\"wp-block-list\">\n<li><strong>Un design ovale et \u00e9l\u00e9gant : <\/strong>Nos assiettes ovales en c\u00e9ramique en vrac ajoutent une touche artistique \u00e0 la table. Ce type d'assiette convient mieux aux plats principaux, aux assiettes \u00e0 salade ou aux assiettes \u00e0 partager.<\/li>\n\n\n\n<li><strong>Utilisation de mat\u00e9riaux de haute qualit\u00e9 : <\/strong>Ces assiettes de service en gros sont fabriqu\u00e9es en c\u00e9ramique de haute qualit\u00e9, qui r\u00e9siste aux temp\u00e9ratures \u00e9lev\u00e9es et \u00e0 l'abrasion ; elles sont donc tr\u00e8s durables pour une utilisation \u00e0 long terme. De plus, elles sont compatibles avec les micro-ondes, les fours et les lave-vaisselle et sont faciles \u00e0 nettoyer.<\/li>\n\n\n\n<li><strong>Application multi-sc\u00e9narios :<\/strong> Qu'elles soient utilis\u00e9es pour les tables familiales quotidiennes, les banquets d'affaires ou les restaurants haut de gamme, ces assiettes en c\u00e9ramique en vrac peuvent r\u00e9pondre aux exigences dans diff\u00e9rentes situations, en termes de service, de praticit\u00e9 et de beaut\u00e9.<\/li>\n\n\n\n<li><strong>Design unique et personnalis\u00e9 : <\/strong>Nous proposons des services de personnalisation pour les assiettes de service en gros. Nous pouvons personnaliser la taille, la couleur, le motif et le logo de la marque selon les besoins du client pour cr\u00e9er des assiettes en c\u00e9ramique exclusives, adapt\u00e9es aux restaurants, aux h\u00f4tels et \u00e0 la personnalisation de la marque.<\/li>\n<\/ul>\n<\/div>\n\n\n\n<div class=\"wp-block-column is-layout-flow wp-block-column-is-layout-flow\" style=\"flex-basis:50%\">\n<figure class=\"wp-block-image size-full\"><img fetchpriority=\"high\" decoding=\"async\" width=\"1250\" height=\"1500\" src=\"https:\/\/jinhuaceramic.com\/wp-content\/uploads\/2024\/04\/custom-ceramic-plates-wholesale-tableware-6.webp\" alt=\"Assiettes en c\u00e9ramique personnalis\u00e9es en vrac, Assiettes de service ovales en gros-1\" class=\"wp-image-3574\" srcset=\"https:\/\/jinhuaceramic.com\/wp-content\/uploads\/2024\/04\/custom-ceramic-plates-wholesale-tableware-6.webp 1250w, https:\/\/jinhuaceramic.com\/wp-content\/uploads\/2024\/04\/custom-ceramic-plates-wholesale-tableware-6-250x300.webp 250w, https:\/\/jinhuaceramic.com\/wp-content\/uploads\/2024\/04\/custom-ceramic-plates-wholesale-tableware-6-768x922.webp 768w, https:\/\/jinhuaceramic.com\/wp-content\/uploads\/2024\/04\/custom-ceramic-plates-wholesale-tableware-6-285x342.webp 285w, https:\/\/jinhuaceramic.com\/wp-content\/uploads\/2024\/04\/custom-ceramic-plates-wholesale-tableware-6-550x660.webp 550w, https:\/\/jinhuaceramic.com\/wp-content\/uploads\/2024\/04\/custom-ceramic-plates-wholesale-tableware-6-125x150.webp 125w\" sizes=\"(max-width: 1250px) 100vw, 1250px\" \/><\/figure>\n<\/div>\n<\/div>","protected":false},"excerpt":{"rendered":"<p>Nous vous invitons \u00e0 acheter des assiettes de service en gros. Ces assiettes ovales en c\u00e9ramique en vrac sont non seulement \u00e9l\u00e9gantes, mais peuvent \u00e9galement \u00eatre personnalis\u00e9es en fonction des besoins. Elles conviennent aux particuliers, aux restaurants et aux \u00e9tablissements haut de gamme. Le mat\u00e9riau c\u00e9ramique de haute qualit\u00e9 garantit une durabilit\u00e9 suffisante pour une pr\u00e9sentation parfaite des aliments, ce qui rend les repas beaucoup plus agr\u00e9ables.<\/p>","protected":false},"featured_media":3574,"comment_status":"closed","ping_status":"closed","template":"","meta":{"_acf_changed":false},"product_brand":[],"product_cat":[54,84],"product_tag":[77],"class_list":{"0":"post-3567","1":"product","2":"type-product","3":"status-publish","4":"has-post-thumbnail","6":"product_cat-tableware-wholesale","7":"product_cat-wholesale-ceramic-plates","8":"product_tag-bulk-serving-platters","10":"first","11":"instock","12":"shipping-taxable","13":"product-type-simple"},"acf":[],"_links":{"self":[{"href":"https:\/\/jinhuaceramic.com\/fr\/wp-json\/wp\/v2\/product\/3567","targetHints":{"allow":["GET"]}}],"collection":[{"href":"https:\/\/jinhuaceramic.com\/fr\/wp-json\/wp\/v2\/product"}],"about":[{"href":"https:\/\/jinhuaceramic.com\/fr\/wp-json\/wp\/v2\/types\/product"}],"replies":[{"embeddable":true,"href":"https:\/\/jinhuaceramic.com\/fr\/wp-json\/wp\/v2\/comments?post=3567"}],"version-history":[{"count":0,"href":"https:\/\/jinhuaceramic.com\/fr\/wp-json\/wp\/v2\/product\/3567\/revisions"}],"wp:featuredmedia":[{"embeddable":true,"href":"https:\/\/jinhuaceramic.com\/fr\/wp-json\/wp\/v2\/media\/3574"}],"wp:attachment":[{"href":"https:\/\/jinhuaceramic.com\/fr\/wp-json\/wp\/v2\/media?parent=3567"}],"wp:term":[{"taxonomy":"product_brand","embeddable":true,"href":"https:\/\/jinhuaceramic.com\/fr\/wp-json\/wp\/v2\/product_brand?post=3567"},{"taxonomy":"product_cat","embeddable":true,"href":"https:\/\/jinhuaceramic.com\/fr\/wp-json\/wp\/v2\/product_cat?post=3567"},{"taxonomy":"product_tag","embeddable":true,"href":"https:\/\/jinhuaceramic.com\/fr\/wp-json\/wp\/v2\/product_tag?post=3567"}],"curies":[{"name":"wp","href":"https:\/\/api.w.org\/{rel}","templated":true}]}}