{"id":3578,"date":"2024-04-12T01:18:59","date_gmt":"2024-04-12T01:18:59","guid":{"rendered":"https:\/\/jinhuaceramic.com\/?post_type=product&#038;p=3578"},"modified":"2025-04-21T03:09:01","modified_gmt":"2025-04-21T03:09:01","slug":"ceramic-mixing-bowl-set-wholesale","status":"publish","type":"product","link":"https:\/\/jinhuaceramic.com\/fr\/product\/ceramic-mixing-bowl-set-wholesale\/","title":{"rendered":"Set de bols \u00e0 m\u00e9langer en c\u00e9ramique Wholesale, Factory Supply Bowls"},"content":{"rendered":"<div class=\"wp-block-columns is-layout-flex wp-container-core-columns-is-layout-9d6595d7 wp-block-columns-is-layout-flex\">\n<div class=\"wp-block-column is-layout-flow wp-block-column-is-layout-flow\" style=\"flex-basis:50%\">\n<h3 class=\"wp-block-heading\">Ensemble de bols \u00e0 m\u00e9langer en c\u00e9ramique de premi\u00e8re qualit\u00e9 Caract\u00e9ristiques :<\/h3>\n\n\n\n<ul class=\"wp-block-list\">\n<li><strong>Haute qualit\u00e9 : <\/strong>Notre ensemble de bols \u00e0 m\u00e9langer en c\u00e9ramique est fabriqu\u00e9 \u00e0 partir de mat\u00e9riaux de haute qualit\u00e9, garantissant la durabilit\u00e9 et la fiabilit\u00e9 pour les chefs professionnels et les cuisiniers amateurs.<\/li>\n\n\n\n<li><strong>Polyvalent : <\/strong>Ces bols en gros ne servent pas seulement \u00e0 m\u00e9langer, ce sont des essentiels de cuisine multifonctionnels. Qu'il s'agisse de fouetter des \u0153ufs, de m\u00e9langer des salades ou de faire mariner des viandes, ces bols permettent d'accomplir une multitude de t\u00e2ches avec facilit\u00e9.<\/li>\n\n\n\n<li><strong>Conception efficace : <\/strong>Avec une gamme de tailles incluses dans notre ensemble de bols \u00e0 m\u00e9langer en c\u00e9ramique en gros, du petit au grand, ces bols en c\u00e9ramique en gros offrent polyvalence et commodit\u00e9. La conception embo\u00eetable permet un stockage compact, \u00e9conomisant ainsi de l'espace pr\u00e9cieux dans les cuisines professionnelles et les garde-manger.<\/li>\n\n\n\n<li><strong>Rentable : <\/strong>Nous proposons des prix de gros comp\u00e9titifs pour nos bols en c\u00e9ramique. En \u00e9vitant les interm\u00e9diaires, nous transmettons les \u00e9conomies directement \u00e0 nos clients, ce qui rend ces \u00e9l\u00e9ments essentiels de cuisine de haute qualit\u00e9 accessibles aux entreprises de toutes tailles. <\/li>\n<\/ul>\n<\/div>\n\n\n\n<div class=\"wp-block-column is-layout-flow wp-block-column-is-layout-flow\" style=\"flex-basis:50%\">\n<figure class=\"wp-block-image size-full\"><img fetchpriority=\"high\" decoding=\"async\" width=\"640\" height=\"640\" src=\"https:\/\/jinhuaceramic.com\/wp-content\/uploads\/2024\/04\/custom-ceramic-bowls-wholesale-tableware-set-1.webp\" alt=\"custom-ceramic-bowls-wholesale-Ceramic-Mixing-Bowl-Set\" class=\"wp-image-3579\" srcset=\"https:\/\/jinhuaceramic.com\/wp-content\/uploads\/2024\/04\/custom-ceramic-bowls-wholesale-tableware-set-1.webp 640w, https:\/\/jinhuaceramic.com\/wp-content\/uploads\/2024\/04\/custom-ceramic-bowls-wholesale-tableware-set-1-300x300.webp 300w, https:\/\/jinhuaceramic.com\/wp-content\/uploads\/2024\/04\/custom-ceramic-bowls-wholesale-tableware-set-1-150x150.webp 150w, https:\/\/jinhuaceramic.com\/wp-content\/uploads\/2024\/04\/custom-ceramic-bowls-wholesale-tableware-set-1-285x285.webp 285w, https:\/\/jinhuaceramic.com\/wp-content\/uploads\/2024\/04\/custom-ceramic-bowls-wholesale-tableware-set-1-270x270.webp 270w, https:\/\/jinhuaceramic.com\/wp-content\/uploads\/2024\/04\/custom-ceramic-bowls-wholesale-tableware-set-1-540x540.webp 540w\" sizes=\"(max-width: 640px) 100vw, 640px\" \/><\/figure>\n<\/div>\n<\/div>","protected":false},"excerpt":{"rendered":"<p>Notre ensemble de bols \u00e0 m\u00e9langer en c\u00e9ramique offre une qualit\u00e9 professionnelle, une fonctionnalit\u00e9 polyvalente, un design efficace et des prix de gros avantageux. Parfaits pour un large \u00e9ventail d'applications culinaires, ces bols \u00e0 m\u00e9langer sont un ajout indispensable \u00e0 tout inventaire de cuisine.<\/p>","protected":false},"featured_media":3582,"comment_status":"closed","ping_status":"closed","template":"","meta":{"_acf_changed":false},"product_brand":[],"product_cat":[54,85],"product_tag":[78],"class_list":{"0":"post-3578","1":"product","2":"type-product","3":"status-publish","4":"has-post-thumbnail","6":"product_cat-tableware-wholesale","7":"product_cat-wholesale-ceramic-bowls","8":"product_tag-bulk-ceramic-bowls","10":"first","11":"instock","12":"shipping-taxable","13":"product-type-simple"},"acf":[],"_links":{"self":[{"href":"https:\/\/jinhuaceramic.com\/fr\/wp-json\/wp\/v2\/product\/3578","targetHints":{"allow":["GET"]}}],"collection":[{"href":"https:\/\/jinhuaceramic.com\/fr\/wp-json\/wp\/v2\/product"}],"about":[{"href":"https:\/\/jinhuaceramic.com\/fr\/wp-json\/wp\/v2\/types\/product"}],"replies":[{"embeddable":true,"href":"https:\/\/jinhuaceramic.com\/fr\/wp-json\/wp\/v2\/comments?post=3578"}],"version-history":[{"count":0,"href":"https:\/\/jinhuaceramic.com\/fr\/wp-json\/wp\/v2\/product\/3578\/revisions"}],"wp:featuredmedia":[{"embeddable":true,"href":"https:\/\/jinhuaceramic.com\/fr\/wp-json\/wp\/v2\/media\/3582"}],"wp:attachment":[{"href":"https:\/\/jinhuaceramic.com\/fr\/wp-json\/wp\/v2\/media?parent=3578"}],"wp:term":[{"taxonomy":"product_brand","embeddable":true,"href":"https:\/\/jinhuaceramic.com\/fr\/wp-json\/wp\/v2\/product_brand?post=3578"},{"taxonomy":"product_cat","embeddable":true,"href":"https:\/\/jinhuaceramic.com\/fr\/wp-json\/wp\/v2\/product_cat?post=3578"},{"taxonomy":"product_tag","embeddable":true,"href":"https:\/\/jinhuaceramic.com\/fr\/wp-json\/wp\/v2\/product_tag?post=3578"}],"curies":[{"name":"wp","href":"https:\/\/api.w.org\/{rel}","templated":true}]}}