{"id":3587,"date":"2024-04-12T01:29:10","date_gmt":"2024-04-12T01:29:10","guid":{"rendered":"https:\/\/jinhuaceramic.com\/?post_type=product&#038;p=3587"},"modified":"2025-04-21T03:11:04","modified_gmt":"2025-04-21T03:11:04","slug":"chinese-noodle-bowls-wholesale","status":"publish","type":"product","link":"https:\/\/jinhuaceramic.com\/fr\/product\/chinese-noodle-bowls-wholesale\/","title":{"rendered":"Bols \u00e0 nouilles de Chine en gros, Bols \u00e0 nouilles durables en vrac"},"content":{"rendered":"<div class=\"wp-block-columns is-layout-flex wp-container-core-columns-is-layout-9d6595d7 wp-block-columns-is-layout-flex\">\n<div class=\"wp-block-column is-layout-flow wp-block-column-is-layout-flow\" style=\"flex-basis:50%\">\n<h3 class=\"wp-block-heading\">Bols \u00e0 nouilles de qualit\u00e9 sup\u00e9rieure Caract\u00e9ristiques de gros :<\/h3>\n\n\n\n<ul class=\"wp-block-list\">\n<li><strong>Conception simple : <\/strong>Le design de nos bols \u00e0 nouilles en c\u00e9ramique est simple et \u00e9l\u00e9gant, se concentrant sur la combinaison de la praticit\u00e9 et de la beaut\u00e9, convenant \u00e0 un usage quotidien dans les maisons et les restaurants, et en ligne avec la tendance populaire de la vaisselle moderne.<\/li>\n\n\n\n<li><strong>Conception \u00e0 grande capacit\u00e9 : <\/strong>Nos bols \u00e0 ramen en vrac ont un corps profond et une grande capacit\u00e9, ce qui est particuli\u00e8rement adapt\u00e9 pour contenir des ramen, des nouilles chinoises, des soupes, etc., garantissant que les aliments ne d\u00e9bordent pas et offrant une exp\u00e9rience culinaire confortable.<\/li>\n\n\n\n<li><strong>Mat\u00e9riau c\u00e9ramique durable : <\/strong>Nos bols \u00e0 nouilles en c\u00e9ramique sont fabriqu\u00e9s en c\u00e9ramique de haute qualit\u00e9, durable et r\u00e9sistante aux temp\u00e9ratures \u00e9lev\u00e9es. Ils peuvent \u00eatre utilis\u00e9s au four \u00e0 micro-ondes et au lave-vaisselle, ce qui est pratique pour un usage quotidien.<\/li>\n\n\n\n<li><strong>Vaisselle polyvalente :<\/strong> Outre les nouilles, nos bols \u00e0 ramen en vrac conviennent \u00e9galement au riz, aux salades, aux soupes et \u00e0 d'autres mets d\u00e9licats, r\u00e9pondant ainsi \u00e0 divers besoins et am\u00e9liorant l'aspect pratique de la table \u00e0 manger.<\/li>\n<\/ul>\n<\/div>\n\n\n\n<div class=\"wp-block-column is-layout-flow wp-block-column-is-layout-flow\" style=\"flex-basis:50%\">\n<figure class=\"wp-block-image size-full\"><img fetchpriority=\"high\" decoding=\"async\" width=\"1500\" height=\"1500\" src=\"https:\/\/jinhuaceramic.com\/wp-content\/uploads\/2024\/04\/custom-ceramic-dinner-set-wholesale-tableware-2.webp\" alt=\"Bols \u00e0 nouilles chinoises en gros, Bols \u00e0 nouilles durables en vrac\" class=\"wp-image-3588\" srcset=\"https:\/\/jinhuaceramic.com\/wp-content\/uploads\/2024\/04\/custom-ceramic-dinner-set-wholesale-tableware-2.webp 1500w, https:\/\/jinhuaceramic.com\/wp-content\/uploads\/2024\/04\/custom-ceramic-dinner-set-wholesale-tableware-2-300x300.webp 300w, https:\/\/jinhuaceramic.com\/wp-content\/uploads\/2024\/04\/custom-ceramic-dinner-set-wholesale-tableware-2-150x150.webp 150w, https:\/\/jinhuaceramic.com\/wp-content\/uploads\/2024\/04\/custom-ceramic-dinner-set-wholesale-tableware-2-768x768.webp 768w, https:\/\/jinhuaceramic.com\/wp-content\/uploads\/2024\/04\/custom-ceramic-dinner-set-wholesale-tableware-2-285x285.webp 285w, https:\/\/jinhuaceramic.com\/wp-content\/uploads\/2024\/04\/custom-ceramic-dinner-set-wholesale-tableware-2-270x270.webp 270w, https:\/\/jinhuaceramic.com\/wp-content\/uploads\/2024\/04\/custom-ceramic-dinner-set-wholesale-tableware-2-540x540.webp 540w, https:\/\/jinhuaceramic.com\/wp-content\/uploads\/2024\/04\/custom-ceramic-dinner-set-wholesale-tableware-2-660x660.webp 660w\" sizes=\"(max-width: 1500px) 100vw, 1500px\" \/><\/figure>\n<\/div>\n<\/div>","protected":false},"excerpt":{"rendered":"<p>Nous vous invitons \u00e0 acheter des bols \u00e0 ramen en vrac. Nos bols \u00e0 nouilles en c\u00e9ramique en gros, au design simple, ont une grande capacit\u00e9 et une grande durabilit\u00e9, et conviennent aux achats \u00e0 grande \u00e9chelle des foyers et des restaurants. Qu'ils soient utilis\u00e9s pour les nouilles, les soupes ou d'autres mets d\u00e9licats, ces bols offrent une combinaison parfaite de praticit\u00e9 et de beaut\u00e9.<\/p>","protected":false},"featured_media":3589,"comment_status":"closed","ping_status":"closed","template":"","meta":{"_acf_changed":false},"product_brand":[],"product_cat":[54,85],"product_tag":[78],"class_list":{"0":"post-3587","1":"product","2":"type-product","3":"status-publish","4":"has-post-thumbnail","6":"product_cat-tableware-wholesale","7":"product_cat-wholesale-ceramic-bowls","8":"product_tag-bulk-ceramic-bowls","10":"first","11":"instock","12":"shipping-taxable","13":"product-type-simple"},"acf":[],"_links":{"self":[{"href":"https:\/\/jinhuaceramic.com\/fr\/wp-json\/wp\/v2\/product\/3587","targetHints":{"allow":["GET"]}}],"collection":[{"href":"https:\/\/jinhuaceramic.com\/fr\/wp-json\/wp\/v2\/product"}],"about":[{"href":"https:\/\/jinhuaceramic.com\/fr\/wp-json\/wp\/v2\/types\/product"}],"replies":[{"embeddable":true,"href":"https:\/\/jinhuaceramic.com\/fr\/wp-json\/wp\/v2\/comments?post=3587"}],"version-history":[{"count":0,"href":"https:\/\/jinhuaceramic.com\/fr\/wp-json\/wp\/v2\/product\/3587\/revisions"}],"wp:featuredmedia":[{"embeddable":true,"href":"https:\/\/jinhuaceramic.com\/fr\/wp-json\/wp\/v2\/media\/3589"}],"wp:attachment":[{"href":"https:\/\/jinhuaceramic.com\/fr\/wp-json\/wp\/v2\/media?parent=3587"}],"wp:term":[{"taxonomy":"product_brand","embeddable":true,"href":"https:\/\/jinhuaceramic.com\/fr\/wp-json\/wp\/v2\/product_brand?post=3587"},{"taxonomy":"product_cat","embeddable":true,"href":"https:\/\/jinhuaceramic.com\/fr\/wp-json\/wp\/v2\/product_cat?post=3587"},{"taxonomy":"product_tag","embeddable":true,"href":"https:\/\/jinhuaceramic.com\/fr\/wp-json\/wp\/v2\/product_tag?post=3587"}],"curies":[{"name":"wp","href":"https:\/\/api.w.org\/{rel}","templated":true}]}}