{"id":3608,"date":"2024-04-12T01:59:14","date_gmt":"2024-04-12T01:59:14","guid":{"rendered":"https:\/\/jinhuaceramic.com\/?post_type=product&#038;p=3608"},"modified":"2025-04-21T03:13:36","modified_gmt":"2025-04-21T03:13:36","slug":"wholesale-ceramic-rice-bowls","status":"publish","type":"product","link":"https:\/\/jinhuaceramic.com\/fr\/product\/wholesale-ceramic-rice-bowls\/","title":{"rendered":"Bols \u00e0 riz en c\u00e9ramique en gros, bols \u00e0 soupe en vrac avec motifs exquis"},"content":{"rendered":"<div class=\"wp-block-columns is-layout-flex wp-container-core-columns-is-layout-9d6595d7 wp-block-columns-is-layout-flex\">\n<div class=\"wp-block-column is-layout-flow wp-block-column-is-layout-flow\" style=\"flex-basis:50%\">\n<h3 class=\"wp-block-heading\">Bols \u00e0 riz en c\u00e9ramique Premium Wholesale Caract\u00e9ristiques :<\/h3>\n\n\n\n<ul class=\"wp-block-list\">\n<li><strong>Motifs exquis : <\/strong>La surface de nos bols \u00e0 riz en c\u00e9ramique est d\u00e9cor\u00e9e de motifs exquis, \u00e0 la fois simples et \u00e9l\u00e9gants, qui ajoutent un sens artistique \u00e0 l'exp\u00e9rience culinaire. Ils conviennent parfaitement aux occasions formelles et quotidiennes.<\/li>\n\n\n\n<li><strong>C\u00e9ramique blanche de haute qualit\u00e9 : <\/strong>Ces bols \u00e0 soupe en vrac sont fabriqu\u00e9s en c\u00e9ramique de haute qualit\u00e9 cuite \u00e0 haute temp\u00e9rature, lisse et d\u00e9licate, d'un blanc pur, d'une bonne durabilit\u00e9 et d'une bonne r\u00e9sistance aux rayures, convenant \u00e0 une utilisation \u00e0 long terme.<\/li>\n\n\n\n<li><strong>Polyvalence : <\/strong>Nos bols \u00e0 riz en c\u00e9ramique conviennent non seulement pour le riz, mais aussi pour les soupes, les salades, les desserts et autres mets d\u00e9licats, afin de r\u00e9pondre aux diff\u00e9rents besoins de la restauration.<\/li>\n\n\n\n<li><strong>Facile \u00e0 nettoyer et durable : <\/strong>Ces bols \u00e0 soupe en c\u00e9ramique sont r\u00e9sistants aux temp\u00e9ratures \u00e9lev\u00e9es, aux taches et aux huiles, et la surface du bol est lisse et facile \u00e0 nettoyer. Ils conviennent \u00e0 un usage quotidien et ne s'ab\u00eement pas facilement.<\/li>\n<\/ul>\n<\/div>\n\n\n\n<div class=\"wp-block-column is-layout-flow wp-block-column-is-layout-flow\" style=\"flex-basis:50%\">\n<figure class=\"wp-block-image size-full\"><img fetchpriority=\"high\" decoding=\"async\" width=\"1500\" height=\"1308\" src=\"https:\/\/jinhuaceramic.com\/wp-content\/uploads\/2024\/04\/small-ceramic-bowls-wholesale-7.webp\" alt=\"Petits bols \u00e0 riz en c\u00e9ramique-wholesale-7\" class=\"wp-image-3615\" srcset=\"https:\/\/jinhuaceramic.com\/wp-content\/uploads\/2024\/04\/small-ceramic-bowls-wholesale-7.webp 1500w, https:\/\/jinhuaceramic.com\/wp-content\/uploads\/2024\/04\/small-ceramic-bowls-wholesale-7-300x262.webp 300w, https:\/\/jinhuaceramic.com\/wp-content\/uploads\/2024\/04\/small-ceramic-bowls-wholesale-7-768x670.webp 768w, https:\/\/jinhuaceramic.com\/wp-content\/uploads\/2024\/04\/small-ceramic-bowls-wholesale-7-285x249.webp 285w, https:\/\/jinhuaceramic.com\/wp-content\/uploads\/2024\/04\/small-ceramic-bowls-wholesale-7-660x576.webp 660w, https:\/\/jinhuaceramic.com\/wp-content\/uploads\/2024\/04\/small-ceramic-bowls-wholesale-7-150x131.webp 150w\" sizes=\"(max-width: 1500px) 100vw, 1500px\" \/><\/figure>\n<\/div>\n<\/div>","protected":false},"excerpt":{"rendered":"<p>Nous vous invitons \u00e0 acheter des bols \u00e0 soupe en gros ou des bols en c\u00e9ramique personnalis\u00e9s. Nos bols \u00e0 riz en c\u00e9ramique en gros sont dot\u00e9s de motifs exquis, qui sont \u00e0 la fois d\u00e9coratifs et pratiques. Le mat\u00e9riau c\u00e9ramique de haute qualit\u00e9 est robuste et durable, il convient pour contenir du riz, des soupes, des salades et d'autres aliments, il est facile \u00e0 nettoyer, il convient pour une utilisation \u00e0 grande \u00e9chelle dans les maisons et les restaurants.<\/p>","protected":false},"featured_media":3610,"comment_status":"closed","ping_status":"closed","template":"","meta":{"_acf_changed":false},"product_brand":[],"product_cat":[54,85],"product_tag":[78],"class_list":{"0":"post-3608","1":"product","2":"type-product","3":"status-publish","4":"has-post-thumbnail","6":"product_cat-tableware-wholesale","7":"product_cat-wholesale-ceramic-bowls","8":"product_tag-bulk-ceramic-bowls","10":"first","11":"instock","12":"shipping-taxable","13":"product-type-simple"},"acf":[],"_links":{"self":[{"href":"https:\/\/jinhuaceramic.com\/fr\/wp-json\/wp\/v2\/product\/3608","targetHints":{"allow":["GET"]}}],"collection":[{"href":"https:\/\/jinhuaceramic.com\/fr\/wp-json\/wp\/v2\/product"}],"about":[{"href":"https:\/\/jinhuaceramic.com\/fr\/wp-json\/wp\/v2\/types\/product"}],"replies":[{"embeddable":true,"href":"https:\/\/jinhuaceramic.com\/fr\/wp-json\/wp\/v2\/comments?post=3608"}],"version-history":[{"count":0,"href":"https:\/\/jinhuaceramic.com\/fr\/wp-json\/wp\/v2\/product\/3608\/revisions"}],"wp:featuredmedia":[{"embeddable":true,"href":"https:\/\/jinhuaceramic.com\/fr\/wp-json\/wp\/v2\/media\/3610"}],"wp:attachment":[{"href":"https:\/\/jinhuaceramic.com\/fr\/wp-json\/wp\/v2\/media?parent=3608"}],"wp:term":[{"taxonomy":"product_brand","embeddable":true,"href":"https:\/\/jinhuaceramic.com\/fr\/wp-json\/wp\/v2\/product_brand?post=3608"},{"taxonomy":"product_cat","embeddable":true,"href":"https:\/\/jinhuaceramic.com\/fr\/wp-json\/wp\/v2\/product_cat?post=3608"},{"taxonomy":"product_tag","embeddable":true,"href":"https:\/\/jinhuaceramic.com\/fr\/wp-json\/wp\/v2\/product_tag?post=3608"}],"curies":[{"name":"wp","href":"https:\/\/api.w.org\/{rel}","templated":true}]}}