{"id":3618,"date":"2024-04-12T02:12:59","date_gmt":"2024-04-12T02:12:59","guid":{"rendered":"https:\/\/jinhuaceramic.com\/?post_type=product&#038;p=3618"},"modified":"2025-04-21T03:15:14","modified_gmt":"2025-04-21T03:15:14","slug":"wholesale-ceramic-heart-shaped-bowls","status":"publish","type":"product","link":"https:\/\/jinhuaceramic.com\/fr\/product\/wholesale-ceramic-heart-shaped-bowls\/","title":{"rendered":"Grossiste Bols en c\u00e9ramique en forme de coeur en vrac pour fruits et c\u00e9r\u00e9ales"},"content":{"rendered":"<div class=\"wp-block-columns is-layout-flex wp-container-core-columns-is-layout-9d6595d7 wp-block-columns-is-layout-flex\">\n<div class=\"wp-block-column is-layout-flow wp-block-column-is-layout-flow\" style=\"flex-basis:50%\">\n<h3 class=\"wp-block-heading\">Bols en forme de coeur de premi\u00e8re qualit\u00e9 Caract\u00e9ristiques en vrac :<\/h3>\n\n\n\n<ul class=\"wp-block-list\">\n<li><strong>Design unique en forme de c\u0153ur : <\/strong>Ces bols en forme de c\u0153ur ont une apparence unique, ajoutant une atmosph\u00e8re romantique et chaleureuse. Ils conviennent parfaitement comme bols \u00e0 fruits ou \u00e0 c\u00e9r\u00e9ales, et s'adaptent \u00e0 la maison ou aux occasions de restauration commerciale.<\/li>\n\n\n\n<li><strong>Robuste et durable : <\/strong>Nos bols en c\u00e9ramique sont fabriqu\u00e9s en c\u00e9ramique de haute qualit\u00e9, robuste et durable, avec une surface lisse et facile \u00e0 nettoyer. Ils conviennent \u00e0 un usage quotidien et peuvent conserver leur \u00e9clat pendant longtemps.<\/li>\n\n\n\n<li><strong>Sain et respectueux de l'environnement : <\/strong>Ces bols en forme de c\u0153ur sont r\u00e9sistants aux temp\u00e9ratures \u00e9lev\u00e9es, non toxiques et inoffensifs, et peuvent \u00eatre utilis\u00e9s en toute s\u00e9curit\u00e9 pour contenir une vari\u00e9t\u00e9 d'aliments afin de garantir une exp\u00e9rience culinaire saine.<\/li>\n\n\n\n<li><strong>Utilisation polyvalente : <\/strong>Nos bols en c\u00e9ramique de gros ne conviennent pas seulement pour contenir des fruits et des c\u00e9r\u00e9ales, mais peuvent \u00e9galement \u00eatre utilis\u00e9s comme saladiers, bols \u00e0 dessert ou bols d\u00e9coratifs, adapt\u00e9s aux r\u00e9unions de famille ou aux restaurants.<\/li>\n<\/ul>\n<\/div>\n\n\n\n<div class=\"wp-block-column is-layout-flow wp-block-column-is-layout-flow\" style=\"flex-basis:50%\">\n<figure class=\"wp-block-image size-full\"><img fetchpriority=\"high\" decoding=\"async\" width=\"1234\" height=\"1210\" src=\"https:\/\/jinhuaceramic.com\/wp-content\/uploads\/2024\/04\/heart-shaped-bowl-wholesale-ceramic-bowls-bulk-buy-3.webp\" alt=\"bol en forme de coeur-bowl-wholesale-ceramic-bowls-bulk-buy-3\" class=\"wp-image-3622\" srcset=\"https:\/\/jinhuaceramic.com\/wp-content\/uploads\/2024\/04\/heart-shaped-bowl-wholesale-ceramic-bowls-bulk-buy-3.webp 1234w, https:\/\/jinhuaceramic.com\/wp-content\/uploads\/2024\/04\/heart-shaped-bowl-wholesale-ceramic-bowls-bulk-buy-3-300x294.webp 300w, https:\/\/jinhuaceramic.com\/wp-content\/uploads\/2024\/04\/heart-shaped-bowl-wholesale-ceramic-bowls-bulk-buy-3-768x753.webp 768w, https:\/\/jinhuaceramic.com\/wp-content\/uploads\/2024\/04\/heart-shaped-bowl-wholesale-ceramic-bowls-bulk-buy-3-285x279.webp 285w, https:\/\/jinhuaceramic.com\/wp-content\/uploads\/2024\/04\/heart-shaped-bowl-wholesale-ceramic-bowls-bulk-buy-3-660x647.webp 660w, https:\/\/jinhuaceramic.com\/wp-content\/uploads\/2024\/04\/heart-shaped-bowl-wholesale-ceramic-bowls-bulk-buy-3-150x147.webp 150w\" sizes=\"(max-width: 1234px) 100vw, 1234px\" \/><\/figure>\n<\/div>\n<\/div>","protected":false},"excerpt":{"rendered":"<p>Nous vous invitons \u00e0 acheter des bols en c\u00e9ramique en vrac. Nos bols en c\u00e9ramique en forme de c\u0153ur en vrac adoptent un design unique et des mat\u00e9riaux de haute qualit\u00e9. Ils sont \u00e0 la fois beaux et pratiques et conviennent pour contenir une vari\u00e9t\u00e9 d'aliments tels que des fruits, des c\u00e9r\u00e9ales, des salades, etc. Ils sont sains et respectueux de l'environnement, faciles \u00e0 nettoyer. Ils sont id\u00e9aux pour les maisons et les restaurants, ajoutant une atmosph\u00e8re chaleureuse aux repas.<\/p>","protected":false},"featured_media":3619,"comment_status":"closed","ping_status":"closed","template":"","meta":{"_acf_changed":false},"product_brand":[],"product_cat":[54,85],"product_tag":[78],"class_list":{"0":"post-3618","1":"product","2":"type-product","3":"status-publish","4":"has-post-thumbnail","6":"product_cat-tableware-wholesale","7":"product_cat-wholesale-ceramic-bowls","8":"product_tag-bulk-ceramic-bowls","10":"first","11":"instock","12":"shipping-taxable","13":"product-type-simple"},"acf":[],"_links":{"self":[{"href":"https:\/\/jinhuaceramic.com\/fr\/wp-json\/wp\/v2\/product\/3618","targetHints":{"allow":["GET"]}}],"collection":[{"href":"https:\/\/jinhuaceramic.com\/fr\/wp-json\/wp\/v2\/product"}],"about":[{"href":"https:\/\/jinhuaceramic.com\/fr\/wp-json\/wp\/v2\/types\/product"}],"replies":[{"embeddable":true,"href":"https:\/\/jinhuaceramic.com\/fr\/wp-json\/wp\/v2\/comments?post=3618"}],"version-history":[{"count":0,"href":"https:\/\/jinhuaceramic.com\/fr\/wp-json\/wp\/v2\/product\/3618\/revisions"}],"wp:featuredmedia":[{"embeddable":true,"href":"https:\/\/jinhuaceramic.com\/fr\/wp-json\/wp\/v2\/media\/3619"}],"wp:attachment":[{"href":"https:\/\/jinhuaceramic.com\/fr\/wp-json\/wp\/v2\/media?parent=3618"}],"wp:term":[{"taxonomy":"product_brand","embeddable":true,"href":"https:\/\/jinhuaceramic.com\/fr\/wp-json\/wp\/v2\/product_brand?post=3618"},{"taxonomy":"product_cat","embeddable":true,"href":"https:\/\/jinhuaceramic.com\/fr\/wp-json\/wp\/v2\/product_cat?post=3618"},{"taxonomy":"product_tag","embeddable":true,"href":"https:\/\/jinhuaceramic.com\/fr\/wp-json\/wp\/v2\/product_tag?post=3618"}],"curies":[{"name":"wp","href":"https:\/\/api.w.org\/{rel}","templated":true}]}}