{"id":3628,"date":"2024-04-12T02:24:19","date_gmt":"2024-04-12T02:24:19","guid":{"rendered":"https:\/\/jinhuaceramic.com\/?post_type=product&#038;p=3628"},"modified":"2025-04-21T03:16:23","modified_gmt":"2025-04-21T03:16:23","slug":"premium-bulk-ceramic-plates","status":"publish","type":"product","link":"https:\/\/jinhuaceramic.com\/fr\/product\/premium-bulk-ceramic-plates\/","title":{"rendered":"Assiettes en c\u00e9ramique en vrac exquises, Assiettes \u00e0 d\u00eener en gros avec motif en relief"},"content":{"rendered":"<div class=\"wp-block-columns is-layout-flex wp-container-core-columns-is-layout-9d6595d7 wp-block-columns-is-layout-flex\">\n<div class=\"wp-block-column is-layout-flow wp-block-column-is-layout-flow\" style=\"flex-basis:50%\">\n<h3 class=\"wp-block-heading\">Plaques c\u00e9ramiques en vrac de premi\u00e8re qualit\u00e9 Caract\u00e9ristiques :<\/h3>\n\n\n\n<ul class=\"wp-block-list\">\n<li><strong>Pr\u00e9sentation visuelle : <\/strong>Des motifs en relief sont imprim\u00e9s sur nos assiettes en c\u00e9ramique en vrac. Ils sont empreints d'un sentiment artistique et la texture st\u00e9r\u00e9oscopique de la vaisselle est sp\u00e9ciale. Ils peuvent non seulement am\u00e9liorer le plaisir des repas, mais aussi ajouter des couleurs au d\u00e9cor de la table, et donc convenir \u00e0 une vari\u00e9t\u00e9 de situations formelles et informelles.<\/li>\n\n\n\n<li><strong>Une vari\u00e9t\u00e9 de motifs gaufr\u00e9s au choix : <\/strong>Qu'il s'agisse de motifs classiques ou de motifs g\u00e9om\u00e9triques modernes, nous vous proposons une grande vari\u00e9t\u00e9 de motifs pour ces assiettes \u00e0 d\u00eener en gros. Vous pouvez les personnaliser en fonction de vos pr\u00e9f\u00e9rences et de votre style de table afin de r\u00e9pondre \u00e0 diff\u00e9rentes exigences esth\u00e9tiques.<\/li>\n\n\n\n<li><strong>Durable et facile \u00e0 nettoyer : <\/strong>Nos plaques c\u00e9ramiques en vrac sont fabriqu\u00e9es \u00e0 partir de c\u00e9ramiques de haute qualit\u00e9, r\u00e9sistant aux temp\u00e9ratures \u00e9lev\u00e9es, aux rayures et \u00e0 l'usure, et elles restent brillantes et intactes apr\u00e8s une utilisation quotidienne. La surface de l'assiette est lisse et r\u00e9siste aux taches. Le nettoyage sera facile et s\u00fbr en utilisant le lave-vaisselle.<\/li>\n\n\n\n<li><strong>Convient \u00e0 diff\u00e9rents \u00e9quipements de cuisine : <\/strong>Ces assiettes en gros sont fabriqu\u00e9es \u00e0 partir de mati\u00e8res premi\u00e8res c\u00e9ramiques respectueuses de l'environnement, non toxiques et saines. En outre, elles peuvent \u00eatre utilis\u00e9es sous un four \u00e0 micro-ondes, un four, un r\u00e9frig\u00e9rateur, etc. Elles peuvent servir \u00e0 r\u00e9pondre \u00e0 vos besoins en mati\u00e8re de cuisine de diff\u00e9rentes mani\u00e8res, cr\u00e9ant ainsi des environnements plus pratiques pour votre famille ou votre entreprise.<\/li>\n<\/ul>\n<\/div>\n\n\n\n<div class=\"wp-block-column is-layout-flow wp-block-column-is-layout-flow\" style=\"flex-basis:50%\">\n<figure class=\"wp-block-image size-full\"><img fetchpriority=\"high\" decoding=\"async\" width=\"1500\" height=\"1144\" src=\"https:\/\/jinhuaceramic.com\/wp-content\/uploads\/2024\/04\/bulk-ceramic-plates-with-pattens-wholesale-tableware-6.webp\" alt=\"plaques c\u00e9ramiques en vrac de qualit\u00e9 sup\u00e9rieure avec motif en relief exquis\" class=\"wp-image-3632\" srcset=\"https:\/\/jinhuaceramic.com\/wp-content\/uploads\/2024\/04\/bulk-ceramic-plates-with-pattens-wholesale-tableware-6.webp 1500w, https:\/\/jinhuaceramic.com\/wp-content\/uploads\/2024\/04\/bulk-ceramic-plates-with-pattens-wholesale-tableware-6-300x229.webp 300w, https:\/\/jinhuaceramic.com\/wp-content\/uploads\/2024\/04\/bulk-ceramic-plates-with-pattens-wholesale-tableware-6-768x586.webp 768w, https:\/\/jinhuaceramic.com\/wp-content\/uploads\/2024\/04\/bulk-ceramic-plates-with-pattens-wholesale-tableware-6-285x217.webp 285w, https:\/\/jinhuaceramic.com\/wp-content\/uploads\/2024\/04\/bulk-ceramic-plates-with-pattens-wholesale-tableware-6-660x503.webp 660w, https:\/\/jinhuaceramic.com\/wp-content\/uploads\/2024\/04\/bulk-ceramic-plates-with-pattens-wholesale-tableware-6-150x114.webp 150w\" sizes=\"(max-width: 1500px) 100vw, 1500px\" \/><\/figure>\n<\/div>\n<\/div>","protected":false},"excerpt":{"rendered":"<p>Nous vous invitons \u00e0 acheter des assiettes \u00e0 d\u00eener en gros. Nos assiettes en c\u00e9ramique en vrac, orn\u00e9es de motifs en relief d'un go\u00fbt excellent, sont fabriqu\u00e9es \u00e0 partir d'un mat\u00e9riau c\u00e9ramique sans plomb de premi\u00e8re qualit\u00e9. Il s'agit donc d'un produit de vaisselle absolument pragmatique, qui met en valeur le go\u00fbt de la mode. Ces assiettes ont une longue dur\u00e9e de vie et peuvent \u00eatre lav\u00e9es en toute s\u00e9curit\u00e9 au micro-ondes ou au lave-vaisselle.<\/p>","protected":false},"featured_media":3629,"comment_status":"closed","ping_status":"closed","template":"","meta":{"_acf_changed":false},"product_brand":[],"product_cat":[54,84],"product_tag":[76],"class_list":{"0":"post-3628","1":"product","2":"type-product","3":"status-publish","4":"has-post-thumbnail","6":"product_cat-tableware-wholesale","7":"product_cat-wholesale-ceramic-plates","8":"product_tag-dinner-plates-bulk","10":"first","11":"instock","12":"shipping-taxable","13":"product-type-simple"},"acf":[],"_links":{"self":[{"href":"https:\/\/jinhuaceramic.com\/fr\/wp-json\/wp\/v2\/product\/3628","targetHints":{"allow":["GET"]}}],"collection":[{"href":"https:\/\/jinhuaceramic.com\/fr\/wp-json\/wp\/v2\/product"}],"about":[{"href":"https:\/\/jinhuaceramic.com\/fr\/wp-json\/wp\/v2\/types\/product"}],"replies":[{"embeddable":true,"href":"https:\/\/jinhuaceramic.com\/fr\/wp-json\/wp\/v2\/comments?post=3628"}],"version-history":[{"count":0,"href":"https:\/\/jinhuaceramic.com\/fr\/wp-json\/wp\/v2\/product\/3628\/revisions"}],"wp:featuredmedia":[{"embeddable":true,"href":"https:\/\/jinhuaceramic.com\/fr\/wp-json\/wp\/v2\/media\/3629"}],"wp:attachment":[{"href":"https:\/\/jinhuaceramic.com\/fr\/wp-json\/wp\/v2\/media?parent=3628"}],"wp:term":[{"taxonomy":"product_brand","embeddable":true,"href":"https:\/\/jinhuaceramic.com\/fr\/wp-json\/wp\/v2\/product_brand?post=3628"},{"taxonomy":"product_cat","embeddable":true,"href":"https:\/\/jinhuaceramic.com\/fr\/wp-json\/wp\/v2\/product_cat?post=3628"},{"taxonomy":"product_tag","embeddable":true,"href":"https:\/\/jinhuaceramic.com\/fr\/wp-json\/wp\/v2\/product_tag?post=3628"}],"curies":[{"name":"wp","href":"https:\/\/api.w.org\/{rel}","templated":true}]}}