{"id":3637,"date":"2024-04-12T02:35:46","date_gmt":"2024-04-12T02:35:46","guid":{"rendered":"https:\/\/jinhuaceramic.com\/?post_type=product&#038;p=3637"},"modified":"2025-04-21T03:17:31","modified_gmt":"2025-04-21T03:17:31","slug":"wholesale-fancy-ceramic-plates","status":"publish","type":"product","link":"https:\/\/jinhuaceramic.com\/fr\/product\/wholesale-fancy-ceramic-plates\/","title":{"rendered":"Premium Wholesale Ceramic Plates, Fancy Bulk Dinner Plates (assiettes \u00e0 d\u00eener en vrac)"},"content":{"rendered":"<div class=\"wp-block-columns is-layout-flex wp-container-core-columns-is-layout-9d6595d7 wp-block-columns-is-layout-flex\">\n<div class=\"wp-block-column is-layout-flow wp-block-column-is-layout-flow\" style=\"flex-basis:50%\">\n<h3 class=\"wp-block-heading\">Assiettes en c\u00e9ramique de premi\u00e8re qualit\u00e9 en gros Caract\u00e9ristiques :<\/h3>\n\n\n\n<ul class=\"wp-block-list\">\n<li><strong>Noval French Design :<\/strong> \u00c9l\u00e9gantes et sophistiqu\u00e9es, nos assiettes en c\u00e9ramique de gros au design fran\u00e7ais donnent de la classe \u00e0 tous les repas. Des lignes nettes et directes \u00e0 l'attrait intemporel en passant par la l\u00e9g\u00e8re subtilit\u00e9 de la courbe, cette assiette conf\u00e8re aux repas un niveau de pr\u00e9sentation sup\u00e9rieur, id\u00e9al pour les restaurants haut de gamme, les bistrots et les \u00e9tablissements de haute gastronomie.<\/li>\n\n\n\n<li><strong>Fonctionnalit\u00e9 polyvalente :<\/strong> Malgr\u00e9 leur aspect fantaisiste, ces assiettes \u00e0 d\u00eener en vrac sont con\u00e7ues de mani\u00e8re pratique pour une utilisation polyvalente. Elles conviennent \u00e0 tous les plats : entr\u00e9es, salades, plats principaux et desserts.<\/li>\n\n\n\n<li><strong>Construction de qualit\u00e9 : <\/strong>Fabriqu\u00e9es \u00e0 partir des meilleurs mat\u00e9riaux c\u00e9ramiques, nos assiettes en c\u00e9ramique sont con\u00e7ues pour r\u00e9sister aux exigences \u00e9lev\u00e9es d'une utilisation commerciale. La construction durable r\u00e9siste \u00e0 l'\u00e9caillage et aux rayures et ne se d\u00e9colorera pas au fil du temps en raison de l'utilisation intensive dans les environnements de restauration active.<\/li>\n\n\n\n<li><strong>Prix de gros :<\/strong> En tant que fabricant de vaisselle en gros, nous offrons des prix tr\u00e8s comp\u00e9titifs sur nos assiettes \u00e0 d\u00eener en vrac lorsqu'elles sont achet\u00e9es en grandes quantit\u00e9s.<\/li>\n<\/ul>\n<\/div>\n\n\n\n<div class=\"wp-block-column is-layout-flow wp-block-column-is-layout-flow\" style=\"flex-basis:50%\">\n<figure class=\"wp-block-image size-full\"><img fetchpriority=\"high\" decoding=\"async\" width=\"1000\" height=\"1500\" src=\"https:\/\/jinhuaceramic.com\/wp-content\/uploads\/2024\/04\/custom-ceramic-dishes-ceramic-plate-wholesale-tableware-2.webp\" alt=\"Assiettes en c\u00e9ramique fantaisie en gros, assiettes \u00e0 d\u00eener en vrac avec un design fran\u00e7ais simple-1\" class=\"wp-image-3640\" srcset=\"https:\/\/jinhuaceramic.com\/wp-content\/uploads\/2024\/04\/custom-ceramic-dishes-ceramic-plate-wholesale-tableware-2.webp 1000w, https:\/\/jinhuaceramic.com\/wp-content\/uploads\/2024\/04\/custom-ceramic-dishes-ceramic-plate-wholesale-tableware-2-200x300.webp 200w, https:\/\/jinhuaceramic.com\/wp-content\/uploads\/2024\/04\/custom-ceramic-dishes-ceramic-plate-wholesale-tableware-2-768x1152.webp 768w, https:\/\/jinhuaceramic.com\/wp-content\/uploads\/2024\/04\/custom-ceramic-dishes-ceramic-plate-wholesale-tableware-2-285x428.webp 285w, https:\/\/jinhuaceramic.com\/wp-content\/uploads\/2024\/04\/custom-ceramic-dishes-ceramic-plate-wholesale-tableware-2-440x660.webp 440w, https:\/\/jinhuaceramic.com\/wp-content\/uploads\/2024\/04\/custom-ceramic-dishes-ceramic-plate-wholesale-tableware-2-100x150.webp 100w\" sizes=\"(max-width: 1000px) 100vw, 1000px\" \/><\/figure>\n<\/div>\n<\/div>","protected":false},"excerpt":{"rendered":"<p>Bienvenue dans l'achat d'assiettes \u00e0 d\u00eener en vrac. Nos assiettes en c\u00e9ramique minimaliste fran\u00e7aise en gros sont \u00e9l\u00e9gantes et \u00e0 la mode pour la plupart des tables \u00e0 manger. Mat\u00e9riau c\u00e9ramique de haute qualit\u00e9, robuste et durable, texture fine avec diff\u00e9rents types. Sans plomb et de conception saine pour le four \u00e0 micro-ondes ou le lave-vaisselle, c'est un choix de vaisselle haut de gamme qui sert \u00e0 la fois la beaut\u00e9 et la praticit\u00e9.<\/p>","protected":false},"featured_media":3639,"comment_status":"closed","ping_status":"closed","template":"","meta":{"_acf_changed":false},"product_brand":[],"product_cat":[54,84],"product_tag":[76],"class_list":{"0":"post-3637","1":"product","2":"type-product","3":"status-publish","4":"has-post-thumbnail","6":"product_cat-tableware-wholesale","7":"product_cat-wholesale-ceramic-plates","8":"product_tag-dinner-plates-bulk","10":"first","11":"instock","12":"shipping-taxable","13":"product-type-simple"},"acf":[],"_links":{"self":[{"href":"https:\/\/jinhuaceramic.com\/fr\/wp-json\/wp\/v2\/product\/3637","targetHints":{"allow":["GET"]}}],"collection":[{"href":"https:\/\/jinhuaceramic.com\/fr\/wp-json\/wp\/v2\/product"}],"about":[{"href":"https:\/\/jinhuaceramic.com\/fr\/wp-json\/wp\/v2\/types\/product"}],"replies":[{"embeddable":true,"href":"https:\/\/jinhuaceramic.com\/fr\/wp-json\/wp\/v2\/comments?post=3637"}],"version-history":[{"count":0,"href":"https:\/\/jinhuaceramic.com\/fr\/wp-json\/wp\/v2\/product\/3637\/revisions"}],"wp:featuredmedia":[{"embeddable":true,"href":"https:\/\/jinhuaceramic.com\/fr\/wp-json\/wp\/v2\/media\/3639"}],"wp:attachment":[{"href":"https:\/\/jinhuaceramic.com\/fr\/wp-json\/wp\/v2\/media?parent=3637"}],"wp:term":[{"taxonomy":"product_brand","embeddable":true,"href":"https:\/\/jinhuaceramic.com\/fr\/wp-json\/wp\/v2\/product_brand?post=3637"},{"taxonomy":"product_cat","embeddable":true,"href":"https:\/\/jinhuaceramic.com\/fr\/wp-json\/wp\/v2\/product_cat?post=3637"},{"taxonomy":"product_tag","embeddable":true,"href":"https:\/\/jinhuaceramic.com\/fr\/wp-json\/wp\/v2\/product_tag?post=3637"}],"curies":[{"name":"wp","href":"https:\/\/api.w.org\/{rel}","templated":true}]}}