{"id":4585,"date":"2024-04-30T08:06:21","date_gmt":"2024-04-30T08:06:21","guid":{"rendered":"https:\/\/jinhuaceramic.com\/?post_type=product&#038;p=4585"},"modified":"2026-02-05T03:22:38","modified_gmt":"2026-02-05T03:22:38","slug":"ceramic-custom-bathroom-sets-in-bulk","status":"publish","type":"product","link":"https:\/\/jinhuaceramic.com\/fr\/product\/ceramic-custom-bathroom-sets-in-bulk\/","title":{"rendered":"Ensemble de salle de bain en vrac, accessoires de salle de bain pour h\u00f4tels"},"content":{"rendered":"<div class=\"wp-block-columns is-layout-flex wp-container-core-columns-is-layout-9d6595d7 wp-block-columns-is-layout-flex\">\n<div class=\"wp-block-column is-layout-flow wp-block-column-is-layout-flow\">\n<h3 class=\"wp-block-heading\">Premium Custom Bathroom Sets In Bulk Caract\u00e9ristiques :<\/h3>\n\n\n\n<ul class=\"wp-block-list\">\n<li><strong>Le design des rayures vertes fra\u00eeches est \u00e0 la fois beau et \u00e0 la mode : <\/strong>Cet ensemble de salle de bain personnalis\u00e9 en vrac adopte un design \u00e0 rayures vertes, \u00e0 la fois moderne et vibrant, qui ajoute une touche de couleur naturelle \u00e0 l'espace de la salle de bain. Il convient aux besoins de d\u00e9coration \u00e0 la mode des maisons et des h\u00f4tels.<\/li>\n\n\n\n<li><strong>Conception personnalis\u00e9e, mettant en valeur la personnalit\u00e9 de la marque :<\/strong> These wholesale bath accessories are available for customization services, you can select colors, stripe patterns and your brand LOGO etc to apply for exclusive customization solutions for hotels or premium residential, to boost your brand image and user\u2002experience.<\/li>\n\n\n\n<li><strong>Un ensemble complet d'accessoires pratiques avec des fonctions compl\u00e8tes :<\/strong> Ces sets de salle de bain personnalis\u00e9s en vrac comprennent des distributeurs de savon, des gobelets pour brosses \u00e0 dents, des porte-savons, etc. qui r\u00e9pondent parfaitement aux besoins quotidiens de la salle de bain. Ils sont \u00e0 la fois pratiques et d\u00e9coratifs et permettent de garder la salle de bains propre et ordonn\u00e9e.<\/li>\n\n\n\n<li><strong>C\u00e9ramique de haute qualit\u00e9, solide et facile \u00e0 nettoyer :<\/strong> Nos accessoires de bain en gros sont fabriqu\u00e9s en c\u00e9ramique de haute qualit\u00e9, sont solides et r\u00e9sistants aux taches. En outre, ce design de bande n'est pas seulement beau, il offre \u00e9galement un toucher confortable tous les jours et est facile \u00e0 nettoyer, ce qui garantit une beaut\u00e9 durable.<\/li>\n\n\n\n<li><strong>Stable Bulk Supply Capacity: <\/strong>Factory direct wholesale supply with stable production lead time, supporting large-volume procurement for engineering projects and chain businesses.<\/li>\n<\/ul>\n<\/div>\n\n\n\n<div class=\"wp-block-column is-layout-flow wp-block-column-is-layout-flow\">\n<figure class=\"wp-block-image size-full\"><img fetchpriority=\"high\" decoding=\"async\" width=\"666\" height=\"674\" src=\"https:\/\/jinhuaceramic.com\/wp-content\/uploads\/2024\/04\/ceramic-bathroom-set.webp\" alt=\"Ensemble de salle de bain personnalis\u00e9 en vrac, accessoires de salle de bain en gros pour les h\u00f4tels et les maisons-1\" class=\"wp-image-4592\" srcset=\"https:\/\/jinhuaceramic.com\/wp-content\/uploads\/2024\/04\/ceramic-bathroom-set.webp 666w, https:\/\/jinhuaceramic.com\/wp-content\/uploads\/2024\/04\/ceramic-bathroom-set-296x300.webp 296w, https:\/\/jinhuaceramic.com\/wp-content\/uploads\/2024\/04\/ceramic-bathroom-set-285x288.webp 285w, https:\/\/jinhuaceramic.com\/wp-content\/uploads\/2024\/04\/ceramic-bathroom-set-652x660.webp 652w, https:\/\/jinhuaceramic.com\/wp-content\/uploads\/2024\/04\/ceramic-bathroom-set-148x150.webp 148w\" sizes=\"(max-width: 666px) 100vw, 666px\" \/><\/figure>\n<\/div>\n<\/div>","protected":false},"excerpt":{"rendered":"<p>Bienvenue sur le site d'achat en gros d'accessoires de bain. Cet ensemble de salle de bain ray\u00e9 vert en vrac combine un design moderne et des fonctions pratiques, convenant \u00e0 l'h\u00f4tel et \u00e0 la maison. Il prend en charge les services personnalis\u00e9s et fournit une combinaison de mat\u00e9riaux c\u00e9ramiques de haute qualit\u00e9 et d'accessoires multifonctionnels qui sont \u00e0 la fois beaux et durables.<\/p>\n<p>&nbsp;<\/p>\n<p>&nbsp;<\/p>","protected":false},"featured_media":4592,"comment_status":"closed","ping_status":"closed","template":"","meta":{"_acf_changed":false},"product_brand":[],"product_cat":[51],"product_tag":[74],"class_list":{"0":"post-4585","1":"product","2":"type-product","3":"status-publish","4":"has-post-thumbnail","6":"product_cat-bathroom-accessories-wholesale","7":"product_tag-ceramic-bath-accessories-wholesale","9":"first","10":"instock","11":"shipping-taxable","12":"product-type-simple"},"acf":[],"_links":{"self":[{"href":"https:\/\/jinhuaceramic.com\/fr\/wp-json\/wp\/v2\/product\/4585","targetHints":{"allow":["GET"]}}],"collection":[{"href":"https:\/\/jinhuaceramic.com\/fr\/wp-json\/wp\/v2\/product"}],"about":[{"href":"https:\/\/jinhuaceramic.com\/fr\/wp-json\/wp\/v2\/types\/product"}],"replies":[{"embeddable":true,"href":"https:\/\/jinhuaceramic.com\/fr\/wp-json\/wp\/v2\/comments?post=4585"}],"version-history":[{"count":0,"href":"https:\/\/jinhuaceramic.com\/fr\/wp-json\/wp\/v2\/product\/4585\/revisions"}],"wp:featuredmedia":[{"embeddable":true,"href":"https:\/\/jinhuaceramic.com\/fr\/wp-json\/wp\/v2\/media\/4592"}],"wp:attachment":[{"href":"https:\/\/jinhuaceramic.com\/fr\/wp-json\/wp\/v2\/media?parent=4585"}],"wp:term":[{"taxonomy":"product_brand","embeddable":true,"href":"https:\/\/jinhuaceramic.com\/fr\/wp-json\/wp\/v2\/product_brand?post=4585"},{"taxonomy":"product_cat","embeddable":true,"href":"https:\/\/jinhuaceramic.com\/fr\/wp-json\/wp\/v2\/product_cat?post=4585"},{"taxonomy":"product_tag","embeddable":true,"href":"https:\/\/jinhuaceramic.com\/fr\/wp-json\/wp\/v2\/product_tag?post=4585"}],"curies":[{"name":"wp","href":"https:\/\/api.w.org\/{rel}","templated":true}]}}