{"id":4645,"date":"2024-05-09T01:06:23","date_gmt":"2024-05-09T01:06:23","guid":{"rendered":"https:\/\/jinhuaceramic.com\/?post_type=product&#038;p=4645"},"modified":"2025-04-21T03:19:50","modified_gmt":"2025-04-21T03:19:50","slug":"custom-ceramic-candle-jars-with-lids","status":"publish","type":"product","link":"https:\/\/jinhuaceramic.com\/fr\/product\/custom-ceramic-candle-jars-with-lids\/","title":{"rendered":"Pots \u00e0 bougie en c\u00e9ramique avec couvercles, r\u00e9cipients \u00e0 bougie en vrac pour la fabrication de bougies"},"content":{"rendered":"<div class=\"wp-block-columns is-layout-flex wp-container-core-columns-is-layout-9d6595d7 wp-block-columns-is-layout-flex\">\n<div class=\"wp-block-column is-layout-flow wp-block-column-is-layout-flow\">\n<h3 class=\"wp-block-heading\">Pots de bougie en c\u00e9ramique avec couvercle de premi\u00e8re qualit\u00e9 Caract\u00e9ristiques :<\/h3>\n\n\n\n<ul class=\"wp-block-list\">\n<li><strong>Design exquis : <\/strong>Ces photophores en c\u00e9ramique avec couvercle sont parfaits pour la fabrication de bougies. Le couvercle en c\u00e9ramique et le design unique, l'aspect lisse, simple et moderne, peuvent \u00eatre utilis\u00e9s comme d\u00e9coration d'int\u00e9rieur \u00e9l\u00e9gante.<\/li>\n\n\n\n<li><strong>Mat\u00e9riau de haute qualit\u00e9 : <\/strong>Ces r\u00e9cipients pour bougies en vrac sont fabriqu\u00e9s en argile porcelaine de haute qualit\u00e9, ce qui garantit leur durabilit\u00e9 et leur texture. Le pot en c\u00e9ramique sans plomb et non toxique est plus s\u00fbr et plus sain que le m\u00e9tal et peut \u00eatre utilis\u00e9 \u00e0 plusieurs reprises.<\/li>\n\n\n\n<li><strong>Utilisation multifonctionnelle :<\/strong> Nos photophores en c\u00e9ramique avec couvercle sont largement utilis\u00e9s pour fabriquer des bougies ou pour contenir du sucre, des \u00e9pices, des grains de caf\u00e9, des noix, des th\u00e9s, etc.<\/li>\n\n\n\n<li><strong>Personnalisation : <\/strong>Nous fournissons des services de pots \u00e0 bougie personnalis\u00e9s pour les r\u00e9cipients \u00e0 bougie en vrac et nous pouvons personnaliser diff\u00e9rentes couleurs, formes, emballages, logos et motifs de pots en c\u00e9ramique en fonction des besoins des clients.<\/li>\n<\/ul>\n<\/div>\n\n\n\n<div class=\"wp-block-column is-layout-flow wp-block-column-is-layout-flow\">\n<figure class=\"wp-block-image size-full\"><img fetchpriority=\"high\" decoding=\"async\" width=\"750\" height=\"750\" src=\"https:\/\/jinhuaceramic.com\/wp-content\/uploads\/2024\/05\/ceramic-jar.webp\" alt=\"Pots \u00e0 bougie en c\u00e9ramique avec couvercles, r\u00e9cipients \u00e0 bougie en vrac pour la fabrication de bougies-1\" class=\"wp-image-4644\" srcset=\"https:\/\/jinhuaceramic.com\/wp-content\/uploads\/2024\/05\/ceramic-jar.webp 750w, https:\/\/jinhuaceramic.com\/wp-content\/uploads\/2024\/05\/ceramic-jar-300x300.webp 300w, https:\/\/jinhuaceramic.com\/wp-content\/uploads\/2024\/05\/ceramic-jar-150x150.webp 150w, https:\/\/jinhuaceramic.com\/wp-content\/uploads\/2024\/05\/ceramic-jar-285x285.webp 285w, https:\/\/jinhuaceramic.com\/wp-content\/uploads\/2024\/05\/ceramic-jar-270x270.webp 270w, https:\/\/jinhuaceramic.com\/wp-content\/uploads\/2024\/05\/ceramic-jar-540x540.webp 540w, https:\/\/jinhuaceramic.com\/wp-content\/uploads\/2024\/05\/ceramic-jar-660x660.webp 660w\" sizes=\"(max-width: 750px) 100vw, 750px\" \/><\/figure>\n<\/div>\n<\/div>\n\n\n\n<p><\/p>","protected":false},"excerpt":{"rendered":"<p>Nous vous invitons \u00e0 acheter des photophores en vrac. Nos photophores en c\u00e9ramique avec couvercle sont fabriqu\u00e9s en argile porcelaine de haute qualit\u00e9. Leur design est unique et ils constituent une excellente d\u00e9coration int\u00e9rieure. Nous fournissons \u00e9galement un service personnalis\u00e9 de photophores avec des prix d'usine comp\u00e9titifs. Vous pouvez personnaliser la couleur, le logo, l'emballage, etc. en fonction des diff\u00e9rentes exigences des clients.\u00a0<\/p>","protected":false},"featured_media":4641,"comment_status":"closed","ping_status":"closed","template":"","meta":{"_acf_changed":false},"product_brand":[],"product_cat":[52],"product_tag":[67,66],"class_list":{"0":"post-4645","1":"product","2":"type-product","3":"status-publish","4":"has-post-thumbnail","6":"product_cat-wholesale-candle-containers","7":"product_tag-bulk-candle-jars-with-lids","8":"product_tag-candle-jars-wholesale","10":"first","11":"instock","12":"shipping-taxable","13":"product-type-simple"},"acf":[],"_links":{"self":[{"href":"https:\/\/jinhuaceramic.com\/fr\/wp-json\/wp\/v2\/product\/4645","targetHints":{"allow":["GET"]}}],"collection":[{"href":"https:\/\/jinhuaceramic.com\/fr\/wp-json\/wp\/v2\/product"}],"about":[{"href":"https:\/\/jinhuaceramic.com\/fr\/wp-json\/wp\/v2\/types\/product"}],"replies":[{"embeddable":true,"href":"https:\/\/jinhuaceramic.com\/fr\/wp-json\/wp\/v2\/comments?post=4645"}],"version-history":[{"count":0,"href":"https:\/\/jinhuaceramic.com\/fr\/wp-json\/wp\/v2\/product\/4645\/revisions"}],"wp:featuredmedia":[{"embeddable":true,"href":"https:\/\/jinhuaceramic.com\/fr\/wp-json\/wp\/v2\/media\/4641"}],"wp:attachment":[{"href":"https:\/\/jinhuaceramic.com\/fr\/wp-json\/wp\/v2\/media?parent=4645"}],"wp:term":[{"taxonomy":"product_brand","embeddable":true,"href":"https:\/\/jinhuaceramic.com\/fr\/wp-json\/wp\/v2\/product_brand?post=4645"},{"taxonomy":"product_cat","embeddable":true,"href":"https:\/\/jinhuaceramic.com\/fr\/wp-json\/wp\/v2\/product_cat?post=4645"},{"taxonomy":"product_tag","embeddable":true,"href":"https:\/\/jinhuaceramic.com\/fr\/wp-json\/wp\/v2\/product_tag?post=4645"}],"curies":[{"name":"wp","href":"https:\/\/api.w.org\/{rel}","templated":true}]}}