{"id":4707,"date":"2024-05-17T08:53:13","date_gmt":"2024-05-17T08:53:13","guid":{"rendered":"https:\/\/jinhuaceramic.com\/?post_type=product&#038;p=4707"},"modified":"2025-04-21T03:20:25","modified_gmt":"2025-04-21T03:20:25","slug":"custom-marble-ceramic-jars-for-candles","status":"publish","type":"product","link":"https:\/\/jinhuaceramic.com\/fr\/product\/custom-marble-ceramic-jars-for-candles\/","title":{"rendered":"Pots en c\u00e9ramique textur\u00e9e en marbre, vases \u00e0 bougie Wholesale"},"content":{"rendered":"<div class=\"wp-block-columns is-layout-flex wp-container-core-columns-is-layout-9d6595d7 wp-block-columns-is-layout-flex\">\n<div class=\"wp-block-column is-layout-flow wp-block-column-is-layout-flow\">\n<h3 class=\"wp-block-heading\">Pots en c\u00e9ramique de marbre de premi\u00e8re qualit\u00e9 Caract\u00e9ristiques :<\/h3>\n\n\n\n<ul class=\"wp-block-list\">\n<li><strong>Design en marbre :<\/strong> Ces photophores en c\u00e9ramique marbr\u00e9e personnalis\u00e9s sont orn\u00e9s de motifs marbr\u00e9s bleu clair et blancs, ce qui leur conf\u00e8re une apparence douce et \u00e9l\u00e9gante. L'int\u00e9rieur du photophore est d'un bleu clair uni, assorti \u00e0 la couleur ext\u00e9rieure.<\/li>\n\n\n\n<li><strong>Technologie de gla\u00e7age des couleurs : <\/strong>Ce photophore en c\u00e9ramique utilise la technologie de l'\u00e9mail color\u00e9. Le processus d'\u00e9maillage am\u00e9liore la durabilit\u00e9 des photophores, les rendant plus r\u00e9sistants aux rayures et \u00e0 l'usure quotidienne.<\/li>\n\n\n\n<li><strong>Utilisation multifonctionnelle :<\/strong> Outre la fabrication de bougies, ces pots en c\u00e9ramique marbr\u00e9e personnalis\u00e9s peuvent \u00e9galement servir de jardini\u00e8res, de porte-stylos, de porte-brosses \u00e0 maquillage, de porte-ustensiles, etc.<\/li>\n\n\n\n<li><strong>Service satisfaisant : <\/strong>Nous fournissons aux consommateurs des vases \u00e0 bougie en c\u00e9ramique de haute qualit\u00e9 en gros et des services satisfaisants. Si le photophore en marbre re\u00e7u est endommag\u00e9, veuillez d'abord nous contacter ! Nous vous fournirons des solutions satisfaisantes dans les 24 heures.<\/li>\n<\/ul>\n<\/div>\n\n\n\n<div class=\"wp-block-column is-layout-flow wp-block-column-is-layout-flow\">\n<figure class=\"wp-block-image size-full\"><img fetchpriority=\"high\" decoding=\"async\" width=\"800\" height=\"800\" src=\"https:\/\/jinhuaceramic.com\/wp-content\/uploads\/2024\/05\/candle-jar-ceramic.webp\" alt=\"Pots en c\u00e9ramique textur\u00e9e en marbre, vases \u00e0 bougies Wholesale-1\" class=\"wp-image-4692\" srcset=\"https:\/\/jinhuaceramic.com\/wp-content\/uploads\/2024\/05\/candle-jar-ceramic.webp 800w, https:\/\/jinhuaceramic.com\/wp-content\/uploads\/2024\/05\/candle-jar-ceramic-300x300.webp 300w, https:\/\/jinhuaceramic.com\/wp-content\/uploads\/2024\/05\/candle-jar-ceramic-150x150.webp 150w, https:\/\/jinhuaceramic.com\/wp-content\/uploads\/2024\/05\/candle-jar-ceramic-768x768.webp 768w, https:\/\/jinhuaceramic.com\/wp-content\/uploads\/2024\/05\/candle-jar-ceramic-285x285.webp 285w, https:\/\/jinhuaceramic.com\/wp-content\/uploads\/2024\/05\/candle-jar-ceramic-270x270.webp 270w, https:\/\/jinhuaceramic.com\/wp-content\/uploads\/2024\/05\/candle-jar-ceramic-540x540.webp 540w, https:\/\/jinhuaceramic.com\/wp-content\/uploads\/2024\/05\/candle-jar-ceramic-660x660.webp 660w\" sizes=\"(max-width: 800px) 100vw, 800px\" \/><\/figure>\n<\/div>\n<\/div>","protected":false},"excerpt":{"rendered":"<p>Bienvenue pour acheter des pots \u00e0 bougie en gros. Ces pots \u00e0 bougie en c\u00e9ramique marbr\u00e9e personnalis\u00e9s sont l'un de nos pots \u00e0 bougie en c\u00e9ramique les plus vendus, qui conviennent parfaitement \u00e0 la fabrication de bougies. Ces photophores en c\u00e9ramique marbr\u00e9e sont con\u00e7us avec diff\u00e9rentes couleurs de marbre, ajoutant un style \u00e9l\u00e9gant \u00e0 n'importe quel espace. Ils sont fabriqu\u00e9s \u00e0 partir d'une technologie de gla\u00e7age color\u00e9 de haute qualit\u00e9, qui est durable et \u00e9l\u00e9gante.<\/p>","protected":false},"featured_media":4693,"comment_status":"closed","ping_status":"closed","template":"","meta":{"_acf_changed":false},"product_brand":[],"product_cat":[52],"product_tag":[66],"class_list":{"0":"post-4707","1":"product","2":"type-product","3":"status-publish","4":"has-post-thumbnail","6":"product_cat-wholesale-candle-containers","7":"product_tag-candle-jars-wholesale","9":"first","10":"instock","11":"shipping-taxable","12":"product-type-simple"},"acf":[],"_links":{"self":[{"href":"https:\/\/jinhuaceramic.com\/fr\/wp-json\/wp\/v2\/product\/4707","targetHints":{"allow":["GET"]}}],"collection":[{"href":"https:\/\/jinhuaceramic.com\/fr\/wp-json\/wp\/v2\/product"}],"about":[{"href":"https:\/\/jinhuaceramic.com\/fr\/wp-json\/wp\/v2\/types\/product"}],"replies":[{"embeddable":true,"href":"https:\/\/jinhuaceramic.com\/fr\/wp-json\/wp\/v2\/comments?post=4707"}],"version-history":[{"count":0,"href":"https:\/\/jinhuaceramic.com\/fr\/wp-json\/wp\/v2\/product\/4707\/revisions"}],"wp:featuredmedia":[{"embeddable":true,"href":"https:\/\/jinhuaceramic.com\/fr\/wp-json\/wp\/v2\/media\/4693"}],"wp:attachment":[{"href":"https:\/\/jinhuaceramic.com\/fr\/wp-json\/wp\/v2\/media?parent=4707"}],"wp:term":[{"taxonomy":"product_brand","embeddable":true,"href":"https:\/\/jinhuaceramic.com\/fr\/wp-json\/wp\/v2\/product_brand?post=4707"},{"taxonomy":"product_cat","embeddable":true,"href":"https:\/\/jinhuaceramic.com\/fr\/wp-json\/wp\/v2\/product_cat?post=4707"},{"taxonomy":"product_tag","embeddable":true,"href":"https:\/\/jinhuaceramic.com\/fr\/wp-json\/wp\/v2\/product_tag?post=4707"}],"curies":[{"name":"wp","href":"https:\/\/api.w.org\/{rel}","templated":true}]}}