{"id":4732,"date":"2024-05-22T10:30:30","date_gmt":"2024-05-22T10:30:30","guid":{"rendered":"https:\/\/jinhuaceramic.com\/?post_type=product&#038;p=4732"},"modified":"2025-03-11T08:31:49","modified_gmt":"2025-03-11T08:31:49","slug":"wholesale-ceramic-ramekin-cups","status":"publish","type":"product","link":"https:\/\/jinhuaceramic.com\/fr\/product\/wholesale-ceramic-ramekin-cups\/","title":{"rendered":"Grossiste Coupes Ramequins en C\u00e9ramique, Coupes \u00e0 Souffl\u00e9 en Bulk pour Dessert"},"content":{"rendered":"<div class=\"wp-block-columns is-layout-flex wp-container-core-columns-is-layout-9d6595d7 wp-block-columns-is-layout-flex\">\n<div class=\"wp-block-column is-layout-flow wp-block-column-is-layout-flow\">\n<h3 class=\"wp-block-heading\">Premium Wholesale Ceramic Ramekin Cup Caract\u00e9ristiques :<\/h3>\n\n\n\n<ul class=\"wp-block-list\">\n<li><strong>Conception unique :<\/strong> Nos tasses ramequins en c\u00e9ramique sont dot\u00e9es d'un corps blanc simple et d'un bord brun d\u00e9licat, \u00e0 la fois classique et unique, qui conf\u00e8re une atmosph\u00e8re moderne et \u00e9l\u00e9gante \u00e0 la table. Elles conviennent parfaitement \u00e0 la pr\u00e9sentation de desserts en diverses occasions.<\/li>\n\n\n\n<li><strong>S'applique \u00e0 une vari\u00e9t\u00e9 de desserts \u00e0 cuire :<\/strong> Ces coupes \u00e0 souffl\u00e9 en vrac sont con\u00e7ues pour la cuisson de divers desserts, comme le souffl\u00e9, le pudding au caramel, le g\u00e2teau \u00e0 la lave de chocolat, etc. ; la taille moyenne peut parfaitement r\u00e9pondre aux besoins de production de divers petits desserts et devenir un outil id\u00e9al pour la cuisson \u00e0 la maison ou au restaurant.<\/li>\n\n\n\n<li><strong>Mat\u00e9riau c\u00e9ramique r\u00e9sistant \u00e0 la chaleur, excellent effet de cuisson :<\/strong> Chacun de nos ramequins en c\u00e9ramique est fabriqu\u00e9 dans une c\u00e9ramique r\u00e9sistante \u00e0 la chaleur de qualit\u00e9 sup\u00e9rieure qui peut supporter des temp\u00e9ratures \u00e9lev\u00e9es dans les fours et les micro-ondes, ce qui permet de chauffer le dessert de mani\u00e8re uniforme pour cr\u00e9er une texture l\u00e9g\u00e8re et des produits de boulangerie fragiles parfaitement dilat\u00e9s.<\/li>\n\n\n\n<li><strong>Facile \u00e0 nettoyer et compatible avec le lave-vaisselle : <\/strong>Outre leur aspect pratique et esth\u00e9tique, ces tasses \u00e0 souffl\u00e9 en vrac se nettoient facilement. Elles peuvent \u00eatre lav\u00e9es au lave-vaisselle, ce qui vous permet de gagner du temps et de les utiliser plus facilement. Elles constituent un tr\u00e8s bon choix pour un usage quotidien dans les cuisines des particuliers et des restaurants.<\/li>\n<\/ul>\n<\/div>\n\n\n\n<div class=\"wp-block-column is-layout-flow wp-block-column-is-layout-flow\">\n<figure class=\"wp-block-image size-full\"><img fetchpriority=\"high\" decoding=\"async\" width=\"1434\" height=\"1500\" src=\"https:\/\/jinhuaceramic.com\/wp-content\/uploads\/2024\/05\/ramekin.webp\" alt=\"Grossiste Coupes Ramequins en C\u00e9ramique, Coupes \u00e0 Souffl\u00e9 en Bulk pour Dessert-1\" class=\"wp-image-4730\" srcset=\"https:\/\/jinhuaceramic.com\/wp-content\/uploads\/2024\/05\/ramekin.webp 1434w, https:\/\/jinhuaceramic.com\/wp-content\/uploads\/2024\/05\/ramekin-287x300.webp 287w, https:\/\/jinhuaceramic.com\/wp-content\/uploads\/2024\/05\/ramekin-768x803.webp 768w, https:\/\/jinhuaceramic.com\/wp-content\/uploads\/2024\/05\/ramekin-285x298.webp 285w, https:\/\/jinhuaceramic.com\/wp-content\/uploads\/2024\/05\/ramekin-631x660.webp 631w, https:\/\/jinhuaceramic.com\/wp-content\/uploads\/2024\/05\/ramekin-143x150.webp 143w\" sizes=\"(max-width: 1434px) 100vw, 1434px\" \/><\/figure>\n<\/div>\n<\/div>","protected":false},"excerpt":{"rendered":"<p>Bienvenue dans l'achat de tasses \u00e0 souffl\u00e9 en vrac. Nos tasses \u00e0 ramequin en c\u00e9ramique blanche avec un bord marron sont classiques et \u00e9l\u00e9gantes pour toutes sortes de desserts. La c\u00e9ramique thermor\u00e9sistante de haute qualit\u00e9 assure un chauffage uniforme des aliments \u00e0 l'int\u00e9rieur, passe au four et au micro-ondes, et est facile \u00e0 nettoyer au lave-vaisselle, ce qui en fait un outil de cuisson id\u00e9al pour une utilisation \u00e0 la maison et au restaurant.<\/p>","protected":false},"featured_media":4731,"comment_status":"closed","ping_status":"closed","template":"","meta":{"_acf_changed":false},"product_brand":[],"product_cat":[53],"product_tag":[69],"class_list":{"0":"post-4732","1":"product","2":"type-product","3":"status-publish","4":"has-post-thumbnail","6":"product_cat-bakeware-in-bulk","7":"product_tag-bulk-ramekins","9":"first","10":"instock","11":"shipping-taxable","12":"product-type-simple"},"acf":[],"_links":{"self":[{"href":"https:\/\/jinhuaceramic.com\/fr\/wp-json\/wp\/v2\/product\/4732","targetHints":{"allow":["GET"]}}],"collection":[{"href":"https:\/\/jinhuaceramic.com\/fr\/wp-json\/wp\/v2\/product"}],"about":[{"href":"https:\/\/jinhuaceramic.com\/fr\/wp-json\/wp\/v2\/types\/product"}],"replies":[{"embeddable":true,"href":"https:\/\/jinhuaceramic.com\/fr\/wp-json\/wp\/v2\/comments?post=4732"}],"version-history":[{"count":0,"href":"https:\/\/jinhuaceramic.com\/fr\/wp-json\/wp\/v2\/product\/4732\/revisions"}],"wp:featuredmedia":[{"embeddable":true,"href":"https:\/\/jinhuaceramic.com\/fr\/wp-json\/wp\/v2\/media\/4731"}],"wp:attachment":[{"href":"https:\/\/jinhuaceramic.com\/fr\/wp-json\/wp\/v2\/media?parent=4732"}],"wp:term":[{"taxonomy":"product_brand","embeddable":true,"href":"https:\/\/jinhuaceramic.com\/fr\/wp-json\/wp\/v2\/product_brand?post=4732"},{"taxonomy":"product_cat","embeddable":true,"href":"https:\/\/jinhuaceramic.com\/fr\/wp-json\/wp\/v2\/product_cat?post=4732"},{"taxonomy":"product_tag","embeddable":true,"href":"https:\/\/jinhuaceramic.com\/fr\/wp-json\/wp\/v2\/product_tag?post=4732"}],"curies":[{"name":"wp","href":"https:\/\/api.w.org\/{rel}","templated":true}]}}