{"id":4769,"date":"2024-05-27T01:25:28","date_gmt":"2024-05-27T01:25:28","guid":{"rendered":"https:\/\/jinhuaceramic.com\/?post_type=product&#038;p=4769"},"modified":"2025-03-10T09:06:22","modified_gmt":"2025-03-10T09:06:22","slug":"oven-safe-custom-bakeware-in-bulk","status":"publish","type":"product","link":"https:\/\/jinhuaceramic.com\/fr\/product\/oven-safe-custom-bakeware-in-bulk\/","title":{"rendered":"Produits de boulangerie personnalis\u00e9s en vrac, plats de boulangerie avec poign\u00e9e en gros"},"content":{"rendered":"<div class=\"wp-block-columns is-layout-flex wp-container-core-columns-is-layout-9d6595d7 wp-block-columns-is-layout-flex\">\n<div class=\"wp-block-column is-layout-flow wp-block-column-is-layout-flow\">\n<h3 class=\"wp-block-heading\">Produits de boulangerie personnalis\u00e9s de premi\u00e8re qualit\u00e9 en vrac Caract\u00e9ristiques :<\/h3>\n\n\n\n<ul class=\"wp-block-list\">\n<li><strong>R\u00e9sistance aux hautes temp\u00e9ratures : <\/strong>Ce moule \u00e0 p\u00e2tisserie personnalis\u00e9 en vrac est fabriqu\u00e9 en c\u00e9ramique thermor\u00e9sistante de haute qualit\u00e9 et peut \u00eatre utilis\u00e9 jusqu'\u00e0 250 \u00b0C. Il convient \u00e0 divers fours et micro-ondes. Il convient \u00e0 divers fours et micro-ondes ; il permet une chauffe uniforme et d'excellents r\u00e9sultats de cuisson.<\/li>\n\n\n\n<li><strong>Poign\u00e9e pratique :<\/strong> Dot\u00e9 d'une poign\u00e9e stable, ce plat de cuisson en gros peut \u00eatre retir\u00e9 du four facilement et en toute s\u00e9curit\u00e9, m\u00eame \u00e0 haute temp\u00e9rature, ce qui am\u00e9liore la s\u00e9curit\u00e9 et la commodit\u00e9 de la cuisson.<\/li>\n\n\n\n<li><strong>Service personnalis\u00e9 : <\/strong>La taille, la forme, le style de la poign\u00e9e et la vari\u00e9t\u00e9 des couleurs sont personnalisables. Les moules \u00e0 p\u00e2tisserie en vrac de Jinhua vous garantissent que chaque pi\u00e8ce conviendra \u00e0 vos besoins particuliers.<\/li>\n\n\n\n<li><strong>Remise sur les achats en gros :<\/strong> En tant que fabricant professionnel d'ustensiles de cuisson en c\u00e9ramique, nous proposons des prix tr\u00e8s comp\u00e9titifs pour des plats de cuisson en gros adapt\u00e9s aux boulangeries, aux restaurants et aux grandes entreprises de cuisson.<\/li>\n<\/ul>\n<\/div>\n\n\n\n<div class=\"wp-block-column is-layout-flow wp-block-column-is-layout-flow\">\n<figure class=\"wp-block-image size-full\"><img fetchpriority=\"high\" decoding=\"async\" width=\"1251\" height=\"1251\" src=\"https:\/\/jinhuaceramic.com\/wp-content\/uploads\/2024\/05\/bakeware.webp\" alt=\"ustensiles de cuisson personnalis\u00e9s s\u00e9curis\u00e9s pour le four en vrac avec poign\u00e9es\" class=\"wp-image-4762\" srcset=\"https:\/\/jinhuaceramic.com\/wp-content\/uploads\/2024\/05\/bakeware.webp 1251w, https:\/\/jinhuaceramic.com\/wp-content\/uploads\/2024\/05\/bakeware-300x300.webp 300w, https:\/\/jinhuaceramic.com\/wp-content\/uploads\/2024\/05\/bakeware-150x150.webp 150w, https:\/\/jinhuaceramic.com\/wp-content\/uploads\/2024\/05\/bakeware-768x768.webp 768w, https:\/\/jinhuaceramic.com\/wp-content\/uploads\/2024\/05\/bakeware-285x285.webp 285w, https:\/\/jinhuaceramic.com\/wp-content\/uploads\/2024\/05\/bakeware-270x270.webp 270w, https:\/\/jinhuaceramic.com\/wp-content\/uploads\/2024\/05\/bakeware-540x540.webp 540w, https:\/\/jinhuaceramic.com\/wp-content\/uploads\/2024\/05\/bakeware-660x660.webp 660w\" sizes=\"(max-width: 1251px) 100vw, 1251px\" \/><\/figure>\n<\/div>\n<\/div>","protected":false},"excerpt":{"rendered":"<p>Bienvenue sur le site d'achat en gros de plats de cuisson. Avec un design pratique de la poign\u00e9e, ce moule \u00e0 p\u00e2tisserie personnalis\u00e9 en vrac assure la commodit\u00e9 des op\u00e9rations de cuisson. Les mati\u00e8res premi\u00e8res c\u00e9ramiques de haute qualit\u00e9 r\u00e9sistantes aux temp\u00e9ratures \u00e9lev\u00e9es garantissent divers types d'options de personnalisation disponibles pour r\u00e9pondre aux besoins de cuisson dans diff\u00e9rents sc\u00e9narios et peuvent donc constituer un choix id\u00e9al pour la cuisson domestique et commerciale.<\/p>","protected":false},"featured_media":4764,"comment_status":"closed","ping_status":"closed","template":"","meta":{"_acf_changed":false},"product_brand":[],"product_cat":[53],"product_tag":[71],"class_list":{"0":"post-4769","1":"product","2":"type-product","3":"status-publish","4":"has-post-thumbnail","6":"product_cat-bakeware-in-bulk","7":"product_tag-wholesale-baking-pans","9":"first","10":"instock","11":"shipping-taxable","12":"product-type-simple"},"acf":[],"_links":{"self":[{"href":"https:\/\/jinhuaceramic.com\/fr\/wp-json\/wp\/v2\/product\/4769","targetHints":{"allow":["GET"]}}],"collection":[{"href":"https:\/\/jinhuaceramic.com\/fr\/wp-json\/wp\/v2\/product"}],"about":[{"href":"https:\/\/jinhuaceramic.com\/fr\/wp-json\/wp\/v2\/types\/product"}],"replies":[{"embeddable":true,"href":"https:\/\/jinhuaceramic.com\/fr\/wp-json\/wp\/v2\/comments?post=4769"}],"version-history":[{"count":0,"href":"https:\/\/jinhuaceramic.com\/fr\/wp-json\/wp\/v2\/product\/4769\/revisions"}],"wp:featuredmedia":[{"embeddable":true,"href":"https:\/\/jinhuaceramic.com\/fr\/wp-json\/wp\/v2\/media\/4764"}],"wp:attachment":[{"href":"https:\/\/jinhuaceramic.com\/fr\/wp-json\/wp\/v2\/media?parent=4769"}],"wp:term":[{"taxonomy":"product_brand","embeddable":true,"href":"https:\/\/jinhuaceramic.com\/fr\/wp-json\/wp\/v2\/product_brand?post=4769"},{"taxonomy":"product_cat","embeddable":true,"href":"https:\/\/jinhuaceramic.com\/fr\/wp-json\/wp\/v2\/product_cat?post=4769"},{"taxonomy":"product_tag","embeddable":true,"href":"https:\/\/jinhuaceramic.com\/fr\/wp-json\/wp\/v2\/product_tag?post=4769"}],"curies":[{"name":"wp","href":"https:\/\/api.w.org\/{rel}","templated":true}]}}