{"id":4786,"date":"2024-05-27T08:50:05","date_gmt":"2024-05-27T08:50:05","guid":{"rendered":"https:\/\/jinhuaceramic.com\/?post_type=product&#038;p=4786"},"modified":"2025-03-08T01:39:12","modified_gmt":"2025-03-08T01:39:12","slug":"rainbow-wholesale-soap-dish","status":"publish","type":"product","link":"https:\/\/jinhuaceramic.com\/fr\/product\/rainbow-wholesale-soap-dish\/","title":{"rendered":"Forme arc-en-ciel Distributeur de savon en c\u00e9ramique Fournitures de salle de bains"},"content":{"rendered":"<div class=\"wp-block-columns is-layout-flex wp-container-core-columns-is-layout-9d6595d7 wp-block-columns-is-layout-flex\">\n<div class=\"wp-block-column is-layout-flow wp-block-column-is-layout-flow\">\n<h3 class=\"wp-block-heading\">Premium Wholesale Soap Dish Features :<\/h3>\n\n\n\n<ul class=\"wp-block-list\">\n<li><strong>Design en forme d'arc-en-ciel :<\/strong> Ce porte-savon en gros a un design sp\u00e9cial en forme d'arc-en-ciel qui apportera des couleurs vives \u00e0 l'espace monotone de la salle de bains, activera la joie de vivre et conviendra \u00e0 tous les \u00e2ges des membres de la famille.<\/li>\n\n\n\n<li><strong>C\u00e9ramique de haute qualit\u00e9 : <\/strong>Il est fabriqu\u00e9 \u00e0 partir de mati\u00e8res premi\u00e8res c\u00e9ramiques de qualit\u00e9 et cuit \u00e0 haute temp\u00e9rature pour garantir la stabilit\u00e9 de la structure du porte-savon en vrac. La surface est lisse et fragile, ce qui lui permet de rester propre plus longtemps et d'avoir une longue dur\u00e9e de vie.<\/li>\n\n\n\n<li><strong>Conception du fond antid\u00e9rapant :<\/strong> Le fond de notre porte-savon en gros a \u00e9t\u00e9 soigneusement recouvert d'une substance antid\u00e9rapante afin de s'assurer qu'il repose fermement sur tout comptoir de cuisine et qu'il ne glisse pas lorsqu'il est utilis\u00e9, pour des raisons de s\u00e9curit\u00e9.<\/li>\n\n\n\n<li><strong>Remise en gros :<\/strong> En tant que fabricant professionnel d'accessoires de salle de bain en c\u00e9ramique, nous fournissons les meilleurs prix pour les porte-savons en c\u00e9ramique en vrac. Nous pouvons offrir des remises suppl\u00e9mentaires pour les commandes en vrac qui conviennent au commerce, aux h\u00f4tels et aux institutions.<\/li>\n<\/ul>\n<\/div>\n\n\n\n<div class=\"wp-block-column is-layout-flow wp-block-column-is-layout-flow\">\n<figure class=\"wp-block-image size-full\"><img fetchpriority=\"high\" decoding=\"async\" width=\"745\" height=\"957\" src=\"https:\/\/jinhuaceramic.com\/wp-content\/uploads\/2024\/05\/ceramic-soap-dish-2.webp\" alt=\"Wholesale-Ceramic-Soap-Dish-Bathroom-Supplies\" class=\"wp-image-4778\" srcset=\"https:\/\/jinhuaceramic.com\/wp-content\/uploads\/2024\/05\/ceramic-soap-dish-2.webp 745w, https:\/\/jinhuaceramic.com\/wp-content\/uploads\/2024\/05\/ceramic-soap-dish-2-234x300.webp 234w, https:\/\/jinhuaceramic.com\/wp-content\/uploads\/2024\/05\/ceramic-soap-dish-2-285x366.webp 285w, https:\/\/jinhuaceramic.com\/wp-content\/uploads\/2024\/05\/ceramic-soap-dish-2-514x660.webp 514w, https:\/\/jinhuaceramic.com\/wp-content\/uploads\/2024\/05\/ceramic-soap-dish-2-117x150.webp 117w\" sizes=\"(max-width: 745px) 100vw, 745px\" \/><\/figure>\n<\/div>\n<\/div>","protected":false},"excerpt":{"rendered":"<p>Bienvenue sur le march\u00e9 des porte-savons en c\u00e9ramique. Ce porte-savon en gros est bien con\u00e7u et a une forme d'arc-en-ciel. En tant qu'\u00e9l\u00e9ment de d\u00e9coration de la salle de bain, il rendra l'espace plus vivant et divertissant. Le mat\u00e9riau c\u00e9ramique de haute qualit\u00e9 dont il est fait garantit une bonne durabilit\u00e9 du produit. Son fond antid\u00e9rapant rend le porte-savon plus stable lorsqu'il est utilis\u00e9.<\/p>","protected":false},"featured_media":4780,"comment_status":"closed","ping_status":"closed","template":"","meta":{"_acf_changed":false},"product_brand":[],"product_cat":[51],"product_tag":[72],"class_list":{"0":"post-4786","1":"product","2":"type-product","3":"status-publish","4":"has-post-thumbnail","6":"product_cat-bathroom-accessories-wholesale","7":"product_tag-wholesale-soap-dishes","9":"first","10":"instock","11":"shipping-taxable","12":"product-type-simple"},"acf":[],"_links":{"self":[{"href":"https:\/\/jinhuaceramic.com\/fr\/wp-json\/wp\/v2\/product\/4786","targetHints":{"allow":["GET"]}}],"collection":[{"href":"https:\/\/jinhuaceramic.com\/fr\/wp-json\/wp\/v2\/product"}],"about":[{"href":"https:\/\/jinhuaceramic.com\/fr\/wp-json\/wp\/v2\/types\/product"}],"replies":[{"embeddable":true,"href":"https:\/\/jinhuaceramic.com\/fr\/wp-json\/wp\/v2\/comments?post=4786"}],"version-history":[{"count":0,"href":"https:\/\/jinhuaceramic.com\/fr\/wp-json\/wp\/v2\/product\/4786\/revisions"}],"wp:featuredmedia":[{"embeddable":true,"href":"https:\/\/jinhuaceramic.com\/fr\/wp-json\/wp\/v2\/media\/4780"}],"wp:attachment":[{"href":"https:\/\/jinhuaceramic.com\/fr\/wp-json\/wp\/v2\/media?parent=4786"}],"wp:term":[{"taxonomy":"product_brand","embeddable":true,"href":"https:\/\/jinhuaceramic.com\/fr\/wp-json\/wp\/v2\/product_brand?post=4786"},{"taxonomy":"product_cat","embeddable":true,"href":"https:\/\/jinhuaceramic.com\/fr\/wp-json\/wp\/v2\/product_cat?post=4786"},{"taxonomy":"product_tag","embeddable":true,"href":"https:\/\/jinhuaceramic.com\/fr\/wp-json\/wp\/v2\/product_tag?post=4786"}],"curies":[{"name":"wp","href":"https:\/\/api.w.org\/{rel}","templated":true}]}}