{"id":4864,"date":"2024-06-03T02:51:41","date_gmt":"2024-06-03T02:51:41","guid":{"rendered":"https:\/\/jinhuaceramic.com\/?post_type=product&#038;p=4864"},"modified":"2025-03-10T08:40:33","modified_gmt":"2025-03-10T08:40:33","slug":"ceramic-candle-jars-wholesale-2","status":"publish","type":"product","link":"https:\/\/jinhuaceramic.com\/fr\/product\/ceramic-candle-jars-wholesale-2\/","title":{"rendered":"Pots de bougie en c\u00e9ramique fantaisie Wholesale With Factory Direct Price"},"content":{"rendered":"<div class=\"wp-block-columns is-layout-flex wp-container-core-columns-is-layout-9d6595d7 wp-block-columns-is-layout-flex\">\n<div class=\"wp-block-column is-layout-flow wp-block-column-is-layout-flow\">\n<h3 class=\"wp-block-heading\">Pots de bougie en c\u00e9ramique de premi\u00e8re qualit\u00e9 Caract\u00e9ristiques en gros :<\/h3>\n\n\n\n<ul class=\"wp-block-list\">\n<li><strong>Design \u00e9pur\u00e9 :<\/strong> Ces photophores en c\u00e9ramique se caract\u00e9risent par une forme minimaliste. La forme lisse et circulaire, avec un sommet l\u00e9g\u00e8rement incurv\u00e9, d\u00e9gage non seulement une beaut\u00e9 moderne et \u00e9l\u00e9gante, mais renforce \u00e9galement la stabilit\u00e9 de la bougie.<\/li>\n\n\n\n<li><strong>Couleurs vives :<\/strong> Ces photophores en c\u00e9ramique personnalis\u00e9s sont disponibles en plusieurs couleurs mates pour s'adapter \u00e0 diff\u00e9rents d\u00e9cors, comme le blanc, le noir, le gris, le bleu et le jaune. D'autres couleurs peuvent \u00e9galement \u00eatre personnalis\u00e9es en fonction des besoins du client.<\/li>\n\n\n\n<li><strong>Mat\u00e9riau de haute qualit\u00e9 :<\/strong> Ces photophores en c\u00e9ramique sont fabriqu\u00e9s en gros \u00e0 partir de c\u00e9ramiques de haute qualit\u00e9 et n\u00e9cessitent un processus de cuisson \u00e0 haute temp\u00e9rature. Ils ont donc la caract\u00e9ristique d'\u00eatre r\u00e9sistants aux temp\u00e9ratures \u00e9lev\u00e9es et sont parfaits pour la fabrication de bougies.<\/li>\n\n\n\n<li><strong>Personnalisation : <\/strong>Ces photophores peuvent \u00eatre personnalis\u00e9s. Nous proposons des services OEM et ODM. Vous pouvez personnaliser la couleur, la taille, le logo, le motif et l'emballage de votre propre photophore.<\/li>\n<\/ul>\n<\/div>\n\n\n\n<div class=\"wp-block-column is-layout-flow wp-block-column-is-layout-flow\">\n<figure class=\"wp-block-image size-full\"><img fetchpriority=\"high\" decoding=\"async\" width=\"800\" height=\"800\" src=\"https:\/\/jinhuaceramic.com\/wp-content\/uploads\/2024\/05\/candle-jar-3.webp\" alt=\"Pots \u00e0 bougies en c\u00e9ramique fantaisie - vente en gros\" class=\"wp-image-4869\" srcset=\"https:\/\/jinhuaceramic.com\/wp-content\/uploads\/2024\/05\/candle-jar-3.webp 800w, https:\/\/jinhuaceramic.com\/wp-content\/uploads\/2024\/05\/candle-jar-3-300x300.webp 300w, https:\/\/jinhuaceramic.com\/wp-content\/uploads\/2024\/05\/candle-jar-3-150x150.webp 150w, https:\/\/jinhuaceramic.com\/wp-content\/uploads\/2024\/05\/candle-jar-3-768x768.webp 768w, https:\/\/jinhuaceramic.com\/wp-content\/uploads\/2024\/05\/candle-jar-3-285x285.webp 285w, https:\/\/jinhuaceramic.com\/wp-content\/uploads\/2024\/05\/candle-jar-3-270x270.webp 270w, https:\/\/jinhuaceramic.com\/wp-content\/uploads\/2024\/05\/candle-jar-3-540x540.webp 540w, https:\/\/jinhuaceramic.com\/wp-content\/uploads\/2024\/05\/candle-jar-3-660x660.webp 660w\" sizes=\"(max-width: 800px) 100vw, 800px\" \/><\/figure>\n<\/div>\n<\/div>","protected":false},"excerpt":{"rendered":"<p>Ces photophores en c\u00e9ramique avec des formes minimalistes et de multiples couleurs mates sont une excellente d\u00e9coration d'int\u00e9rieur. Fabriqu\u00e9s en c\u00e9ramique de haute qualit\u00e9, ces photophores r\u00e9sistent aux temp\u00e9ratures \u00e9lev\u00e9es et sont id\u00e9aux pour la fabrication de bougies. En tant que fabricant, nous proposons un service de personnalisation des pots \u00e0 bougie en c\u00e9ramique, ce qui vous permet de personnaliser la couleur et le design du pot \u00e0 bougie pour qu'il corresponde \u00e0 votre style unique.<\/p>","protected":false},"featured_media":4866,"comment_status":"closed","ping_status":"closed","template":"","meta":{"_acf_changed":false},"product_brand":[],"product_cat":[52],"product_tag":[66],"class_list":{"0":"post-4864","1":"product","2":"type-product","3":"status-publish","4":"has-post-thumbnail","6":"product_cat-wholesale-candle-containers","7":"product_tag-candle-jars-wholesale","9":"first","10":"instock","11":"shipping-taxable","12":"product-type-simple"},"acf":[],"_links":{"self":[{"href":"https:\/\/jinhuaceramic.com\/fr\/wp-json\/wp\/v2\/product\/4864","targetHints":{"allow":["GET"]}}],"collection":[{"href":"https:\/\/jinhuaceramic.com\/fr\/wp-json\/wp\/v2\/product"}],"about":[{"href":"https:\/\/jinhuaceramic.com\/fr\/wp-json\/wp\/v2\/types\/product"}],"replies":[{"embeddable":true,"href":"https:\/\/jinhuaceramic.com\/fr\/wp-json\/wp\/v2\/comments?post=4864"}],"version-history":[{"count":0,"href":"https:\/\/jinhuaceramic.com\/fr\/wp-json\/wp\/v2\/product\/4864\/revisions"}],"wp:featuredmedia":[{"embeddable":true,"href":"https:\/\/jinhuaceramic.com\/fr\/wp-json\/wp\/v2\/media\/4866"}],"wp:attachment":[{"href":"https:\/\/jinhuaceramic.com\/fr\/wp-json\/wp\/v2\/media?parent=4864"}],"wp:term":[{"taxonomy":"product_brand","embeddable":true,"href":"https:\/\/jinhuaceramic.com\/fr\/wp-json\/wp\/v2\/product_brand?post=4864"},{"taxonomy":"product_cat","embeddable":true,"href":"https:\/\/jinhuaceramic.com\/fr\/wp-json\/wp\/v2\/product_cat?post=4864"},{"taxonomy":"product_tag","embeddable":true,"href":"https:\/\/jinhuaceramic.com\/fr\/wp-json\/wp\/v2\/product_tag?post=4864"}],"curies":[{"name":"wp","href":"https:\/\/api.w.org\/{rel}","templated":true}]}}