{"id":4887,"date":"2024-06-08T07:58:01","date_gmt":"2024-06-08T07:58:01","guid":{"rendered":"https:\/\/jinhuaceramic.com\/?post_type=product&#038;p=4887"},"modified":"2026-02-05T03:47:03","modified_gmt":"2026-02-05T03:47:03","slug":"ensemble-daccessoires-de-salle-de-bain-5-pieces-en-gros","status":"publish","type":"product","link":"https:\/\/jinhuaceramic.com\/fr\/product\/wholesale-5-piece-bathroom-accessories-set\/","title":{"rendered":"Wholesale 5-Piece Bathroom Accessories Set, Unique Design"},"content":{"rendered":"<div class=\"wp-block-columns is-layout-flex wp-container-core-columns-is-layout-9d6595d7 wp-block-columns-is-layout-flex\">\n<div class=\"wp-block-column is-layout-flow wp-block-column-is-layout-flow\">\n<h3 class=\"wp-block-heading\">Premium Wholesale 5-Piece Bathroom Accessories Set Caract\u00e9ristiques :<\/h3>\n\n\n\n<ul class=\"wp-block-list\">\n<li><strong>Design moderne et carr\u00e9, simple et \u00e9l\u00e9gant :<\/strong> Con\u00e7u avec une forme carr\u00e9e moderne en blanc frais, cet ensemble d'accessoires de salle de bains 5 pi\u00e8ces en gros r\u00e9v\u00e8le une simplicit\u00e9 et une beaut\u00e9 \u00e9l\u00e9gante. Ses lignes \u00e9pur\u00e9es combin\u00e9es \u00e0 la texture concave ajoutent un effet de superposition sp\u00e9cial \u00e0 la salle de bains.<\/li>\n\n\n\n<li><strong>Cinq pi\u00e8ces sont tr\u00e8s pratiques :<\/strong> Cet ensemble d'accessoires de bain en gros comprend un distributeur de savon, un porte-savon, deux brosses \u00e0 dents et un pot de rangement. Tous ces accessoires couvrent les besoins de base de la salle de bain pour qu'elle reste ordonn\u00e9e, organis\u00e9e et pratique \u00e0 utiliser au quotidien.<\/li>\n\n\n\n<li><strong>Fabriqu\u00e9 \u00e0 partir de mat\u00e9riaux de haute qualit\u00e9 :<\/strong> Notre ensemble d'accessoires de salle de bains 5 pi\u00e8ces est durable et robuste et r\u00e9siste bien aux taches. Le design de la texture concave lui conf\u00e8re une belle apparence en plus de sa merveilleuse fonctionnalit\u00e9 : antid\u00e9rapant et donc plus s\u00fbr et plus pratique pour l'utilisateur, ce qui le rend tr\u00e8s facile \u00e0 nettoyer.<\/li>\n\n\n\n<li><strong>S'adapte \u00e0 la plupart des styles de salle de bains :<\/strong> De forme sobre, cet ensemble d'accessoires de bain en gros s'adapte facilement \u00e0 la plupart des styles de d\u00e9coration, qu'il s'agisse d'une salle de bain moderne, simple ou de style traditionnel, afin d'aider les utilisateurs \u00e0 am\u00e9liorer l'ambiance et la beaut\u00e9 de l'espace.<\/li>\n<\/ul>\n<\/div>\n\n\n\n<div class=\"wp-block-column is-layout-flow wp-block-column-is-layout-flow\">\n<figure class=\"wp-block-image size-full\"><img fetchpriority=\"high\" decoding=\"async\" width=\"1500\" height=\"1500\" src=\"https:\/\/jinhuaceramic.com\/wp-content\/uploads\/2024\/06\/bathroom-accessories-set.webp\" alt=\"Wholesale-5-Piece-Bathroom-Accessories-Set-Modern-Design\" class=\"wp-image-4888\" srcset=\"https:\/\/jinhuaceramic.com\/wp-content\/uploads\/2024\/06\/bathroom-accessories-set.webp 1500w, https:\/\/jinhuaceramic.com\/wp-content\/uploads\/2024\/06\/bathroom-accessories-set-300x300.webp 300w, https:\/\/jinhuaceramic.com\/wp-content\/uploads\/2024\/06\/bathroom-accessories-set-150x150.webp 150w, https:\/\/jinhuaceramic.com\/wp-content\/uploads\/2024\/06\/bathroom-accessories-set-768x768.webp 768w, https:\/\/jinhuaceramic.com\/wp-content\/uploads\/2024\/06\/bathroom-accessories-set-285x285.webp 285w, https:\/\/jinhuaceramic.com\/wp-content\/uploads\/2024\/06\/bathroom-accessories-set-270x270.webp 270w, https:\/\/jinhuaceramic.com\/wp-content\/uploads\/2024\/06\/bathroom-accessories-set-540x540.webp 540w, https:\/\/jinhuaceramic.com\/wp-content\/uploads\/2024\/06\/bathroom-accessories-set-660x660.webp 660w\" sizes=\"(max-width: 1500px) 100vw, 1500px\" \/><\/figure>\n<\/div>\n<\/div>","protected":false},"excerpt":{"rendered":"<p>Bienvenue pour acheter des accessoires de bain en gros. Cet ensemble moderne d'accessoires de salle de bain 5 pi\u00e8ces est de forme carr\u00e9e blanche avec une texture concave unique, montrant une atmosph\u00e8re simple et \u00e9l\u00e9gante. Fabriqu\u00e9 \u00e0 partir de mat\u00e9riaux c\u00e9ramiques de haute qualit\u00e9, ce produit sera s\u00fbrement solide, durable et facile \u00e0 nettoyer, r\u00e9pondant ainsi aux besoins de base de la salle de bain.<\/p>","protected":false},"featured_media":4890,"comment_status":"closed","ping_status":"closed","template":"","meta":{"_acf_changed":false},"product_brand":[],"product_cat":[51],"product_tag":[74],"class_list":{"0":"post-4887","1":"product","2":"type-product","3":"status-publish","4":"has-post-thumbnail","6":"product_cat-bathroom-accessories-wholesale","7":"product_tag-ceramic-bath-accessories-wholesale","9":"first","10":"instock","11":"shipping-taxable","12":"product-type-simple"},"acf":[],"_links":{"self":[{"href":"https:\/\/jinhuaceramic.com\/fr\/wp-json\/wp\/v2\/product\/4887","targetHints":{"allow":["GET"]}}],"collection":[{"href":"https:\/\/jinhuaceramic.com\/fr\/wp-json\/wp\/v2\/product"}],"about":[{"href":"https:\/\/jinhuaceramic.com\/fr\/wp-json\/wp\/v2\/types\/product"}],"replies":[{"embeddable":true,"href":"https:\/\/jinhuaceramic.com\/fr\/wp-json\/wp\/v2\/comments?post=4887"}],"version-history":[{"count":0,"href":"https:\/\/jinhuaceramic.com\/fr\/wp-json\/wp\/v2\/product\/4887\/revisions"}],"wp:featuredmedia":[{"embeddable":true,"href":"https:\/\/jinhuaceramic.com\/fr\/wp-json\/wp\/v2\/media\/4890"}],"wp:attachment":[{"href":"https:\/\/jinhuaceramic.com\/fr\/wp-json\/wp\/v2\/media?parent=4887"}],"wp:term":[{"taxonomy":"product_brand","embeddable":true,"href":"https:\/\/jinhuaceramic.com\/fr\/wp-json\/wp\/v2\/product_brand?post=4887"},{"taxonomy":"product_cat","embeddable":true,"href":"https:\/\/jinhuaceramic.com\/fr\/wp-json\/wp\/v2\/product_cat?post=4887"},{"taxonomy":"product_tag","embeddable":true,"href":"https:\/\/jinhuaceramic.com\/fr\/wp-json\/wp\/v2\/product_tag?post=4887"}],"curies":[{"name":"wp","href":"https:\/\/api.w.org\/{rel}","templated":true}]}}