{"id":4904,"date":"2024-06-08T08:02:41","date_gmt":"2024-06-08T08:02:41","guid":{"rendered":"https:\/\/jinhuaceramic.com\/?post_type=product&#038;p=4904"},"modified":"2025-01-16T06:25:10","modified_gmt":"2025-01-16T06:25:10","slug":"wholesale-ceramic-pumpkin-soup-bowl","status":"publish","type":"product","link":"https:\/\/jinhuaceramic.com\/fr\/product\/wholesale-ceramic-pumpkin-soup-bowl\/","title":{"rendered":"Wholesale Ceramic Pumpkin Soup Bowl With Lid And Handle (Bol \u00e0 soupe en c\u00e9ramique avec couvercle et poign\u00e9e)"},"content":{"rendered":"<div class=\"wp-block-columns is-layout-flex wp-container-core-columns-is-layout-9d6595d7 wp-block-columns-is-layout-flex\">\n<div class=\"wp-block-column is-layout-flow wp-block-column-is-layout-flow\">\n<h3 class=\"wp-block-heading\">Premium Wholesale Ceramic Pumpkin Soup Bowl (bol \u00e0 soupe en c\u00e9ramique pour citrouille) Caract\u00e9ristiques :<\/h3>\n\n\n\n<ul class=\"wp-block-list\">\n<li><strong>Design unique : <\/strong>Ces bols \u00e0 soupe en c\u00e9ramique sont con\u00e7us pour ressembler \u00e0 une citrouille, avec une couleur orange vif et une poign\u00e9e en forme de tige sur le dessus.<\/li>\n\n\n\n<li><strong>Mat\u00e9riau durable : <\/strong>Ces bols \u00e0 soupe \u00e0 la citrouille en vrac sont fabriqu\u00e9s en argile c\u00e9ramique de haute qualit\u00e9, durable et r\u00e9sistante \u00e0 la chaleur, et peuvent \u00eatre utilis\u00e9s en toute s\u00e9curit\u00e9 dans les micro-ondes, les fours, les lave-vaisselle et les r\u00e9frig\u00e9rateurs.<\/li>\n\n\n\n<li><strong>Utilisation polyvalente :<\/strong> Ces bols \u00e0 soupe en c\u00e9ramique avec couvercle sont disponibles en diff\u00e9rentes tailles et sont parfaits pour servir de la soupe, cuire des aliments, conserver des en-cas, et bien plus encore.<\/li>\n\n\n\n<li><strong>Personnalisation :<\/strong> Ces bols \u00e0 soupe en c\u00e9ramique peuvent \u00eatre personnalis\u00e9s avec des logos, des couleurs, des tailles, des emballages et des motifs. En tant que fabricant, nous proposons des services OEM et ODM. N'h\u00e9sitez pas \u00e0 nous contacter !<\/li>\n<\/ul>\n<\/div>\n\n\n\n<div class=\"wp-block-column is-layout-flow wp-block-column-is-layout-flow\">\n<figure class=\"wp-block-image size-full\"><img fetchpriority=\"high\" decoding=\"async\" width=\"1500\" height=\"1500\" src=\"https:\/\/jinhuaceramic.com\/wp-content\/uploads\/2024\/06\/pumpkin-soup-pot-with-lid.webp\" alt=\"Bol \u00e0 soupe en c\u00e9ramique \u00e0 la citrouille avec couvercle et poign\u00e9e\" class=\"wp-image-4909\" srcset=\"https:\/\/jinhuaceramic.com\/wp-content\/uploads\/2024\/06\/pumpkin-soup-pot-with-lid.webp 1500w, https:\/\/jinhuaceramic.com\/wp-content\/uploads\/2024\/06\/pumpkin-soup-pot-with-lid-300x300.webp 300w, https:\/\/jinhuaceramic.com\/wp-content\/uploads\/2024\/06\/pumpkin-soup-pot-with-lid-150x150.webp 150w, https:\/\/jinhuaceramic.com\/wp-content\/uploads\/2024\/06\/pumpkin-soup-pot-with-lid-768x768.webp 768w, https:\/\/jinhuaceramic.com\/wp-content\/uploads\/2024\/06\/pumpkin-soup-pot-with-lid-285x285.webp 285w, https:\/\/jinhuaceramic.com\/wp-content\/uploads\/2024\/06\/pumpkin-soup-pot-with-lid-270x270.webp 270w, https:\/\/jinhuaceramic.com\/wp-content\/uploads\/2024\/06\/pumpkin-soup-pot-with-lid-540x540.webp 540w, https:\/\/jinhuaceramic.com\/wp-content\/uploads\/2024\/06\/pumpkin-soup-pot-with-lid-660x660.webp 660w\" sizes=\"(max-width: 1500px) 100vw, 1500px\" \/><\/figure>\n<\/div>\n<\/div>","protected":false},"excerpt":{"rendered":"<p>Ces bols \u00e0 soupe en c\u00e9ramique avec poign\u00e9es pratiques sont populaires en raison de leur design unique en forme de citrouille, de leur mat\u00e9riau en c\u00e9ramique de haute qualit\u00e9 et de leur vari\u00e9t\u00e9 de tailles adapt\u00e9es \u00e0 diff\u00e9rentes utilisations. En outre, ces bols \u00e0 soupe en forme de citrouille avec couvercle peuvent \u00eatre utilis\u00e9s dans les micro-ondes, les fours, les r\u00e9frig\u00e9rateurs et les lave-vaisselle, ce qui est tr\u00e8s pratique pour un usage quotidien.<\/p>","protected":false},"featured_media":4908,"comment_status":"closed","ping_status":"closed","template":"","meta":{"_acf_changed":false},"product_brand":[],"product_cat":[54,85],"product_tag":[78],"class_list":{"0":"post-4904","1":"product","2":"type-product","3":"status-publish","4":"has-post-thumbnail","6":"product_cat-tableware-wholesale","7":"product_cat-wholesale-ceramic-bowls","8":"product_tag-bulk-ceramic-bowls","10":"first","11":"instock","12":"shipping-taxable","13":"product-type-simple"},"acf":[],"_links":{"self":[{"href":"https:\/\/jinhuaceramic.com\/fr\/wp-json\/wp\/v2\/product\/4904","targetHints":{"allow":["GET"]}}],"collection":[{"href":"https:\/\/jinhuaceramic.com\/fr\/wp-json\/wp\/v2\/product"}],"about":[{"href":"https:\/\/jinhuaceramic.com\/fr\/wp-json\/wp\/v2\/types\/product"}],"replies":[{"embeddable":true,"href":"https:\/\/jinhuaceramic.com\/fr\/wp-json\/wp\/v2\/comments?post=4904"}],"version-history":[{"count":0,"href":"https:\/\/jinhuaceramic.com\/fr\/wp-json\/wp\/v2\/product\/4904\/revisions"}],"wp:featuredmedia":[{"embeddable":true,"href":"https:\/\/jinhuaceramic.com\/fr\/wp-json\/wp\/v2\/media\/4908"}],"wp:attachment":[{"href":"https:\/\/jinhuaceramic.com\/fr\/wp-json\/wp\/v2\/media?parent=4904"}],"wp:term":[{"taxonomy":"product_brand","embeddable":true,"href":"https:\/\/jinhuaceramic.com\/fr\/wp-json\/wp\/v2\/product_brand?post=4904"},{"taxonomy":"product_cat","embeddable":true,"href":"https:\/\/jinhuaceramic.com\/fr\/wp-json\/wp\/v2\/product_cat?post=4904"},{"taxonomy":"product_tag","embeddable":true,"href":"https:\/\/jinhuaceramic.com\/fr\/wp-json\/wp\/v2\/product_tag?post=4904"}],"curies":[{"name":"wp","href":"https:\/\/api.w.org\/{rel}","templated":true}]}}