{"id":4922,"date":"2024-06-17T01:06:46","date_gmt":"2024-06-17T01:06:46","guid":{"rendered":"https:\/\/jinhuaceramic.com\/?post_type=product&#038;p=4922"},"modified":"2024-11-08T02:13:23","modified_gmt":"2024-11-08T02:13:23","slug":"elegant-ceramic-candle-jars-bulk","status":"publish","type":"product","link":"https:\/\/jinhuaceramic.com\/fr\/product\/elegant-ceramic-candle-jars-bulk\/","title":{"rendered":"Pots de bougie en c\u00e9ramique \u00e9l\u00e9gants, avec design en forme d'anneau triangulaire"},"content":{"rendered":"<div class=\"wp-block-columns is-layout-flex wp-container-core-columns-is-layout-9d6595d7 wp-block-columns-is-layout-flex\">\n<div class=\"wp-block-column is-layout-flow wp-block-column-is-layout-flow\">\n<h3 class=\"wp-block-heading\">Pots de bougie en c\u00e9ramique de qualit\u00e9 sup\u00e9rieure Caract\u00e9ristiques en vrac :<\/h3>\n\n\n\n<ul class=\"wp-block-list\">\n<li><strong>Conception \u00e9l\u00e9gante \u00e0 trois anneaux, sens artistique unique :<\/strong> Ces photophores en c\u00e9ramique adoptent un design unique \u00e0 trois anneaux, avec des lignes simples et douces, faisant preuve d'\u00e9l\u00e9gance et d'un sens artistique moderne. Ils conviennent \u00e0 l'ameublement haut de gamme, \u00e0 l'emballage de cadeaux et \u00e0 la d\u00e9coration d'espaces personnalis\u00e9s, rehaussant ainsi le style g\u00e9n\u00e9ral.<\/li>\n\n\n\n<li><strong>Plusieurs tailles et couleurs, assortiment flexible : <\/strong>Nous proposons une grande vari\u00e9t\u00e9 de tailles et de couleurs pour r\u00e9pondre aux diff\u00e9rents styles de d\u00e9coration et aux besoins d'utilisation. Qu'il s'agisse de tons neutres classiques ou de couleurs modernes \u00e0 la mode, le contenant peut s'adapter parfaitement \u00e0 divers espaces et sc\u00e8nes.<\/li>\n\n\n\n<li><strong>Durable et respectueux de l'environnement : <\/strong>Des c\u00e9ramiques de haute qualit\u00e9 cuites \u00e0 haute temp\u00e9rature sont utilis\u00e9es pour garantir la solidit\u00e9, la robustesse et l'excellente r\u00e9sistance \u00e0 la chaleur et \u00e0 l'humidit\u00e9 de nos photophores en c\u00e9ramique. Les mat\u00e9riaux c\u00e9ramiques sont naturels, non toxiques et respectueux de l'environnement. En raison de sa douceur, la surface peut \u00eatre facilement nettoy\u00e9e. Elle reste belle apr\u00e8s une longue p\u00e9riode de temps.<\/li>\n\n\n\n<li><strong>Approvisionnement en vrac et services personnalis\u00e9s :<\/strong> Nous proposons des conteneurs de bougies en gros pour garantir un approvisionnement stable \u00e0 nos clients en cas de demande importante. Nous proposons \u00e9galement des services personnalis\u00e9s. La s\u00e9lection de couleurs exclusives et l'impression de logos peuvent \u00eatre propos\u00e9es en fonction des besoins du client pour cr\u00e9er des images de marque uniques ou des exigences de projets sp\u00e9ciaux.<\/li>\n<\/ul>\n<\/div>\n\n\n\n<div class=\"wp-block-column is-layout-flow wp-block-column-is-layout-flow\">\n<figure class=\"wp-block-image size-full\"><img fetchpriority=\"high\" decoding=\"async\" width=\"703\" height=\"703\" src=\"https:\/\/jinhuaceramic.com\/wp-content\/uploads\/2024\/06\/candle-container.webp\" alt=\"Pots de bougie en c\u00e9ramique \u00e9l\u00e9gants en vrac, conteneurs de bougie en gros avec un design \u00e0 trois anneaux-1\" class=\"wp-image-4923\" srcset=\"https:\/\/jinhuaceramic.com\/wp-content\/uploads\/2024\/06\/candle-container.webp 703w, https:\/\/jinhuaceramic.com\/wp-content\/uploads\/2024\/06\/candle-container-300x300.webp 300w, https:\/\/jinhuaceramic.com\/wp-content\/uploads\/2024\/06\/candle-container-150x150.webp 150w, https:\/\/jinhuaceramic.com\/wp-content\/uploads\/2024\/06\/candle-container-285x285.webp 285w, https:\/\/jinhuaceramic.com\/wp-content\/uploads\/2024\/06\/candle-container-270x270.webp 270w, https:\/\/jinhuaceramic.com\/wp-content\/uploads\/2024\/06\/candle-container-540x540.webp 540w, https:\/\/jinhuaceramic.com\/wp-content\/uploads\/2024\/06\/candle-container-660x660.webp 660w\" sizes=\"(max-width: 703px) 100vw, 703px\" \/><\/figure>\n<\/div>\n<\/div>","protected":false},"excerpt":{"rendered":"<p>Bienvenue sur le site d'achat en gros de photophores. Ces \u00e9l\u00e9gants photophores en c\u00e9ramique sont dot\u00e9s d'un design unique \u00e0 trois anneaux, combinant parfaitement l'art et la fonctionnalit\u00e9. Ils sont disponibles en diff\u00e9rentes couleurs et tailles, et il est possible de les acheter en gros ou de les personnaliser. Leur mat\u00e9riau c\u00e9ramique de haute qualit\u00e9 garantit la durabilit\u00e9 et le respect de l'environnement, ce qui en fait un choix id\u00e9al pour la d\u00e9coration de la maison et l'utilisation commerciale.<\/p>","protected":false},"featured_media":4927,"comment_status":"closed","ping_status":"closed","template":"","meta":{"_acf_changed":false},"product_brand":[],"product_cat":[52],"product_tag":[66],"class_list":{"0":"post-4922","1":"product","2":"type-product","3":"status-publish","4":"has-post-thumbnail","6":"product_cat-wholesale-candle-containers","7":"product_tag-candle-jars-wholesale","9":"first","10":"instock","11":"shipping-taxable","12":"product-type-simple"},"acf":[],"_links":{"self":[{"href":"https:\/\/jinhuaceramic.com\/fr\/wp-json\/wp\/v2\/product\/4922","targetHints":{"allow":["GET"]}}],"collection":[{"href":"https:\/\/jinhuaceramic.com\/fr\/wp-json\/wp\/v2\/product"}],"about":[{"href":"https:\/\/jinhuaceramic.com\/fr\/wp-json\/wp\/v2\/types\/product"}],"replies":[{"embeddable":true,"href":"https:\/\/jinhuaceramic.com\/fr\/wp-json\/wp\/v2\/comments?post=4922"}],"version-history":[{"count":0,"href":"https:\/\/jinhuaceramic.com\/fr\/wp-json\/wp\/v2\/product\/4922\/revisions"}],"wp:featuredmedia":[{"embeddable":true,"href":"https:\/\/jinhuaceramic.com\/fr\/wp-json\/wp\/v2\/media\/4927"}],"wp:attachment":[{"href":"https:\/\/jinhuaceramic.com\/fr\/wp-json\/wp\/v2\/media?parent=4922"}],"wp:term":[{"taxonomy":"product_brand","embeddable":true,"href":"https:\/\/jinhuaceramic.com\/fr\/wp-json\/wp\/v2\/product_brand?post=4922"},{"taxonomy":"product_cat","embeddable":true,"href":"https:\/\/jinhuaceramic.com\/fr\/wp-json\/wp\/v2\/product_cat?post=4922"},{"taxonomy":"product_tag","embeddable":true,"href":"https:\/\/jinhuaceramic.com\/fr\/wp-json\/wp\/v2\/product_tag?post=4922"}],"curies":[{"name":"wp","href":"https:\/\/api.w.org\/{rel}","templated":true}]}}