{"id":4958,"date":"2024-06-22T07:44:54","date_gmt":"2024-06-22T07:44:54","guid":{"rendered":"https:\/\/jinhuaceramic.com\/?post_type=product&#038;p=4958"},"modified":"2025-03-11T08:18:04","modified_gmt":"2025-03-11T08:18:04","slug":"white-ceramic-baking-dish-set-in-bulk","status":"publish","type":"product","link":"https:\/\/jinhuaceramic.com\/fr\/product\/white-ceramic-baking-dish-set-in-bulk\/","title":{"rendered":"White Baking Dish Set In Bulk, Ceramic Baking Pans Wholesale"},"content":{"rendered":"<div class=\"wp-block-columns is-layout-flex wp-container-core-columns-is-layout-9d6595d7 wp-block-columns-is-layout-flex\">\n<div class=\"wp-block-column is-layout-flow wp-block-column-is-layout-flow\">\n<h3 class=\"wp-block-heading\">Ensemble de plats de cuisson de qualit\u00e9 sup\u00e9rieure en vrac Caract\u00e9ristiques :<\/h3>\n\n\n\n<ul class=\"wp-block-list\">\n<li><strong>Multifonctionnel pour diff\u00e9rents types de plats : <\/strong>Cet ensemble de plats de cuisson blancs en vrac n'est pas seulement utilis\u00e9 pour les aliments cuits au four traditionnels tels que les desserts et le pain, mais convient \u00e9galement tr\u00e8s bien \u00e0 la pr\u00e9paration d'une vari\u00e9t\u00e9 de plats tels que les risottos et les lasagnes. Ils r\u00e9pondent \u00e0 un large \u00e9ventail de besoins culinaires. Qu'il s'agisse de la cuisine quotidienne \u00e0 la maison ou de banquets, ils sont parfaits.<\/li>\n\n\n\n<li><strong>Aspect blanc classique :<\/strong> Nos moules \u00e0 p\u00e2tisserie en c\u00e9ramique sont con\u00e7us avec un blanc simple et g\u00e9n\u00e9reux, \u00e9l\u00e9gants et adapt\u00e9s \u00e0 diff\u00e9rents styles de table. Qu'il s'agisse de d\u00eener \u00e0 la maison ou de servir des plats dans un restaurant, ce moule \u00e0 p\u00e2tisserie ajoutera de l'\u00e9l\u00e9gance \u00e0 la table et rendra les plats irr\u00e9sistibles.<\/li>\n\n\n\n<li><strong>R\u00e9sistant aux hautes temp\u00e9ratures, transfert de chaleur uniforme : <\/strong>Cet ensemble de plats de cuisson en vrac est fabriqu\u00e9 en c\u00e9ramique de haute qualit\u00e9 et pr\u00e9sente une excellente r\u00e9sistance aux temp\u00e9ratures \u00e9lev\u00e9es. Il peut donc \u00eatre utilis\u00e9 dans divers appareils \u00e0 haute temp\u00e9rature, qu'il s'agisse de fours ou de micro-ondes. En outre, il garantit que les plats sont chauff\u00e9s uniform\u00e9ment pendant la cuisson et aide les utilisateurs \u00e0 pr\u00e9parer des plats parfaits.<\/li>\n\n\n\n<li><strong>Soutenir l'utilisation des lave-vaisselle : <\/strong>La surface de nos moules \u00e0 p\u00e2tisserie en c\u00e9ramique est lisse et n'adh\u00e8re pas facilement aux r\u00e9sidus alimentaires ; elle est facile \u00e0 nettoyer rapidement. Il peut \u00eatre mis au lave-vaisselle en toute s\u00e9curit\u00e9, ce qui r\u00e9duit la pression de nettoyage due \u00e0 la cuisson et facilite l'utilisation quotidienne.<\/li>\n<\/ul>\n<\/div>\n\n\n\n<div class=\"wp-block-column is-layout-flow wp-block-column-is-layout-flow\">\n<figure class=\"wp-block-image size-full\"><img fetchpriority=\"high\" decoding=\"async\" width=\"1500\" height=\"1500\" src=\"https:\/\/jinhuaceramic.com\/wp-content\/uploads\/2024\/06\/baking-dishes.webp\" alt=\"Premium-White-Ceramic-Baking-Dish-Set-in-bulk-with-Handles\" class=\"wp-image-4964\" srcset=\"https:\/\/jinhuaceramic.com\/wp-content\/uploads\/2024\/06\/baking-dishes.webp 1500w, https:\/\/jinhuaceramic.com\/wp-content\/uploads\/2024\/06\/baking-dishes-300x300.webp 300w, https:\/\/jinhuaceramic.com\/wp-content\/uploads\/2024\/06\/baking-dishes-150x150.webp 150w, https:\/\/jinhuaceramic.com\/wp-content\/uploads\/2024\/06\/baking-dishes-768x768.webp 768w, https:\/\/jinhuaceramic.com\/wp-content\/uploads\/2024\/06\/baking-dishes-285x285.webp 285w, https:\/\/jinhuaceramic.com\/wp-content\/uploads\/2024\/06\/baking-dishes-270x270.webp 270w, https:\/\/jinhuaceramic.com\/wp-content\/uploads\/2024\/06\/baking-dishes-540x540.webp 540w, https:\/\/jinhuaceramic.com\/wp-content\/uploads\/2024\/06\/baking-dishes-660x660.webp 660w\" sizes=\"(max-width: 1500px) 100vw, 1500px\" \/><\/figure>\n<\/div>\n<\/div>","protected":false},"excerpt":{"rendered":"<p>Bienvenue sur le site d'achat en gros de moules \u00e0 p\u00e2tisserie en c\u00e9ramique. Cet ensemble de plats de cuisson blancs en vrac r\u00e9pondra \u00e0 diff\u00e9rents besoins, car ils ne se limitent pas \u00e0 la cuisson, mais vous pouvez pr\u00e9parer diff\u00e9rents plats, par exemple des risottos et des lasagnes. Son mat\u00e9riau de haute qualit\u00e9, la c\u00e9ramique, garantit une chaleur homog\u00e8ne. En outre, il r\u00e9siste aux temp\u00e9ratures \u00e9lev\u00e9es, passe au lave-vaisselle et est facile \u00e0 entretenir, ce qui en fait un indispensable de la cuisine.<\/p>","protected":false},"featured_media":4961,"comment_status":"closed","ping_status":"closed","template":"","meta":{"_acf_changed":false},"product_brand":[],"product_cat":[53],"product_tag":[71],"class_list":{"0":"post-4958","1":"product","2":"type-product","3":"status-publish","4":"has-post-thumbnail","6":"product_cat-bakeware-in-bulk","7":"product_tag-wholesale-baking-pans","9":"first","10":"instock","11":"shipping-taxable","12":"product-type-simple"},"acf":[],"_links":{"self":[{"href":"https:\/\/jinhuaceramic.com\/fr\/wp-json\/wp\/v2\/product\/4958","targetHints":{"allow":["GET"]}}],"collection":[{"href":"https:\/\/jinhuaceramic.com\/fr\/wp-json\/wp\/v2\/product"}],"about":[{"href":"https:\/\/jinhuaceramic.com\/fr\/wp-json\/wp\/v2\/types\/product"}],"replies":[{"embeddable":true,"href":"https:\/\/jinhuaceramic.com\/fr\/wp-json\/wp\/v2\/comments?post=4958"}],"version-history":[{"count":0,"href":"https:\/\/jinhuaceramic.com\/fr\/wp-json\/wp\/v2\/product\/4958\/revisions"}],"wp:featuredmedia":[{"embeddable":true,"href":"https:\/\/jinhuaceramic.com\/fr\/wp-json\/wp\/v2\/media\/4961"}],"wp:attachment":[{"href":"https:\/\/jinhuaceramic.com\/fr\/wp-json\/wp\/v2\/media?parent=4958"}],"wp:term":[{"taxonomy":"product_brand","embeddable":true,"href":"https:\/\/jinhuaceramic.com\/fr\/wp-json\/wp\/v2\/product_brand?post=4958"},{"taxonomy":"product_cat","embeddable":true,"href":"https:\/\/jinhuaceramic.com\/fr\/wp-json\/wp\/v2\/product_cat?post=4958"},{"taxonomy":"product_tag","embeddable":true,"href":"https:\/\/jinhuaceramic.com\/fr\/wp-json\/wp\/v2\/product_tag?post=4958"}],"curies":[{"name":"wp","href":"https:\/\/api.w.org\/{rel}","templated":true}]}}