{"id":4989,"date":"2024-06-26T09:29:58","date_gmt":"2024-06-26T09:29:58","guid":{"rendered":"https:\/\/jinhuaceramic.com\/?post_type=product&#038;p=4989"},"modified":"2025-03-11T08:26:40","modified_gmt":"2025-03-11T08:26:40","slug":"non-stick-wholesale-ceramic-bakeware","status":"publish","type":"product","link":"https:\/\/jinhuaceramic.com\/fr\/product\/non-stick-wholesale-ceramic-bakeware\/","title":{"rendered":"Wholesale Ceramic Bakeware, moules \u00e0 p\u00e2tisserie antiadh\u00e9sifs personnalis\u00e9s avec design \u00e0 bords ondul\u00e9s"},"content":{"rendered":"<div class=\"wp-block-columns is-layout-flex wp-container-core-columns-is-layout-9d6595d7 wp-block-columns-is-layout-flex\">\n<div class=\"wp-block-column is-layout-flow wp-block-column-is-layout-flow\">\n<h3 class=\"wp-block-heading\">Produits de boulangerie en c\u00e9ramique de premi\u00e8re qualit\u00e9 (Wholesale) Caract\u00e9ristiques :<\/h3>\n\n\n\n<ul class=\"wp-block-list\">\n<li><strong>Design en forme de vague :<\/strong> Ce moule \u00e0 p\u00e2tisserie en c\u00e9ramique est dot\u00e9 d'un bord ondul\u00e9 qui ajoute de la beaut\u00e9 au moule \u00e0 p\u00e2tisserie, rendant ainsi vos p\u00e2tisseries attrayantes en termes de go\u00fbt et d'effet visuel, ce qui convient \u00e0 une exposition \u00e0 la maison ou m\u00eame dans un restaurant.<\/li>\n\n\n\n<li><strong>Surface en c\u00e9ramique non statique : <\/strong>Nos moules \u00e0 p\u00e2tisserie personnalis\u00e9s utilisent un mat\u00e9riau c\u00e9ramique de haute qualit\u00e9, qui permet d'obtenir un effet antiadh\u00e9sif, r\u00e9duisant ainsi les probl\u00e8mes de nettoyage apr\u00e8s la cuisson et facilitant la pr\u00e9paration des p\u00e2tisseries. Qu'il s'agisse de desserts ou de plats, ils peuvent \u00eatre facilement d\u00e9moul\u00e9s.<\/li>\n\n\n\n<li><strong>Excellent effet de cuisson : <\/strong>Dot\u00e9s d'une bonne conductivit\u00e9 thermique, nos moules \u00e0 p\u00e2tisserie en c\u00e9ramique distribuent efficacement la chaleur de mani\u00e8re homog\u00e8ne, garantissent un chauffage uniforme des produits de boulangerie et leur conf\u00e8rent un effet optimal, croustillant \u00e0 l'ext\u00e9rieur et tendre \u00e0 l'int\u00e9rieur. Ils peuvent r\u00e9pondre \u00e0 une grande vari\u00e9t\u00e9 de besoins en mati\u00e8re de cuisson, du pain aux desserts.<\/li>\n\n\n\n<li><strong>Convient pour un usage fr\u00e9quent :<\/strong> Ces moules \u00e0 p\u00e2tisserie personnalis\u00e9s sont non seulement r\u00e9sistants aux temp\u00e9ratures \u00e9lev\u00e9es, adapt\u00e9s aux fours et aux micro-ondes, mais aussi durables pour une utilisation \u00e0 long terme et \u00e0 haute fr\u00e9quence. La surface glac\u00e9e est lisse, facile \u00e0 nettoyer \u00e0 la main ou au lave-vaisselle, et facile \u00e0 entretenir.<\/li>\n<\/ul>\n<\/div>\n\n\n\n<div class=\"wp-block-column is-layout-flow wp-block-column-is-layout-flow\">\n<figure class=\"wp-block-image size-full\"><img fetchpriority=\"high\" decoding=\"async\" width=\"1100\" height=\"1500\" src=\"https:\/\/jinhuaceramic.com\/wp-content\/uploads\/2024\/06\/bakeware.webp\" alt=\"ustensiles de cuisson antiadh\u00e9sifs en c\u00e9ramique\" class=\"wp-image-4991\" srcset=\"https:\/\/jinhuaceramic.com\/wp-content\/uploads\/2024\/06\/bakeware.webp 1100w, https:\/\/jinhuaceramic.com\/wp-content\/uploads\/2024\/06\/bakeware-220x300.webp 220w, https:\/\/jinhuaceramic.com\/wp-content\/uploads\/2024\/06\/bakeware-768x1047.webp 768w, https:\/\/jinhuaceramic.com\/wp-content\/uploads\/2024\/06\/bakeware-285x389.webp 285w, https:\/\/jinhuaceramic.com\/wp-content\/uploads\/2024\/06\/bakeware-484x660.webp 484w, https:\/\/jinhuaceramic.com\/wp-content\/uploads\/2024\/06\/bakeware-110x150.webp 110w\" sizes=\"(max-width: 1100px) 100vw, 1100px\" \/><\/figure>\n<\/div>\n<\/div>","protected":false},"excerpt":{"rendered":"<p>Bienvenue aux moules \u00e0 p\u00e2tisserie personnalis\u00e9s et \u00e0 l'achat de moules \u00e0 tarte. Ces moules \u00e0 p\u00e2tisserie en c\u00e9ramique \u00e0 bord ondul\u00e9 sont antiadh\u00e9sifs, ce qui signifie que les aliments se d\u00e9moulent facilement et peuvent \u00eatre utilis\u00e9s pour plusieurs types de cuisson. Fabriqu\u00e9s en c\u00e9ramique, ils assurent une distribution uniforme de la chaleur, ce qui permet d'obtenir des r\u00e9sultats de cuisson parfaits. Ils sont faciles \u00e0 nettoyer et durables.<\/p>","protected":false},"featured_media":4994,"comment_status":"closed","ping_status":"closed","template":"","meta":{"_acf_changed":false},"product_brand":[],"product_cat":[53],"product_tag":[70],"class_list":{"0":"post-4989","1":"product","2":"type-product","3":"status-publish","4":"has-post-thumbnail","6":"product_cat-bakeware-in-bulk","7":"product_tag-custom-pie-pans","9":"first","10":"instock","11":"shipping-taxable","12":"product-type-simple"},"acf":[],"_links":{"self":[{"href":"https:\/\/jinhuaceramic.com\/fr\/wp-json\/wp\/v2\/product\/4989","targetHints":{"allow":["GET"]}}],"collection":[{"href":"https:\/\/jinhuaceramic.com\/fr\/wp-json\/wp\/v2\/product"}],"about":[{"href":"https:\/\/jinhuaceramic.com\/fr\/wp-json\/wp\/v2\/types\/product"}],"replies":[{"embeddable":true,"href":"https:\/\/jinhuaceramic.com\/fr\/wp-json\/wp\/v2\/comments?post=4989"}],"version-history":[{"count":0,"href":"https:\/\/jinhuaceramic.com\/fr\/wp-json\/wp\/v2\/product\/4989\/revisions"}],"wp:featuredmedia":[{"embeddable":true,"href":"https:\/\/jinhuaceramic.com\/fr\/wp-json\/wp\/v2\/media\/4994"}],"wp:attachment":[{"href":"https:\/\/jinhuaceramic.com\/fr\/wp-json\/wp\/v2\/media?parent=4989"}],"wp:term":[{"taxonomy":"product_brand","embeddable":true,"href":"https:\/\/jinhuaceramic.com\/fr\/wp-json\/wp\/v2\/product_brand?post=4989"},{"taxonomy":"product_cat","embeddable":true,"href":"https:\/\/jinhuaceramic.com\/fr\/wp-json\/wp\/v2\/product_cat?post=4989"},{"taxonomy":"product_tag","embeddable":true,"href":"https:\/\/jinhuaceramic.com\/fr\/wp-json\/wp\/v2\/product_tag?post=4989"}],"curies":[{"name":"wp","href":"https:\/\/api.w.org\/{rel}","templated":true}]}}