{"id":5002,"date":"2024-06-27T10:13:32","date_gmt":"2024-06-27T10:13:32","guid":{"rendered":"https:\/\/jinhuaceramic.com\/?post_type=product&#038;p=5002"},"modified":"2026-02-05T03:54:18","modified_gmt":"2026-02-05T03:54:18","slug":"ceramic-bathroom-set-wholesale","status":"publish","type":"product","link":"https:\/\/jinhuaceramic.com\/fr\/product\/ceramic-bathroom-set-wholesale\/","title":{"rendered":"Ensemble de salle de bain en c\u00e9ramique avec texture de marbre dor\u00e9"},"content":{"rendered":"<div class=\"wp-block-columns is-layout-flex wp-container-core-columns-is-layout-9d6595d7 wp-block-columns-is-layout-flex\">\n<div class=\"wp-block-column is-layout-flow wp-block-column-is-layout-flow\">\n<h3 class=\"wp-block-heading\">Ensemble de salle de bain en c\u00e9ramique de premi\u00e8re qualit\u00e9 Wholesale Caract\u00e9ristiques :<\/h3>\n\n\n\n<ul class=\"wp-block-list\">\n<li><strong>Conception de haut niveau et atmosph\u00e9rique : <\/strong>Cet ensemble de salle de bains en c\u00e9ramique pr\u00e9sente une texture de marbre dor\u00e9 de qualit\u00e9 sup\u00e9rieure, qui conf\u00e8re \u00e0 la salle de bains un temp\u00e9rament noble unique et une atmosph\u00e8re \u00e9l\u00e9gante, convenant aux h\u00f4tels haut de gamme et aux r\u00e9sidences de charme.<\/li>\n\n\n\n<li><strong>C\u00e9ramique de haute qualit\u00e9 : <\/strong>Nos accessoires de salle de bains en vrac sont fabriqu\u00e9s \u00e0 partir de c\u00e9ramiques de haute qualit\u00e9 qui se distinguent par leur solidit\u00e9, leur durabilit\u00e9, leur surface lisse et leur r\u00e9sistance aux taches d'eau. Cela signifie qu'ils seront faciles \u00e0 nettoyer et qu'ils conserveront longtemps leur aspect brillant, ce qui garantit aux consommateurs une exp\u00e9rience durable.<\/li>\n\n\n\n<li><strong>Imperm\u00e9able et durable, il convient \u00e0 l'environnement de la salle de bains : <\/strong>Cet ensemble de salle de bains en c\u00e9ramique a une bonne capacit\u00e9 d'\u00e9tanch\u00e9it\u00e9, n'est pas facilement humide et n'a pas tendance \u00e0 se d\u00e9composer, de sorte qu'il conviendrait parfaitement \u00e0 une salle de bains normalement humide.<\/li>\n\n\n\n<li><strong>Riche combinaison d'accessoires : <\/strong>Cet ensemble d'accessoires de salle de bains en vrac comprend une vari\u00e9t\u00e9 d'accessoires de salle de bains, y compris des brosses \u00e0 dents, des porte-savons, des distributeurs de savon liquide, etc., qui peuvent parfaitement satisfaire toutes sortes de besoins quotidiens en un seul et offrent la solution g\u00e9n\u00e9rale la plus pratique pour la salle de bains.<\/li>\n\n\n\n<li><strong>OEM &amp; ODM Customization:<\/strong> Support logo printing, pattern customization, color glazing, packaging design, and private label branding for retailers, hotels, and importers.<\/li>\n<\/ul>\n<\/div>\n\n\n\n<div class=\"wp-block-column is-layout-flow wp-block-column-is-layout-flow\">\n<figure class=\"wp-block-image size-full\"><img fetchpriority=\"high\" decoding=\"async\" width=\"700\" height=\"700\" src=\"https:\/\/jinhuaceramic.com\/wp-content\/uploads\/2024\/06\/soap-bottle.webp\" alt=\"Luxury-Black-And-Gold-Ceramic-Bathroom-Set-Wholesale\" class=\"wp-image-5005\" srcset=\"https:\/\/jinhuaceramic.com\/wp-content\/uploads\/2024\/06\/soap-bottle.webp 700w, https:\/\/jinhuaceramic.com\/wp-content\/uploads\/2024\/06\/soap-bottle-300x300.webp 300w, https:\/\/jinhuaceramic.com\/wp-content\/uploads\/2024\/06\/soap-bottle-150x150.webp 150w, https:\/\/jinhuaceramic.com\/wp-content\/uploads\/2024\/06\/soap-bottle-285x285.webp 285w, https:\/\/jinhuaceramic.com\/wp-content\/uploads\/2024\/06\/soap-bottle-270x270.webp 270w, https:\/\/jinhuaceramic.com\/wp-content\/uploads\/2024\/06\/soap-bottle-540x540.webp 540w, https:\/\/jinhuaceramic.com\/wp-content\/uploads\/2024\/06\/soap-bottle-660x660.webp 660w\" sizes=\"(max-width: 700px) 100vw, 700px\" \/><\/figure>\n<\/div>\n<\/div>","protected":false},"excerpt":{"rendered":"<p>Bienvenue sur le site d'achat en gros d'accessoires de salle de bains. Ce luxueux ensemble de salle de bains en c\u00e9ramique est fabriqu\u00e9 \u00e0 partir de c\u00e9ramiques de haute qualit\u00e9 dans une texture de marbre dor\u00e9, exsudant l'opulence et la classe. R\u00e9sistant \u00e0 l'eau et solide, il convient aux salles de bains. La riche combinaison d'accessoires sera en mesure de r\u00e9pondre \u00e0 toutes sortes de besoins quotidiens et d'embellir l'espace de votre salle de bain.<\/p>","protected":false},"featured_media":5003,"comment_status":"closed","ping_status":"closed","template":"","meta":{"_acf_changed":false},"product_brand":[],"product_cat":[51],"product_tag":[74],"class_list":{"0":"post-5002","1":"product","2":"type-product","3":"status-publish","4":"has-post-thumbnail","6":"product_cat-bathroom-accessories-wholesale","7":"product_tag-ceramic-bath-accessories-wholesale","9":"first","10":"instock","11":"shipping-taxable","12":"product-type-simple"},"acf":[],"_links":{"self":[{"href":"https:\/\/jinhuaceramic.com\/fr\/wp-json\/wp\/v2\/product\/5002","targetHints":{"allow":["GET"]}}],"collection":[{"href":"https:\/\/jinhuaceramic.com\/fr\/wp-json\/wp\/v2\/product"}],"about":[{"href":"https:\/\/jinhuaceramic.com\/fr\/wp-json\/wp\/v2\/types\/product"}],"replies":[{"embeddable":true,"href":"https:\/\/jinhuaceramic.com\/fr\/wp-json\/wp\/v2\/comments?post=5002"}],"version-history":[{"count":0,"href":"https:\/\/jinhuaceramic.com\/fr\/wp-json\/wp\/v2\/product\/5002\/revisions"}],"wp:featuredmedia":[{"embeddable":true,"href":"https:\/\/jinhuaceramic.com\/fr\/wp-json\/wp\/v2\/media\/5003"}],"wp:attachment":[{"href":"https:\/\/jinhuaceramic.com\/fr\/wp-json\/wp\/v2\/media?parent=5002"}],"wp:term":[{"taxonomy":"product_brand","embeddable":true,"href":"https:\/\/jinhuaceramic.com\/fr\/wp-json\/wp\/v2\/product_brand?post=5002"},{"taxonomy":"product_cat","embeddable":true,"href":"https:\/\/jinhuaceramic.com\/fr\/wp-json\/wp\/v2\/product_cat?post=5002"},{"taxonomy":"product_tag","embeddable":true,"href":"https:\/\/jinhuaceramic.com\/fr\/wp-json\/wp\/v2\/product_tag?post=5002"}],"curies":[{"name":"wp","href":"https:\/\/api.w.org\/{rel}","templated":true}]}}