{"id":5033,"date":"2024-07-02T09:31:20","date_gmt":"2024-07-02T09:31:20","guid":{"rendered":"https:\/\/jinhuaceramic.com\/?post_type=product&#038;p=5033"},"modified":"2024-09-21T03:38:10","modified_gmt":"2024-09-21T03:38:10","slug":"empty-candle-jars-wholesale","status":"publish","type":"product","link":"https:\/\/jinhuaceramic.com\/fr\/product\/empty-candle-jars-wholesale\/","title":{"rendered":"Pots \u00e0 bougie vides en c\u00e9ramique Wholesale With Pedestals"},"content":{"rendered":"<div class=\"wp-block-columns is-layout-flex wp-container-core-columns-is-layout-9d6595d7 wp-block-columns-is-layout-flex\">\n<div class=\"wp-block-column is-layout-flow wp-block-column-is-layout-flow\">\n<h3 class=\"wp-block-heading\">Pots de bougie vides de premi\u00e8re qualit\u00e9 Caract\u00e9ristiques de la vente en gros :<\/h3>\n\n\n\n<ul class=\"wp-block-list\">\n<li><strong>Design unique : <\/strong>Ces photophores vides de couleur beige et cr\u00e8me sont dot\u00e9s d'un design minimaliste moderne et d'une base \u00e0 pi\u00e9destal, ce qui en fait d'excellentes d\u00e9corations pour la maison.<\/li>\n\n\n\n<li><strong>Mat\u00e9riau durable : <\/strong>Ces photophores vides sont fabriqu\u00e9s en argile c\u00e9ramique de premi\u00e8re qualit\u00e9, r\u00e9sistante \u00e0 la chaleur, incassable, antid\u00e9flagrante, sans plomb et non toxique.<\/li>\n\n\n\n<li><strong>R\u00e9utilisable : <\/strong>Ces photophores en c\u00e9ramique \u00e0 la surface lisse sont faciles \u00e0 nettoyer. Lorsque la cire de remplissage est \u00e9puis\u00e9e, le pot en c\u00e9ramique peut \u00eatre r\u00e9utilis\u00e9 comme vase \u00e0 fleurs, pot de rangement, porte-brosse, etc.<\/li>\n\n\n\n<li><strong>Personnalisation :<\/strong> Ces photophores vides en c\u00e9ramique peuvent \u00eatre personnalis\u00e9s. Nous proposons des services OEM et ODM. Vous pouvez personnaliser la couleur, la taille, le logo, le motif ou l'emballage de votre propre photophore.<\/li>\n<\/ul>\n<\/div>\n\n\n\n<div class=\"wp-block-column is-layout-flow wp-block-column-is-layout-flow\">\n<figure class=\"wp-block-image size-full\"><img fetchpriority=\"high\" decoding=\"async\" width=\"750\" height=\"750\" src=\"https:\/\/jinhuaceramic.com\/wp-content\/uploads\/2024\/07\/candle-container.jpg\" alt=\"Pots de bougies en c\u00e9ramique vides - vente en gros avec pi\u00e9destal\" class=\"wp-image-5034\" srcset=\"https:\/\/jinhuaceramic.com\/wp-content\/uploads\/2024\/07\/candle-container.jpg 750w, https:\/\/jinhuaceramic.com\/wp-content\/uploads\/2024\/07\/candle-container-300x300.jpg 300w, https:\/\/jinhuaceramic.com\/wp-content\/uploads\/2024\/07\/candle-container-150x150.jpg 150w, https:\/\/jinhuaceramic.com\/wp-content\/uploads\/2024\/07\/candle-container-285x285.jpg 285w, https:\/\/jinhuaceramic.com\/wp-content\/uploads\/2024\/07\/candle-container-270x270.jpg 270w, https:\/\/jinhuaceramic.com\/wp-content\/uploads\/2024\/07\/candle-container-540x540.jpg 540w, https:\/\/jinhuaceramic.com\/wp-content\/uploads\/2024\/07\/candle-container-660x660.jpg 660w\" sizes=\"(max-width: 750px) 100vw, 750px\" \/><\/figure>\n<\/div>\n<\/div>","protected":false},"excerpt":{"rendered":"<p>Ces photophores vides en c\u00e9ramique avec pi\u00e9destal sont des best-sellers en raison de leur design unique et de leur mat\u00e9riau c\u00e9ramique durable de haute qualit\u00e9. Avec une surface lisse et une structure en c\u00e9ramique robuste, ces photophores \u00e0 pi\u00e9destal sont faciles \u00e0 nettoyer et r\u00e9utilisables. En outre, en tant que fabricant, nous offrons un service personnalis\u00e9 pour ce photophore.<\/p>","protected":false},"featured_media":5036,"comment_status":"closed","ping_status":"closed","template":"","meta":{"_acf_changed":false},"product_brand":[],"product_cat":[52],"product_tag":[66],"class_list":{"0":"post-5033","1":"product","2":"type-product","3":"status-publish","4":"has-post-thumbnail","6":"product_cat-wholesale-candle-containers","7":"product_tag-candle-jars-wholesale","9":"first","10":"instock","11":"shipping-taxable","12":"product-type-simple"},"acf":[],"_links":{"self":[{"href":"https:\/\/jinhuaceramic.com\/fr\/wp-json\/wp\/v2\/product\/5033","targetHints":{"allow":["GET"]}}],"collection":[{"href":"https:\/\/jinhuaceramic.com\/fr\/wp-json\/wp\/v2\/product"}],"about":[{"href":"https:\/\/jinhuaceramic.com\/fr\/wp-json\/wp\/v2\/types\/product"}],"replies":[{"embeddable":true,"href":"https:\/\/jinhuaceramic.com\/fr\/wp-json\/wp\/v2\/comments?post=5033"}],"version-history":[{"count":0,"href":"https:\/\/jinhuaceramic.com\/fr\/wp-json\/wp\/v2\/product\/5033\/revisions"}],"wp:featuredmedia":[{"embeddable":true,"href":"https:\/\/jinhuaceramic.com\/fr\/wp-json\/wp\/v2\/media\/5036"}],"wp:attachment":[{"href":"https:\/\/jinhuaceramic.com\/fr\/wp-json\/wp\/v2\/media?parent=5033"}],"wp:term":[{"taxonomy":"product_brand","embeddable":true,"href":"https:\/\/jinhuaceramic.com\/fr\/wp-json\/wp\/v2\/product_brand?post=5033"},{"taxonomy":"product_cat","embeddable":true,"href":"https:\/\/jinhuaceramic.com\/fr\/wp-json\/wp\/v2\/product_cat?post=5033"},{"taxonomy":"product_tag","embeddable":true,"href":"https:\/\/jinhuaceramic.com\/fr\/wp-json\/wp\/v2\/product_tag?post=5033"}],"curies":[{"name":"wp","href":"https:\/\/api.w.org\/{rel}","templated":true}]}}