{"id":5049,"date":"2024-07-02T09:42:51","date_gmt":"2024-07-02T09:42:51","guid":{"rendered":"https:\/\/jinhuaceramic.com\/?post_type=product&#038;p=5049"},"modified":"2025-03-10T09:10:06","modified_gmt":"2025-03-10T09:10:06","slug":"custom-casserole-dish-in-bulk","status":"publish","type":"product","link":"https:\/\/jinhuaceramic.com\/fr\/product\/custom-casserole-dish-in-bulk\/","title":{"rendered":"Casseroles personnalis\u00e9es, Grossiste Casseroles avec couvercle et motif \u00e9l\u00e9gant"},"content":{"rendered":"<div class=\"wp-block-columns is-layout-flex wp-container-core-columns-is-layout-9d6595d7 wp-block-columns-is-layout-flex\">\n<div class=\"wp-block-column is-layout-flow wp-block-column-is-layout-flow\">\n<h3 class=\"wp-block-heading\">Casseroles personnalis\u00e9es Premium Caract\u00e9ristiques :<\/h3>\n\n\n\n<ul class=\"wp-block-list\">\n<li><strong>Motif exquis de fleurs bleues en relief : <\/strong>Ces cocottes personnalis\u00e9es sont de couleur bleue et sont orn\u00e9es d'\u00e9l\u00e9gantes fleurs en relief, ce qui conf\u00e8re une atmosph\u00e8re artistique luxueuse \u00e0 la cuisine et \u00e0 la table \u00e0 manger. Ces cocottes en gros peuvent ajouter une beaut\u00e9 visuelle unique aux repas.<\/li>\n\n\n\n<li><strong>Couvercle en c\u00e9ramique assorti : <\/strong>Notre cocotte en gros est \u00e9quip\u00e9e d'un couvercle en c\u00e9ramique assorti, qui s'adapte bien au corps de la cocotte et peut maintenir la temp\u00e9rature et l'humidit\u00e9 des aliments pour les garder frais et chauds pendant une longue p\u00e9riode apr\u00e8s la cuisson, montrant ainsi le meilleur go\u00fbt.<\/li>\n\n\n\n<li><strong>Convient \u00e0 une grande vari\u00e9t\u00e9 d'appareils de cuisson : <\/strong>Ces plats \u00e0 gratin personnalis\u00e9s conviennent aux fours \u00e0 micro-ondes, aux fours et aux r\u00e9frig\u00e9rateurs, et peuvent facilement r\u00e9pondre \u00e0 vos besoins, de la cuisson au stockage. Elles am\u00e9liorent consid\u00e9rablement l'efficacit\u00e9 et la commodit\u00e9 des op\u00e9rations dans la cuisine, ce qui en fait un choix id\u00e9al pour la cuisine \u00e0 domicile.<\/li>\n\n\n\n<li><strong>R\u00e9pondre \u00e0 des besoins diversifi\u00e9s : <\/strong>Afin de r\u00e9pondre aux besoins vari\u00e9s des diff\u00e9rents clients, notre grossiste en casseroles peut fournir des services personnalis\u00e9s, ce qui permet aux consommateurs de choisir diff\u00e9rentes tailles et diff\u00e9rents motifs ou d\u00e9tails de conception. Cette option de personnalisation flexible ne convient pas seulement \u00e0 l'usage domestique, mais aussi \u00e0 l'industrie de la restauration et \u00e0 la promotion de la marque.<\/li>\n<\/ul>\n<\/div>\n\n\n\n<div class=\"wp-block-column is-layout-flow wp-block-column-is-layout-flow\">\n<figure class=\"wp-block-image size-full\"><img fetchpriority=\"high\" decoding=\"async\" width=\"1500\" height=\"1439\" src=\"https:\/\/jinhuaceramic.com\/wp-content\/uploads\/2024\/07\/casserole-dishes.webp\" alt=\"custom-casserole-dish-in-bulk-with-lid-and-elegant-pantten\" class=\"wp-image-5054\" srcset=\"https:\/\/jinhuaceramic.com\/wp-content\/uploads\/2024\/07\/casserole-dishes.webp 1500w, https:\/\/jinhuaceramic.com\/wp-content\/uploads\/2024\/07\/casserole-dishes-300x288.webp 300w, https:\/\/jinhuaceramic.com\/wp-content\/uploads\/2024\/07\/casserole-dishes-768x737.webp 768w, https:\/\/jinhuaceramic.com\/wp-content\/uploads\/2024\/07\/casserole-dishes-285x273.webp 285w, https:\/\/jinhuaceramic.com\/wp-content\/uploads\/2024\/07\/casserole-dishes-660x633.webp 660w, https:\/\/jinhuaceramic.com\/wp-content\/uploads\/2024\/07\/casserole-dishes-150x144.webp 150w\" sizes=\"(max-width: 1500px) 100vw, 1500px\" \/><\/figure>\n<\/div>\n<\/div>","protected":false},"excerpt":{"rendered":"<p>Bienvenue sur le site d'achat en gros de plats \u00e0 gratin. Nos cocottes bleues personnalis\u00e9es sont dot\u00e9es d'un magnifique motif en relief et d'un couvercle adapt\u00e9, ce qui permet de garder les aliments frais et chauds. Elle peut \u00eatre utilis\u00e9e dans les micro-ondes, les fours, les r\u00e9frig\u00e9rateurs pour r\u00e9pondre \u00e0 de nombreux besoins de cuisson avec flexibilit\u00e9. C'est donc un ustensile de cuisine parfait, \u00e0 la fois pratique et esth\u00e9tique.<\/p>","protected":false},"featured_media":5053,"comment_status":"closed","ping_status":"closed","template":"","meta":{"_acf_changed":false},"product_brand":[],"product_cat":[53],"product_tag":[69],"class_list":{"0":"post-5049","1":"product","2":"type-product","3":"status-publish","4":"has-post-thumbnail","6":"product_cat-bakeware-in-bulk","7":"product_tag-bulk-ramekins","9":"first","10":"instock","11":"shipping-taxable","12":"product-type-simple"},"acf":[],"_links":{"self":[{"href":"https:\/\/jinhuaceramic.com\/fr\/wp-json\/wp\/v2\/product\/5049","targetHints":{"allow":["GET"]}}],"collection":[{"href":"https:\/\/jinhuaceramic.com\/fr\/wp-json\/wp\/v2\/product"}],"about":[{"href":"https:\/\/jinhuaceramic.com\/fr\/wp-json\/wp\/v2\/types\/product"}],"replies":[{"embeddable":true,"href":"https:\/\/jinhuaceramic.com\/fr\/wp-json\/wp\/v2\/comments?post=5049"}],"version-history":[{"count":0,"href":"https:\/\/jinhuaceramic.com\/fr\/wp-json\/wp\/v2\/product\/5049\/revisions"}],"wp:featuredmedia":[{"embeddable":true,"href":"https:\/\/jinhuaceramic.com\/fr\/wp-json\/wp\/v2\/media\/5053"}],"wp:attachment":[{"href":"https:\/\/jinhuaceramic.com\/fr\/wp-json\/wp\/v2\/media?parent=5049"}],"wp:term":[{"taxonomy":"product_brand","embeddable":true,"href":"https:\/\/jinhuaceramic.com\/fr\/wp-json\/wp\/v2\/product_brand?post=5049"},{"taxonomy":"product_cat","embeddable":true,"href":"https:\/\/jinhuaceramic.com\/fr\/wp-json\/wp\/v2\/product_cat?post=5049"},{"taxonomy":"product_tag","embeddable":true,"href":"https:\/\/jinhuaceramic.com\/fr\/wp-json\/wp\/v2\/product_tag?post=5049"}],"curies":[{"name":"wp","href":"https:\/\/api.w.org\/{rel}","templated":true}]}}