{"id":5059,"date":"2024-07-02T09:57:05","date_gmt":"2024-07-02T09:57:05","guid":{"rendered":"https:\/\/jinhuaceramic.com\/?post_type=product&#038;p=5059"},"modified":"2026-02-05T04:00:57","modified_gmt":"2026-02-05T04:00:57","slug":"ribbed-custom-bathroom-sets","status":"publish","type":"product","link":"https:\/\/jinhuaceramic.com\/fr\/product\/ribbed-custom-bathroom-sets\/","title":{"rendered":"Ensemble de salle de bains de luxe sur mesure, accessoires de salle de bains en c\u00e9ramique en vrac"},"content":{"rendered":"<div class=\"wp-block-columns is-layout-flex wp-container-core-columns-is-layout-9d6595d7 wp-block-columns-is-layout-flex\">\n<div class=\"wp-block-column is-layout-flow wp-block-column-is-layout-flow\">\n<h3 class=\"wp-block-heading\">Premium Custom Bathroom Sets&nbsp;Wholesale Features:<\/h3>\n\n\n\n<ul class=\"wp-block-list\">\n<li><strong>Exquisite design, gray and wood combination:<\/strong> These custom bathroom sets adopt fashionable gray and warm wood lid perfectly combined bring in modern feelings close to nature. That unique design enhances not only the beauty of the whole bathroom but also brings some warmth into it.<\/li>\n\n\n\n<li><strong>R\u00e9pondre \u00e0 des besoins diversifi\u00e9s :<\/strong> This series of wholesale bathroom accessories cover all different types, including soap dispensers, soap dishes, toothbrush cups, and cosmetic storage boxes, with which it would be enough to meet the needs in daily use. Much caution has been taken when designing these bathroom accessories, thus making them practical while enriching the refinement in the bathroom.<\/li>\n\n\n\n<li><strong>Environmentally friendly materials, safe, harmless: <\/strong>Our custom bathroom sets are manufactured with quality ceramics mixed with environment-friendly wood to ensure environmental protection and safety. Whether for use at home or in high-star hotels, users can confidently use them.<\/li>\n\n\n\n<li><strong>Personalized customization, highlighting unique style: <\/strong>We provide customized services for bathroom accessories wholesale. Customers can choose colors, LOGO and other details according to their personal preferences, perfectly reflecting personalized design, and meeting the needs of different brands or venues.<\/li>\n<\/ul>\n<\/div>\n\n\n\n<div class=\"wp-block-column is-layout-flow wp-block-column-is-layout-flow\">\n<figure class=\"wp-block-image size-full\"><img fetchpriority=\"high\" decoding=\"async\" width=\"1000\" height=\"1000\" src=\"https:\/\/jinhuaceramic.com\/wp-content\/uploads\/2024\/07\/soap-bottle.webp\" alt=\"Luxury Custom Bathroom Sets, Bathroom Accessories Wholesale With Bamboo Accents-1\" class=\"wp-image-5065\" srcset=\"https:\/\/jinhuaceramic.com\/wp-content\/uploads\/2024\/07\/soap-bottle.webp 1000w, https:\/\/jinhuaceramic.com\/wp-content\/uploads\/2024\/07\/soap-bottle-300x300.webp 300w, https:\/\/jinhuaceramic.com\/wp-content\/uploads\/2024\/07\/soap-bottle-150x150.webp 150w, https:\/\/jinhuaceramic.com\/wp-content\/uploads\/2024\/07\/soap-bottle-768x768.webp 768w, https:\/\/jinhuaceramic.com\/wp-content\/uploads\/2024\/07\/soap-bottle-285x285.webp 285w, https:\/\/jinhuaceramic.com\/wp-content\/uploads\/2024\/07\/soap-bottle-270x270.webp 270w, https:\/\/jinhuaceramic.com\/wp-content\/uploads\/2024\/07\/soap-bottle-540x540.webp 540w, https:\/\/jinhuaceramic.com\/wp-content\/uploads\/2024\/07\/soap-bottle-660x660.webp 660w\" sizes=\"(max-width: 1000px) 100vw, 1000px\" \/><\/figure>\n<\/div>\n<\/div>","protected":false},"excerpt":{"rendered":"<p>Welcome to custom bathroom sets. This luxury bathroom accessories wholesale in grey color with wooden lids perfectly presents the harmony of modern and natural. Equipped with multi-functional accessories and eco-friendly materials, safe and harmless, it is a series that suits homes and high-grade hotels.<\/p>","protected":false},"featured_media":5063,"comment_status":"closed","ping_status":"closed","template":"","meta":{"_acf_changed":false},"product_brand":[],"product_cat":[51],"product_tag":[74],"class_list":{"0":"post-5059","1":"product","2":"type-product","3":"status-publish","4":"has-post-thumbnail","6":"product_cat-bathroom-accessories-wholesale","7":"product_tag-ceramic-bath-accessories-wholesale","9":"first","10":"instock","11":"shipping-taxable","12":"product-type-simple"},"acf":[],"_links":{"self":[{"href":"https:\/\/jinhuaceramic.com\/fr\/wp-json\/wp\/v2\/product\/5059","targetHints":{"allow":["GET"]}}],"collection":[{"href":"https:\/\/jinhuaceramic.com\/fr\/wp-json\/wp\/v2\/product"}],"about":[{"href":"https:\/\/jinhuaceramic.com\/fr\/wp-json\/wp\/v2\/types\/product"}],"replies":[{"embeddable":true,"href":"https:\/\/jinhuaceramic.com\/fr\/wp-json\/wp\/v2\/comments?post=5059"}],"version-history":[{"count":0,"href":"https:\/\/jinhuaceramic.com\/fr\/wp-json\/wp\/v2\/product\/5059\/revisions"}],"wp:featuredmedia":[{"embeddable":true,"href":"https:\/\/jinhuaceramic.com\/fr\/wp-json\/wp\/v2\/media\/5063"}],"wp:attachment":[{"href":"https:\/\/jinhuaceramic.com\/fr\/wp-json\/wp\/v2\/media?parent=5059"}],"wp:term":[{"taxonomy":"product_brand","embeddable":true,"href":"https:\/\/jinhuaceramic.com\/fr\/wp-json\/wp\/v2\/product_brand?post=5059"},{"taxonomy":"product_cat","embeddable":true,"href":"https:\/\/jinhuaceramic.com\/fr\/wp-json\/wp\/v2\/product_cat?post=5059"},{"taxonomy":"product_tag","embeddable":true,"href":"https:\/\/jinhuaceramic.com\/fr\/wp-json\/wp\/v2\/product_tag?post=5059"}],"curies":[{"name":"wp","href":"https:\/\/api.w.org\/{rel}","templated":true}]}}