{"id":5071,"date":"2024-07-02T09:51:20","date_gmt":"2024-07-02T09:51:20","guid":{"rendered":"https:\/\/jinhuaceramic.com\/?post_type=product&#038;p=5071"},"modified":"2025-03-10T09:07:43","modified_gmt":"2025-03-10T09:07:43","slug":"custom-baking-dish-in-bulk","status":"publish","type":"product","link":"https:\/\/jinhuaceramic.com\/fr\/product\/custom-baking-dish-in-bulk\/","title":{"rendered":"Plat \u00e0 p\u00e2tisserie personnalis\u00e9 en vrac, plat \u00e0 p\u00e2tisserie rectangulaire en gros"},"content":{"rendered":"<div class=\"wp-block-columns is-layout-flex wp-container-core-columns-is-layout-9d6595d7 wp-block-columns-is-layout-flex\">\n<div class=\"wp-block-column is-layout-flow wp-block-column-is-layout-flow\">\n<h3 class=\"wp-block-heading\">Plat de cuisson personnalis\u00e9 de qualit\u00e9 sup\u00e9rieure Caract\u00e9ristiques :<\/h3>\n\n\n\n<ul class=\"wp-block-list\">\n<li><strong>Design rectangulaire classique : <\/strong>Ce plat \u00e0 four rouge personnalis\u00e9 en vrac adopte un design rectangulaire classique, qui convient parfaitement \u00e0 une vari\u00e9t\u00e9 de besoins en mati\u00e8re de cuisson, tels que la cuisson du pain, des plats \u00e0 cuire, des desserts, etc. Il convient \u00e0 la cuisson domestique et peut \u00e9galement r\u00e9pondre aux besoins \u00e0 grande \u00e9chelle des restaurants ou des banquets.<\/li>\n\n\n\n<li><strong>Gla\u00e7ure rouge vif : <\/strong>Ces ustensiles de cuisson en c\u00e9ramique adoptent une gla\u00e7ure rouge vif, qui non seulement ajoute une touche de couleur vive \u00e0 la cuisine, mais rend \u00e9galement les produits de boulangerie plus attrayants sur la table, alliant ainsi praticit\u00e9 et d\u00e9corativit\u00e9.<\/li>\n\n\n\n<li><strong>Peut \u00eatre cuit \u00e0 haute temp\u00e9rature : <\/strong>Ce plat de cuisson personnalis\u00e9 en vrac peut r\u00e9sister \u00e0 des temp\u00e9ratures \u00e9lev\u00e9es et convient \u00e0 diff\u00e9rentes m\u00e9thodes de chauffage telles que les fours et les micro-ondes, garantissant que les produits de boulangerie sont chauff\u00e9s uniform\u00e9ment, ce qui vous permet de pr\u00e9parer facilement de d\u00e9licieux plats.<\/li>\n\n\n\n<li><strong>Un service sur mesure pour r\u00e9pondre \u00e0 des besoins personnalis\u00e9s : <\/strong>Ces moules \u00e0 p\u00e2tisserie en c\u00e9ramique peuvent \u00eatre personnalis\u00e9s en vrac. Vous pouvez choisir diff\u00e9rentes tailles ou des designs personnalis\u00e9s en fonction de vos besoins. Ils conviennent aux d\u00e9taillants de marque et aux entreprises de restauration pour r\u00e9aliser des personnalisations uniques et am\u00e9liorer leur image de marque.<\/li>\n<\/ul>\n<\/div>\n\n\n\n<div class=\"wp-block-column is-layout-flow wp-block-column-is-layout-flow\">\n<figure class=\"wp-block-image size-full\"><img fetchpriority=\"high\" decoding=\"async\" width=\"1000\" height=\"1000\" src=\"https:\/\/jinhuaceramic.com\/wp-content\/uploads\/2024\/07\/ceramic-baking-dish.jpg\" alt=\"set de plats de cuisson en c\u00e9ramique-rectangulaire-en vrac\" class=\"wp-image-5076\" srcset=\"https:\/\/jinhuaceramic.com\/wp-content\/uploads\/2024\/07\/ceramic-baking-dish.jpg 1000w, https:\/\/jinhuaceramic.com\/wp-content\/uploads\/2024\/07\/ceramic-baking-dish-300x300.jpg 300w, https:\/\/jinhuaceramic.com\/wp-content\/uploads\/2024\/07\/ceramic-baking-dish-150x150.jpg 150w, https:\/\/jinhuaceramic.com\/wp-content\/uploads\/2024\/07\/ceramic-baking-dish-768x768.jpg 768w, https:\/\/jinhuaceramic.com\/wp-content\/uploads\/2024\/07\/ceramic-baking-dish-285x285.jpg 285w, https:\/\/jinhuaceramic.com\/wp-content\/uploads\/2024\/07\/ceramic-baking-dish-270x270.jpg 270w, https:\/\/jinhuaceramic.com\/wp-content\/uploads\/2024\/07\/ceramic-baking-dish-540x540.jpg 540w, https:\/\/jinhuaceramic.com\/wp-content\/uploads\/2024\/07\/ceramic-baking-dish-660x660.jpg 660w\" sizes=\"(max-width: 1000px) 100vw, 1000px\" \/><\/figure>\n<\/div>\n<\/div>\n\n\n\n<p><\/p>","protected":false},"excerpt":{"rendered":"<p>Bienvenue sur le site d'achat en gros d'ustensiles de cuisson en c\u00e9ramique. Ce plat \u00e0 four rouge personnalis\u00e9 en vrac convient \u00e0 une grande vari\u00e9t\u00e9 de cuissons. Son design classique et son \u00e9mail rouge vif sont \u00e0 la fois pratiques et esth\u00e9tiques. Sa r\u00e9sistance aux temp\u00e9ratures \u00e9lev\u00e9es garantit une utilisation s\u00fbre dans les fours et les micro-ondes, ce qui le rend id\u00e9al pour les p\u00e2tisseries domestiques et commerciales.<\/p>","protected":false},"featured_media":5077,"comment_status":"closed","ping_status":"closed","template":"","meta":{"_acf_changed":false},"product_brand":[],"product_cat":[53],"product_tag":[71],"class_list":{"0":"post-5071","1":"product","2":"type-product","3":"status-publish","4":"has-post-thumbnail","6":"product_cat-bakeware-in-bulk","7":"product_tag-wholesale-baking-pans","9":"first","10":"instock","11":"shipping-taxable","12":"product-type-simple"},"acf":[],"_links":{"self":[{"href":"https:\/\/jinhuaceramic.com\/fr\/wp-json\/wp\/v2\/product\/5071","targetHints":{"allow":["GET"]}}],"collection":[{"href":"https:\/\/jinhuaceramic.com\/fr\/wp-json\/wp\/v2\/product"}],"about":[{"href":"https:\/\/jinhuaceramic.com\/fr\/wp-json\/wp\/v2\/types\/product"}],"replies":[{"embeddable":true,"href":"https:\/\/jinhuaceramic.com\/fr\/wp-json\/wp\/v2\/comments?post=5071"}],"version-history":[{"count":0,"href":"https:\/\/jinhuaceramic.com\/fr\/wp-json\/wp\/v2\/product\/5071\/revisions"}],"wp:featuredmedia":[{"embeddable":true,"href":"https:\/\/jinhuaceramic.com\/fr\/wp-json\/wp\/v2\/media\/5077"}],"wp:attachment":[{"href":"https:\/\/jinhuaceramic.com\/fr\/wp-json\/wp\/v2\/media?parent=5071"}],"wp:term":[{"taxonomy":"product_brand","embeddable":true,"href":"https:\/\/jinhuaceramic.com\/fr\/wp-json\/wp\/v2\/product_brand?post=5071"},{"taxonomy":"product_cat","embeddable":true,"href":"https:\/\/jinhuaceramic.com\/fr\/wp-json\/wp\/v2\/product_cat?post=5071"},{"taxonomy":"product_tag","embeddable":true,"href":"https:\/\/jinhuaceramic.com\/fr\/wp-json\/wp\/v2\/product_tag?post=5071"}],"curies":[{"name":"wp","href":"https:\/\/api.w.org\/{rel}","templated":true}]}}