{"id":5118,"date":"2024-07-05T08:19:56","date_gmt":"2024-07-05T08:19:56","guid":{"rendered":"https:\/\/jinhuaceramic.com\/?post_type=product&#038;p=5118"},"modified":"2025-03-08T03:34:54","modified_gmt":"2025-03-08T03:34:54","slug":"matte-ceramic-candle-jars-bulk","status":"publish","type":"product","link":"https:\/\/jinhuaceramic.com\/fr\/product\/matte-ceramic-candle-jars-bulk\/","title":{"rendered":"Pots de bougie en c\u00e9ramique mate en vrac au design minimaliste"},"content":{"rendered":"<div class=\"wp-block-columns is-layout-flex wp-container-core-columns-is-layout-9d6595d7 wp-block-columns-is-layout-flex\">\n<div class=\"wp-block-column is-layout-flow wp-block-column-is-layout-flow\">\n<h3 class=\"wp-block-heading\">Pots de bougie en c\u00e9ramique de qualit\u00e9 sup\u00e9rieure Caract\u00e9ristiques en vrac :<\/h3>\n\n\n\n<ul class=\"wp-block-list\">\n<li><strong>Conception simple :<\/strong> Nos photophores en c\u00e9ramique mate en vrac sont de forme ronde, de couleur neutre, de conception simple et classique. L'\u00e9mail mat joliment givr\u00e9 leur conf\u00e8re un aspect sophistiqu\u00e9 et contribue \u00e0 l'ambiance chaleureuse de votre environnement.<\/li>\n\n\n\n<li><strong>Mat\u00e9riau de haute qualit\u00e9 :<\/strong> Ces photophores en c\u00e9ramique en vrac sont fabriqu\u00e9s en c\u00e9ramique de haute qualit\u00e9, r\u00e9sistante \u00e0 la chaleur, incassable, antid\u00e9flagrante, non toxique et sans plomb.<\/li>\n\n\n\n<li><strong>R\u00e9utilisable et \u00e9cologique :<\/strong> Le bougeoir en c\u00e9ramique personnalis\u00e9 est r\u00e9utilisable comme pot de fleurs ou r\u00e9cipient de stockage apr\u00e8s la bougie, ce qui maximise la dur\u00e9e de vie du produit.<\/li>\n\n\n\n<li><strong>Personnalis\u00e9 :<\/strong> Le pot \u00e0 bougie en c\u00e9ramique en vrac peut \u00eatre imprim\u00e9 en couleurs, en motifs, en logos et en emballages selon les commandes des clients.<\/li>\n<\/ul>\n<\/div>\n\n\n\n<div class=\"wp-block-column is-layout-flow wp-block-column-is-layout-flow\">\n<figure class=\"wp-block-image size-full\"><img fetchpriority=\"high\" decoding=\"async\" width=\"800\" height=\"800\" src=\"https:\/\/jinhuaceramic.com\/wp-content\/uploads\/2024\/07\/candle-jar-1.jpg\" alt=\"pots \u00e0 bougies en c\u00e9ramique mate en vrac au design minimaliste\" class=\"wp-image-5120\" srcset=\"https:\/\/jinhuaceramic.com\/wp-content\/uploads\/2024\/07\/candle-jar-1.jpg 800w, https:\/\/jinhuaceramic.com\/wp-content\/uploads\/2024\/07\/candle-jar-1-300x300.jpg 300w, https:\/\/jinhuaceramic.com\/wp-content\/uploads\/2024\/07\/candle-jar-1-150x150.jpg 150w, https:\/\/jinhuaceramic.com\/wp-content\/uploads\/2024\/07\/candle-jar-1-768x768.jpg 768w, https:\/\/jinhuaceramic.com\/wp-content\/uploads\/2024\/07\/candle-jar-1-12x12.jpg 12w, https:\/\/jinhuaceramic.com\/wp-content\/uploads\/2024\/07\/candle-jar-1-285x285.jpg 285w, https:\/\/jinhuaceramic.com\/wp-content\/uploads\/2024\/07\/candle-jar-1-270x270.jpg 270w, https:\/\/jinhuaceramic.com\/wp-content\/uploads\/2024\/07\/candle-jar-1-540x540.jpg 540w, https:\/\/jinhuaceramic.com\/wp-content\/uploads\/2024\/07\/candle-jar-1-660x660.jpg 660w\" sizes=\"(max-width: 800px) 100vw, 800px\" \/><\/figure>\n<\/div>\n<\/div>","protected":false},"excerpt":{"rendered":"<p>Ces photophores en c\u00e9ramique mate en vrac sont des best-sellers en raison de leur design minimaliste, des mat\u00e9riaux c\u00e9ramiques de haute qualit\u00e9 et de leur r\u00e9utilisation respectueuse de l'environnement. En tant qu'usine, nous prenons en charge les commandes en vrac pour la personnalisation de l'\u00e9mail. Ces photophores en c\u00e9ramique personnalisables sont id\u00e9aux pour les h\u00f4tels-boutiques et les boutiques d'acheteurs afin de cr\u00e9er une exp\u00e9rience sc\u00e9nique pour le consommateur. Bienvenue dans la personnalisation de nos photophores minimalistes en c\u00e9ramique.<\/p>","protected":false},"featured_media":5123,"comment_status":"closed","ping_status":"closed","template":"","meta":{"_acf_changed":false},"product_brand":[],"product_cat":[52],"product_tag":[66],"class_list":{"0":"post-5118","1":"product","2":"type-product","3":"status-publish","4":"has-post-thumbnail","6":"product_cat-wholesale-candle-containers","7":"product_tag-candle-jars-wholesale","9":"first","10":"instock","11":"shipping-taxable","12":"product-type-simple"},"acf":[],"_links":{"self":[{"href":"https:\/\/jinhuaceramic.com\/fr\/wp-json\/wp\/v2\/product\/5118","targetHints":{"allow":["GET"]}}],"collection":[{"href":"https:\/\/jinhuaceramic.com\/fr\/wp-json\/wp\/v2\/product"}],"about":[{"href":"https:\/\/jinhuaceramic.com\/fr\/wp-json\/wp\/v2\/types\/product"}],"replies":[{"embeddable":true,"href":"https:\/\/jinhuaceramic.com\/fr\/wp-json\/wp\/v2\/comments?post=5118"}],"version-history":[{"count":0,"href":"https:\/\/jinhuaceramic.com\/fr\/wp-json\/wp\/v2\/product\/5118\/revisions"}],"wp:featuredmedia":[{"embeddable":true,"href":"https:\/\/jinhuaceramic.com\/fr\/wp-json\/wp\/v2\/media\/5123"}],"wp:attachment":[{"href":"https:\/\/jinhuaceramic.com\/fr\/wp-json\/wp\/v2\/media?parent=5118"}],"wp:term":[{"taxonomy":"product_brand","embeddable":true,"href":"https:\/\/jinhuaceramic.com\/fr\/wp-json\/wp\/v2\/product_brand?post=5118"},{"taxonomy":"product_cat","embeddable":true,"href":"https:\/\/jinhuaceramic.com\/fr\/wp-json\/wp\/v2\/product_cat?post=5118"},{"taxonomy":"product_tag","embeddable":true,"href":"https:\/\/jinhuaceramic.com\/fr\/wp-json\/wp\/v2\/product_tag?post=5118"}],"curies":[{"name":"wp","href":"https:\/\/api.w.org\/{rel}","templated":true}]}}