{"id":5170,"date":"2024-07-05T08:11:20","date_gmt":"2024-07-05T08:11:20","guid":{"rendered":"https:\/\/jinhuaceramic.com\/?post_type=product&#038;p=5170"},"modified":"2024-11-05T06:55:58","modified_gmt":"2024-11-05T06:55:58","slug":"bathroom-accessories-set-bulk","status":"publish","type":"product","link":"https:\/\/jinhuaceramic.com\/fr\/product\/bathroom-accessories-set-bulk\/","title":{"rendered":"Set d'accessoires de salle de bain 6 pi\u00e8ces en c\u00e9ramique Bulk, Wholesale Bath Accessories"},"content":{"rendered":"<div class=\"wp-block-columns is-layout-flex wp-container-core-columns-is-layout-9d6595d7 wp-block-columns-is-layout-flex\">\n<div class=\"wp-block-column is-layout-flow wp-block-column-is-layout-flow\">\n<h3 class=\"wp-block-heading\">Ensemble d'accessoires de salle de bain de qualit\u00e9 sup\u00e9rieure en vrac Caract\u00e9ristiques :<\/h3>\n\n\n\n<ul class=\"wp-block-list\">\n<li><strong>Correspondance luxueuse des couleurs : <\/strong>Cet ensemble d'accessoires de salle de bains 6 pi\u00e8ces est disponible en deux couleurs luxueuses : or et noir. L'\u00e9clat de l'or et la simplicit\u00e9 du noir les rendent harmonieux, ce qui cr\u00e9e une atmosph\u00e8re \u00e9l\u00e9gante et noble dans la salle de bains.<\/li>\n\n\n\n<li><strong>Conception compl\u00e8te en six pi\u00e8ces, tr\u00e8s pratique : <\/strong>Cette s\u00e9rie d'accessoires de bain en gros comprend des distributeurs de savon, des porte-savons, des gobelets pour brosses \u00e0 dents et des porte-gobelets pour brosses \u00e0 dents qui peuvent r\u00e9pondre aux exigences de l'utilisation quotidienne et garder votre salle de bain propre, ordonn\u00e9e et fonctionnelle.<\/li>\n\n\n\n<li><strong>Durable et facile \u00e0 entretenir : <\/strong>Notre ensemble d'accessoires de salle de bains en vrac est fabriqu\u00e9 en c\u00e9ramique de haute qualit\u00e9, avec une tr\u00e8s bonne durabilit\u00e9 et une r\u00e9sistance aux taches. La surface lisse rend le nettoyage simple et pratique, convient aux environnements de salle de bain \u00e0 haute fr\u00e9quence et permet de conserver les accessoires dans un \u00e9tat neuf.<\/li>\n\n\n\n<li><strong>Adaptation de diff\u00e9rents styles pour r\u00e9pondre \u00e0 des besoins personnalis\u00e9s :<\/strong> Qu'il s'agisse de simplicit\u00e9 moderne ou d'\u00e9l\u00e9gance classique, nos accessoires de bain en gros peuvent facilement s'int\u00e9grer dans diff\u00e9rents styles d\u00e9coratifs, et les utilisateurs peuvent choisir en fonction de leurs pr\u00e9f\u00e9rences et du style de leur salle de bain.<\/li>\n<\/ul>\n<\/div>\n\n\n\n<div class=\"wp-block-column is-layout-flow wp-block-column-is-layout-flow\">\n<figure class=\"wp-block-image size-full\"><img fetchpriority=\"high\" decoding=\"async\" width=\"674\" height=\"674\" src=\"https:\/\/jinhuaceramic.com\/wp-content\/uploads\/2024\/07\/bathroom-set-1.webp\" alt=\"Set d&#039;accessoires de salle de bain 6 pi\u00e8ces en c\u00e9ramique Bulk, Wholesale Bath Accessories-2\" class=\"wp-image-5173\" srcset=\"https:\/\/jinhuaceramic.com\/wp-content\/uploads\/2024\/07\/bathroom-set-1.webp 674w, https:\/\/jinhuaceramic.com\/wp-content\/uploads\/2024\/07\/bathroom-set-1-300x300.webp 300w, https:\/\/jinhuaceramic.com\/wp-content\/uploads\/2024\/07\/bathroom-set-1-150x150.webp 150w, https:\/\/jinhuaceramic.com\/wp-content\/uploads\/2024\/07\/bathroom-set-1-12x12.webp 12w, https:\/\/jinhuaceramic.com\/wp-content\/uploads\/2024\/07\/bathroom-set-1-285x285.webp 285w, https:\/\/jinhuaceramic.com\/wp-content\/uploads\/2024\/07\/bathroom-set-1-270x270.webp 270w, https:\/\/jinhuaceramic.com\/wp-content\/uploads\/2024\/07\/bathroom-set-1-540x540.webp 540w, https:\/\/jinhuaceramic.com\/wp-content\/uploads\/2024\/07\/bathroom-set-1-660x660.webp 660w\" sizes=\"(max-width: 674px) 100vw, 674px\" \/><\/figure>\n<\/div>\n<\/div>","protected":false},"excerpt":{"rendered":"<p>Bienvenue pour acheter des accessoires de bain en gros. Cet ensemble d'accessoires de salle de bain 6 pi\u00e8ces en c\u00e9ramique est disponible dans les couleurs luxueuses de l'or et du noir, ce qui peut rendre la salle de bain si \u00e9l\u00e9gante et g\u00e9n\u00e9reuse. Fabriqu\u00e9 en c\u00e9ramique de haute qualit\u00e9, cet ensemble de salle de bain en gros est enti\u00e8rement fonctionnel et facile \u00e0 nettoyer. C'est un bon choix pour toute salle de bain de maison ou d'h\u00f4tel haut de gamme.<\/p>","protected":false},"featured_media":5174,"comment_status":"closed","ping_status":"closed","template":"","meta":{"_acf_changed":false},"product_brand":[],"product_cat":[51],"product_tag":[74],"class_list":{"0":"post-5170","1":"product","2":"type-product","3":"status-publish","4":"has-post-thumbnail","6":"product_cat-bathroom-accessories-wholesale","7":"product_tag-ceramic-bath-accessories-wholesale","9":"first","10":"instock","11":"shipping-taxable","12":"product-type-simple"},"acf":[],"_links":{"self":[{"href":"https:\/\/jinhuaceramic.com\/fr\/wp-json\/wp\/v2\/product\/5170","targetHints":{"allow":["GET"]}}],"collection":[{"href":"https:\/\/jinhuaceramic.com\/fr\/wp-json\/wp\/v2\/product"}],"about":[{"href":"https:\/\/jinhuaceramic.com\/fr\/wp-json\/wp\/v2\/types\/product"}],"replies":[{"embeddable":true,"href":"https:\/\/jinhuaceramic.com\/fr\/wp-json\/wp\/v2\/comments?post=5170"}],"version-history":[{"count":0,"href":"https:\/\/jinhuaceramic.com\/fr\/wp-json\/wp\/v2\/product\/5170\/revisions"}],"wp:featuredmedia":[{"embeddable":true,"href":"https:\/\/jinhuaceramic.com\/fr\/wp-json\/wp\/v2\/media\/5174"}],"wp:attachment":[{"href":"https:\/\/jinhuaceramic.com\/fr\/wp-json\/wp\/v2\/media?parent=5170"}],"wp:term":[{"taxonomy":"product_brand","embeddable":true,"href":"https:\/\/jinhuaceramic.com\/fr\/wp-json\/wp\/v2\/product_brand?post=5170"},{"taxonomy":"product_cat","embeddable":true,"href":"https:\/\/jinhuaceramic.com\/fr\/wp-json\/wp\/v2\/product_cat?post=5170"},{"taxonomy":"product_tag","embeddable":true,"href":"https:\/\/jinhuaceramic.com\/fr\/wp-json\/wp\/v2\/product_tag?post=5170"}],"curies":[{"name":"wp","href":"https:\/\/api.w.org\/{rel}","templated":true}]}}