{"id":5178,"date":"2024-07-05T08:06:41","date_gmt":"2024-07-05T08:06:41","guid":{"rendered":"https:\/\/jinhuaceramic.com\/?post_type=product&#038;p=5178"},"modified":"2025-03-11T08:24:49","modified_gmt":"2025-03-11T08:24:49","slug":"blue-wholesale-ceramic-bakeware-sets","status":"publish","type":"product","link":"https:\/\/jinhuaceramic.com\/fr\/product\/blue-wholesale-ceramic-bakeware-sets\/","title":{"rendered":"Vente en gros de moules \u00e0 p\u00e2tisserie en c\u00e9ramique, moules \u00e0 p\u00e2tisserie sur mesure"},"content":{"rendered":"<div class=\"wp-block-columns is-layout-flex wp-container-core-columns-is-layout-9d6595d7 wp-block-columns-is-layout-flex\">\n<div class=\"wp-block-column is-layout-flow wp-block-column-is-layout-flow\">\n<h3 class=\"wp-block-heading\">Ensemble d'ustensiles de cuisson en c\u00e9ramique Premium Wholesale Caract\u00e9ristiques :<\/h3>\n\n\n\n<ul class=\"wp-block-list\">\n<li><strong>Mat\u00e9riau c\u00e9ramique tr\u00e8s durable :<\/strong> Nos moules \u00e0 p\u00e2tisserie en c\u00e9ramique sont fabriqu\u00e9s en c\u00e9ramique durable de haute qualit\u00e9, r\u00e9sistante aux fissures et \u00e0 la chaleur, garantissant une utilisation \u00e0 long terme sans dommages.<\/li>\n\n\n\n<li><strong>Design \u00e9l\u00e9gant : <\/strong>Ces moules \u00e0 p\u00e2tisserie en gros ont un design sophistiqu\u00e9, \u00e0 la fois \u00e9l\u00e9gant et pratique, qui convient \u00e0 une exposition dans la cuisine et sur la table \u00e0 manger.<\/li>\n\n\n\n<li><strong>Utilisation polyvalente : <\/strong>Ces moules \u00e0 p\u00e2tisserie en gros conviennent \u00e0 une vari\u00e9t\u00e9 de besoins en mati\u00e8re de p\u00e2tisserie, y compris les g\u00e2teaux, le pain, le barbecue, etc.<\/li>\n\n\n\n<li><strong>Options de personnalisation en masse : <\/strong>Nous proposons des services d'achat en gros de moules \u00e0 p\u00e2tisserie en c\u00e9ramique, adapt\u00e9s aux restaurants, aux d\u00e9taillants et aux grossistes, dans une grande vari\u00e9t\u00e9 de tailles et de mod\u00e8les.<\/li>\n<\/ul>\n<\/div>\n\n\n\n<div class=\"wp-block-column is-layout-flow wp-block-column-is-layout-flow\">\n<figure class=\"wp-block-image size-full\"><img fetchpriority=\"high\" decoding=\"async\" width=\"1500\" height=\"1451\" src=\"https:\/\/jinhuaceramic.com\/wp-content\/uploads\/2024\/07\/bakeware.webp\" alt=\"Wholesale Ceramic Bakeware Sets, Durable Baking Pans in Bulk With Elegant Design\" class=\"wp-image-5179\" srcset=\"https:\/\/jinhuaceramic.com\/wp-content\/uploads\/2024\/07\/bakeware.webp 1500w, https:\/\/jinhuaceramic.com\/wp-content\/uploads\/2024\/07\/bakeware-300x290.webp 300w, https:\/\/jinhuaceramic.com\/wp-content\/uploads\/2024\/07\/bakeware-768x743.webp 768w, https:\/\/jinhuaceramic.com\/wp-content\/uploads\/2024\/07\/bakeware-12x12.webp 12w, https:\/\/jinhuaceramic.com\/wp-content\/uploads\/2024\/07\/bakeware-285x276.webp 285w, https:\/\/jinhuaceramic.com\/wp-content\/uploads\/2024\/07\/bakeware-660x638.webp 660w, https:\/\/jinhuaceramic.com\/wp-content\/uploads\/2024\/07\/bakeware-150x145.webp 150w\" sizes=\"(max-width: 1500px) 100vw, 1500px\" \/><\/figure>\n<\/div>\n<\/div>","protected":false},"excerpt":{"rendered":"<p>Nous vous invitons \u00e0 acheter des moules \u00e0 p\u00e2tisserie en gros. Ces moules \u00e0 p\u00e2tisserie en c\u00e9ramique sont fabriqu\u00e9s en c\u00e9ramique tr\u00e8s durable, r\u00e9sistante aux fissures et \u00e0 la chaleur, ce qui garantit une utilisation \u00e0 long terme. Le design exquis est \u00e0 la fois pratique et \u00e9l\u00e9gant, et convient \u00e0 une vari\u00e9t\u00e9 d'objectifs de cuisson. Nous fournissons des services de personnalisation en vrac pour r\u00e9pondre aux diff\u00e9rents besoins des restaurants, des d\u00e9taillants et des grossistes, vous aidant \u00e0 cr\u00e9er une exp\u00e9rience de cuisson de haute qualit\u00e9.<\/p>","protected":false},"featured_media":5180,"comment_status":"closed","ping_status":"closed","template":"","meta":{"_acf_changed":false},"product_brand":[],"product_cat":[53],"product_tag":[71],"class_list":{"0":"post-5178","1":"product","2":"type-product","3":"status-publish","4":"has-post-thumbnail","6":"product_cat-bakeware-in-bulk","7":"product_tag-wholesale-baking-pans","9":"first","10":"instock","11":"shipping-taxable","12":"product-type-simple"},"acf":[],"_links":{"self":[{"href":"https:\/\/jinhuaceramic.com\/fr\/wp-json\/wp\/v2\/product\/5178","targetHints":{"allow":["GET"]}}],"collection":[{"href":"https:\/\/jinhuaceramic.com\/fr\/wp-json\/wp\/v2\/product"}],"about":[{"href":"https:\/\/jinhuaceramic.com\/fr\/wp-json\/wp\/v2\/types\/product"}],"replies":[{"embeddable":true,"href":"https:\/\/jinhuaceramic.com\/fr\/wp-json\/wp\/v2\/comments?post=5178"}],"version-history":[{"count":0,"href":"https:\/\/jinhuaceramic.com\/fr\/wp-json\/wp\/v2\/product\/5178\/revisions"}],"wp:featuredmedia":[{"embeddable":true,"href":"https:\/\/jinhuaceramic.com\/fr\/wp-json\/wp\/v2\/media\/5180"}],"wp:attachment":[{"href":"https:\/\/jinhuaceramic.com\/fr\/wp-json\/wp\/v2\/media?parent=5178"}],"wp:term":[{"taxonomy":"product_brand","embeddable":true,"href":"https:\/\/jinhuaceramic.com\/fr\/wp-json\/wp\/v2\/product_brand?post=5178"},{"taxonomy":"product_cat","embeddable":true,"href":"https:\/\/jinhuaceramic.com\/fr\/wp-json\/wp\/v2\/product_cat?post=5178"},{"taxonomy":"product_tag","embeddable":true,"href":"https:\/\/jinhuaceramic.com\/fr\/wp-json\/wp\/v2\/product_tag?post=5178"}],"curies":[{"name":"wp","href":"https:\/\/api.w.org\/{rel}","templated":true}]}}