{"id":5197,"date":"2024-07-08T09:36:14","date_gmt":"2024-07-08T09:36:14","guid":{"rendered":"https:\/\/jinhuaceramic.com\/?post_type=product&#038;p=5197"},"modified":"2024-10-15T03:56:01","modified_gmt":"2024-10-15T03:56:01","slug":"custom-ceramic-candle-holders-in-bulk","status":"publish","type":"product","link":"https:\/\/jinhuaceramic.com\/fr\/product\/custom-ceramic-candle-holders-in-bulk\/","title":{"rendered":"Bougeoirs en c\u00e9ramique en vrac, Bougeoirs chic en gros avec motif mouchet\u00e9"},"content":{"rendered":"<div class=\"wp-block-columns is-layout-flex wp-container-core-columns-is-layout-9d6595d7 wp-block-columns-is-layout-flex\">\n<div class=\"wp-block-column is-layout-flow wp-block-column-is-layout-flow\">\n<h3 class=\"wp-block-heading\">Porte-bougies de qualit\u00e9 sup\u00e9rieure en vrac Caract\u00e9ristiques :<\/h3>\n\n\n\n<ul class=\"wp-block-list\">\n<li><strong>Le design de la tache est \u00e0 la mode et ajoute une touche d'art moderne : <\/strong>Ces bougeoirs en c\u00e9ramique en vrac adoptent un motif \u00e0 pois tr\u00e8s tendance, qui r\u00e9v\u00e8le une personnalit\u00e9 unique et un sens moderne de la simplicit\u00e9. Ils conviennent \u00e0 toutes sortes de d\u00e9corations d'int\u00e9rieur, de tables ou d'occasions sp\u00e9ciales, cr\u00e9ant une atmosph\u00e8re raffin\u00e9e et \u00e9l\u00e9gante.<\/li>\n\n\n\n<li><strong>Mat\u00e9riau c\u00e9ramique de haute qualit\u00e9, respectueux de l'environnement et durable :<\/strong> Nos chandeliers en gros sont fabriqu\u00e9s en c\u00e9ramique de haute qualit\u00e9, cuite \u00e0 haute temp\u00e9rature et dot\u00e9e d'une excellente r\u00e9sistance \u00e0 la chaleur et d'une grande durabilit\u00e9. La c\u00e9ramique est non seulement \u00e9cologique et non toxique, mais elle r\u00e9siste \u00e9galement bien \u00e0 l'humidit\u00e9, ce qui garantit un produit s\u00fbr et fiable pour une utilisation \u00e0 long terme.<\/li>\n\n\n\n<li><strong>Plusieurs tailles possibles, adapt\u00e9es \u00e0 diff\u00e9rentes bougies : <\/strong>Nos bougeoirs en c\u00e9ramique en vrac offrent une grande vari\u00e9t\u00e9 de couleurs, et les clients peuvent les assortir de mani\u00e8re flexible en fonction des besoins des diff\u00e9rentes sc\u00e8nes.<\/li>\n\n\n\n<li><strong>Approvisionnement en vrac, soutien \u00e0 la personnalisation : <\/strong>Nous fournissons un service d'approvisionnement \u00e0 grande \u00e9chelle pour les chandeliers en gros afin de r\u00e9pondre aux besoins \u00e0 long terme des clients commerciaux. En m\u00eame temps, gr\u00e2ce aux services de personnalisation, les clients peuvent personnaliser la couleur du motif et le logo en fonction de leur propre marque ou des exigences de leur projet afin de lui donner une personnalit\u00e9 exclusive.<\/li>\n<\/ul>\n<\/div>\n\n\n\n<div class=\"wp-block-column is-layout-flow wp-block-column-is-layout-flow\">\n<figure class=\"wp-block-image size-full\"><img fetchpriority=\"high\" decoding=\"async\" width=\"1200\" height=\"1200\" src=\"https:\/\/jinhuaceramic.com\/wp-content\/uploads\/2024\/07\/candle-holder-2.webp\" alt=\"Porte-bougies en c\u00e9ramique sur mesure en vrac avec motif mouchet\u00e9\" class=\"wp-image-5198\" srcset=\"https:\/\/jinhuaceramic.com\/wp-content\/uploads\/2024\/07\/candle-holder-2.webp 1200w, https:\/\/jinhuaceramic.com\/wp-content\/uploads\/2024\/07\/candle-holder-2-300x300.webp 300w, https:\/\/jinhuaceramic.com\/wp-content\/uploads\/2024\/07\/candle-holder-2-150x150.webp 150w, https:\/\/jinhuaceramic.com\/wp-content\/uploads\/2024\/07\/candle-holder-2-768x768.webp 768w, https:\/\/jinhuaceramic.com\/wp-content\/uploads\/2024\/07\/candle-holder-2-12x12.webp 12w, https:\/\/jinhuaceramic.com\/wp-content\/uploads\/2024\/07\/candle-holder-2-285x285.webp 285w, https:\/\/jinhuaceramic.com\/wp-content\/uploads\/2024\/07\/candle-holder-2-270x270.webp 270w, https:\/\/jinhuaceramic.com\/wp-content\/uploads\/2024\/07\/candle-holder-2-540x540.webp 540w, https:\/\/jinhuaceramic.com\/wp-content\/uploads\/2024\/07\/candle-holder-2-660x660.webp 660w\" sizes=\"(max-width: 1200px) 100vw, 1200px\" \/><\/figure>\n<\/div>\n<\/div>","protected":false},"excerpt":{"rendered":"<p>Bienvenue pour acheter des chandeliers en gros. Nos chandeliers en c\u00e9ramique en vrac sont dot\u00e9s d'un motif \u00e0 pois unique, \u00e0 la fois moderne et \u00e9l\u00e9gant, et conviennent \u00e0 la d\u00e9coration de diverses occasions. Le mat\u00e9riau c\u00e9ramique de haute qualit\u00e9 garantit sa durabilit\u00e9 et sa protection environnementale, et il est disponible dans une vari\u00e9t\u00e9 de couleurs, ce qui en fait un choix id\u00e9al pour un usage commercial et domestique.<\/p>","protected":false},"featured_media":5205,"comment_status":"closed","ping_status":"closed","template":"","meta":{"_acf_changed":false},"product_brand":[],"product_cat":[52],"product_tag":[68],"class_list":{"0":"post-5197","1":"product","2":"type-product","3":"status-publish","4":"has-post-thumbnail","6":"product_cat-wholesale-candle-containers","7":"product_tag-ceramic-candlesticks-bulk","9":"first","10":"instock","11":"shipping-taxable","12":"product-type-simple"},"acf":[],"_links":{"self":[{"href":"https:\/\/jinhuaceramic.com\/fr\/wp-json\/wp\/v2\/product\/5197","targetHints":{"allow":["GET"]}}],"collection":[{"href":"https:\/\/jinhuaceramic.com\/fr\/wp-json\/wp\/v2\/product"}],"about":[{"href":"https:\/\/jinhuaceramic.com\/fr\/wp-json\/wp\/v2\/types\/product"}],"replies":[{"embeddable":true,"href":"https:\/\/jinhuaceramic.com\/fr\/wp-json\/wp\/v2\/comments?post=5197"}],"version-history":[{"count":0,"href":"https:\/\/jinhuaceramic.com\/fr\/wp-json\/wp\/v2\/product\/5197\/revisions"}],"wp:featuredmedia":[{"embeddable":true,"href":"https:\/\/jinhuaceramic.com\/fr\/wp-json\/wp\/v2\/media\/5205"}],"wp:attachment":[{"href":"https:\/\/jinhuaceramic.com\/fr\/wp-json\/wp\/v2\/media?parent=5197"}],"wp:term":[{"taxonomy":"product_brand","embeddable":true,"href":"https:\/\/jinhuaceramic.com\/fr\/wp-json\/wp\/v2\/product_brand?post=5197"},{"taxonomy":"product_cat","embeddable":true,"href":"https:\/\/jinhuaceramic.com\/fr\/wp-json\/wp\/v2\/product_cat?post=5197"},{"taxonomy":"product_tag","embeddable":true,"href":"https:\/\/jinhuaceramic.com\/fr\/wp-json\/wp\/v2\/product_tag?post=5197"}],"curies":[{"name":"wp","href":"https:\/\/api.w.org\/{rel}","templated":true}]}}