{"id":5209,"date":"2024-07-08T09:41:17","date_gmt":"2024-07-08T09:41:17","guid":{"rendered":"https:\/\/jinhuaceramic.com\/?post_type=product&#038;p=5209"},"modified":"2024-11-05T06:50:46","modified_gmt":"2024-11-05T06:50:46","slug":"4-piece-bathroom-sets-wholesale","status":"publish","type":"product","link":"https:\/\/jinhuaceramic.com\/fr\/product\/4-piece-bathroom-sets-wholesale\/","title":{"rendered":"Ensemble de luxe 4 pi\u00e8ces en c\u00e9ramique pour salle de bain Wholesale, Chic Bath Accessories Bulk"},"content":{"rendered":"<div class=\"wp-block-columns is-layout-flex wp-container-core-columns-is-layout-9d6595d7 wp-block-columns-is-layout-flex\">\n<div class=\"wp-block-column is-layout-flow wp-block-column-is-layout-flow\">\n<h3 class=\"wp-block-heading\">Premium Bathroom Sets Wholesale Caract\u00e9ristiques :<\/h3>\n\n\n\n<ul class=\"wp-block-list\">\n<li><strong>Design haut de gamme : <\/strong>Notre ensemble de salle de bain blanc quatre pi\u00e8ces est con\u00e7u dans un esprit de mode et d'\u00e9l\u00e9gance, apportant une touche de luxe dans les salles de bain. Ses lignes sont si simples et si exquises qu'elles peuvent \u00eatre appliqu\u00e9es \u00e0 la d\u00e9coration de salles de bains de maisons ou d'h\u00f4tels haut de gamme.<\/li>\n\n\n\n<li><strong>Ensemble de salle de bains multifonctionnel : <\/strong>Nos accessoires de bain en vrac 4 pi\u00e8ces comprenant un distributeur de savon, un porte-savon, un gobelet pour brosse \u00e0 dents et un support pour gobelet pour brosse \u00e0 dents sont pr\u00e9par\u00e9s pour couvrir les besoins ordinaires d'une salle de bain. Pratiques et \u00e9l\u00e9gants, ils permettent de garder votre salle de bains propre et bien rang\u00e9e, tout en am\u00e9liorant l'effet d\u00e9coratif de l'ensemble de l'espace de la salle de bains.<\/li>\n\n\n\n<li><strong>Mat\u00e9riau c\u00e9ramique de haute qualit\u00e9 : <\/strong>Nos sets de salle de bain en gros repr\u00e9sentent une qualit\u00e9 sup\u00e9rieure de mat\u00e9riau c\u00e9ramique. La surface est brillante, elle est non seulement suffisamment \u00e9paisse et ferme pour \u00eatre utilis\u00e9e et nettoy\u00e9e facilement, mais elle conserve \u00e9galement son aspect neuf pendant tr\u00e8s longtemps. Les mat\u00e9riaux utilis\u00e9s sont r\u00e9sistants et conviennent aux salles de bains en raison de leur fr\u00e9quence d'utilisation \u00e9lev\u00e9e.<\/li>\n\n\n\n<li><strong>Plusieurs options de couleurs : <\/strong>Adapt\u00e9s \u00e0 une vari\u00e9t\u00e9 de styles, nos accessoires de bain en vrac sont disponibles dans une vari\u00e9t\u00e9 de couleurs, et ces diff\u00e9rentes couleurs peuvent \u00eatre combin\u00e9es de mani\u00e8re flexible en fonction des besoins de d\u00e9coration personnalis\u00e9e de la salle de bain. Ils sont facilement compatibles avec une salle de bains simple et moderne ou classique et \u00e9l\u00e9gante.<\/li>\n<\/ul>\n<\/div>\n\n\n\n<div class=\"wp-block-column is-layout-flow wp-block-column-is-layout-flow\">\n<figure class=\"wp-block-image size-full\"><img fetchpriority=\"high\" decoding=\"async\" width=\"1432\" height=\"1500\" src=\"https:\/\/jinhuaceramic.com\/wp-content\/uploads\/2024\/07\/Bathroom-Set-2.webp\" alt=\"Ensemble de luxe 4 pi\u00e8ces en c\u00e9ramique pour salle de bains Wholesale, Chic Bath Accessories Bulk-1\" class=\"wp-image-5213\" srcset=\"https:\/\/jinhuaceramic.com\/wp-content\/uploads\/2024\/07\/Bathroom-Set-2.webp 1432w, https:\/\/jinhuaceramic.com\/wp-content\/uploads\/2024\/07\/Bathroom-Set-2-286x300.webp 286w, https:\/\/jinhuaceramic.com\/wp-content\/uploads\/2024\/07\/Bathroom-Set-2-768x804.webp 768w, https:\/\/jinhuaceramic.com\/wp-content\/uploads\/2024\/07\/Bathroom-Set-2-11x12.webp 11w, https:\/\/jinhuaceramic.com\/wp-content\/uploads\/2024\/07\/Bathroom-Set-2-285x299.webp 285w, https:\/\/jinhuaceramic.com\/wp-content\/uploads\/2024\/07\/Bathroom-Set-2-630x660.webp 630w, https:\/\/jinhuaceramic.com\/wp-content\/uploads\/2024\/07\/Bathroom-Set-2-143x150.webp 143w\" sizes=\"(max-width: 1432px) 100vw, 1432px\" \/><\/figure>\n<\/div>\n<\/div>","protected":false},"excerpt":{"rendered":"<p>Bienvenue dans l'achat en gros d'accessoires de bain. Ce luxueux ensemble de salle de bain quatre pi\u00e8ces en gros est con\u00e7u \u00e0 la mode, avec des mat\u00e9riaux en c\u00e9ramique de bonne qualit\u00e9, \u00e0 la fois pratiques et d\u00e9coratifs. Diverses couleurs, id\u00e9al pour les h\u00f4tels ou les maisons, et il aidera \u00e0 cr\u00e9er un espace de salle de bain propre et beau.<\/p>","protected":false},"featured_media":5210,"comment_status":"closed","ping_status":"closed","template":"","meta":{"_acf_changed":false},"product_brand":[],"product_cat":[51],"product_tag":[74],"class_list":{"0":"post-5209","1":"product","2":"type-product","3":"status-publish","4":"has-post-thumbnail","6":"product_cat-bathroom-accessories-wholesale","7":"product_tag-ceramic-bath-accessories-wholesale","9":"first","10":"instock","11":"shipping-taxable","12":"product-type-simple"},"acf":[],"_links":{"self":[{"href":"https:\/\/jinhuaceramic.com\/fr\/wp-json\/wp\/v2\/product\/5209","targetHints":{"allow":["GET"]}}],"collection":[{"href":"https:\/\/jinhuaceramic.com\/fr\/wp-json\/wp\/v2\/product"}],"about":[{"href":"https:\/\/jinhuaceramic.com\/fr\/wp-json\/wp\/v2\/types\/product"}],"replies":[{"embeddable":true,"href":"https:\/\/jinhuaceramic.com\/fr\/wp-json\/wp\/v2\/comments?post=5209"}],"version-history":[{"count":0,"href":"https:\/\/jinhuaceramic.com\/fr\/wp-json\/wp\/v2\/product\/5209\/revisions"}],"wp:featuredmedia":[{"embeddable":true,"href":"https:\/\/jinhuaceramic.com\/fr\/wp-json\/wp\/v2\/media\/5210"}],"wp:attachment":[{"href":"https:\/\/jinhuaceramic.com\/fr\/wp-json\/wp\/v2\/media?parent=5209"}],"wp:term":[{"taxonomy":"product_brand","embeddable":true,"href":"https:\/\/jinhuaceramic.com\/fr\/wp-json\/wp\/v2\/product_brand?post=5209"},{"taxonomy":"product_cat","embeddable":true,"href":"https:\/\/jinhuaceramic.com\/fr\/wp-json\/wp\/v2\/product_cat?post=5209"},{"taxonomy":"product_tag","embeddable":true,"href":"https:\/\/jinhuaceramic.com\/fr\/wp-json\/wp\/v2\/product_tag?post=5209"}],"curies":[{"name":"wp","href":"https:\/\/api.w.org\/{rel}","templated":true}]}}