{"id":5244,"date":"2024-07-13T08:39:20","date_gmt":"2024-07-13T08:39:20","guid":{"rendered":"https:\/\/jinhuaceramic.com\/?post_type=product&#038;p=5244"},"modified":"2024-11-08T01:56:23","modified_gmt":"2024-11-08T01:56:23","slug":"modern-ceramic-candle-jar-wholesale","status":"publish","type":"product","link":"https:\/\/jinhuaceramic.com\/fr\/product\/modern-ceramic-candle-jar-wholesale\/","title":{"rendered":"Photophore moderne en c\u00e9ramique avec design minimaliste."},"content":{"rendered":"<div class=\"wp-block-columns is-layout-flex wp-container-core-columns-is-layout-9d6595d7 wp-block-columns-is-layout-flex\">\n<div class=\"wp-block-column is-layout-flow wp-block-column-is-layout-flow\">\n<h3 class=\"wp-block-heading\">Bocal \u00e0 bougie en c\u00e9ramique de premi\u00e8re qualit\u00e9 Caract\u00e9ristiques de la vente en gros :<\/h3>\n\n\n\n<ul class=\"wp-block-list\">\n<li><strong>Mise en valeur de la beaut\u00e9 moderne - style minimaliste : <\/strong>Avec le concept de design minimaliste, ce photophore en c\u00e9ramique met en valeur la simplicit\u00e9 et l'\u00e9l\u00e9gance de chaque ligne. Il peut apporter fra\u00eecheur et s\u00e9r\u00e9nit\u00e9 \u00e0 l'environnement, qu'il soit plac\u00e9 dans le salon, la chambre \u00e0 coucher ou le bureau.<\/li>\n\n\n\n<li><strong>Mat\u00e9riaux c\u00e9ramiques de haute qualit\u00e9 pour garantir une utilisation \u00e0 long terme :<\/strong> Ces pots \u00e0 bougie vides en vrac sont fabriqu\u00e9s \u00e0 partir de mat\u00e9riaux c\u00e9ramiques s\u00e9lectionn\u00e9s, cuits \u00e0 haute temp\u00e9rature, avec une excellente r\u00e9sistance \u00e0 la chaleur et des performances anti-chute. Le mat\u00e9riau non toxique vous permettra de profiter pleinement des bougies sans aucun souci. Ils peuvent \u00eatre utilis\u00e9s \u00e0 la maison, au bureau ou dans des lieux commerciaux.<\/li>\n\n\n\n<li><strong>Conception polyvalente, adapt\u00e9e \u00e0 une grande vari\u00e9t\u00e9 d'utilisations : <\/strong>En plus de servir de r\u00e9cipient pour une bougie, ce photophore en c\u00e9ramique peut \u00e9galement \u00eatre utilis\u00e9 pour ranger de petits objets, des ornements et d'autres \u00e9l\u00e9ments d\u00e9coratifs, ce qui exprime pleinement sa diversit\u00e9. Son aspect simple combin\u00e9 \u00e0 sa valeur pratique en fait un partenaire multifonctionnel dans la vie de tous les jours.<\/li>\n\n\n\n<li><strong>Flexible pour r\u00e9pondre \u00e0 la demande du march\u00e9 : <\/strong>Nous fournissons des solutions flexibles d'achat en vrac pour les pots \u00e0 bougie vides afin de r\u00e9pondre aux besoins d'approvisionnement des clients. Dans le m\u00eame temps, nous proposons des services de personnalisation. Les clients peuvent personnaliser les couleurs et les logos en fonction des tendances du march\u00e9 et du style de leur marque personnelle, afin de cr\u00e9er une image de marque unique sur le march\u00e9.<\/li>\n<\/ul>\n<\/div>\n\n\n\n<div class=\"wp-block-column is-layout-flow wp-block-column-is-layout-flow\">\n<figure class=\"wp-block-image size-full\"><img fetchpriority=\"high\" decoding=\"async\" width=\"800\" height=\"800\" src=\"https:\/\/jinhuaceramic.com\/wp-content\/uploads\/2024\/07\/candle-jars.webp\" alt=\"Jarre \u00e0 bougie moderne en c\u00e9ramique avec design minimaliste-1\" class=\"wp-image-5247\" srcset=\"https:\/\/jinhuaceramic.com\/wp-content\/uploads\/2024\/07\/candle-jars.webp 800w, https:\/\/jinhuaceramic.com\/wp-content\/uploads\/2024\/07\/candle-jars-300x300.webp 300w, https:\/\/jinhuaceramic.com\/wp-content\/uploads\/2024\/07\/candle-jars-150x150.webp 150w, https:\/\/jinhuaceramic.com\/wp-content\/uploads\/2024\/07\/candle-jars-768x768.webp 768w, https:\/\/jinhuaceramic.com\/wp-content\/uploads\/2024\/07\/candle-jars-12x12.webp 12w, https:\/\/jinhuaceramic.com\/wp-content\/uploads\/2024\/07\/candle-jars-285x285.webp 285w, https:\/\/jinhuaceramic.com\/wp-content\/uploads\/2024\/07\/candle-jars-270x270.webp 270w, https:\/\/jinhuaceramic.com\/wp-content\/uploads\/2024\/07\/candle-jars-540x540.webp 540w, https:\/\/jinhuaceramic.com\/wp-content\/uploads\/2024\/07\/candle-jars-660x660.webp 660w\" sizes=\"(max-width: 800px) 100vw, 800px\" \/><\/figure>\n<\/div>\n<\/div>","protected":false},"excerpt":{"rendered":"<p>Bienvenue dans la personnalisation et l'achat en gros de photophores vides. Ce photophore en c\u00e9ramique en gros est con\u00e7u de mani\u00e8re minimaliste, de sorte qu'il s'adaptera toujours \u00e0 n'importe quelle maison ou \u00e0 n'importe quel autre environnement commercial. Il est fabriqu\u00e9 \u00e0 partir d'un mat\u00e9riau c\u00e9ramique de haute qualit\u00e9 pour une durabilit\u00e9 garantissant la s\u00e9curit\u00e9, la polyvalence et la flexibilit\u00e9, ce qui en fait un choix id\u00e9al pour ajouter du style \u00e0 l'espace.<\/p>","protected":false},"featured_media":5251,"comment_status":"closed","ping_status":"closed","template":"","meta":{"_acf_changed":false},"product_brand":[],"product_cat":[52],"product_tag":[66],"class_list":{"0":"post-5244","1":"product","2":"type-product","3":"status-publish","4":"has-post-thumbnail","6":"product_cat-wholesale-candle-containers","7":"product_tag-candle-jars-wholesale","9":"first","10":"instock","11":"shipping-taxable","12":"product-type-simple"},"acf":[],"_links":{"self":[{"href":"https:\/\/jinhuaceramic.com\/fr\/wp-json\/wp\/v2\/product\/5244","targetHints":{"allow":["GET"]}}],"collection":[{"href":"https:\/\/jinhuaceramic.com\/fr\/wp-json\/wp\/v2\/product"}],"about":[{"href":"https:\/\/jinhuaceramic.com\/fr\/wp-json\/wp\/v2\/types\/product"}],"replies":[{"embeddable":true,"href":"https:\/\/jinhuaceramic.com\/fr\/wp-json\/wp\/v2\/comments?post=5244"}],"version-history":[{"count":0,"href":"https:\/\/jinhuaceramic.com\/fr\/wp-json\/wp\/v2\/product\/5244\/revisions"}],"wp:featuredmedia":[{"embeddable":true,"href":"https:\/\/jinhuaceramic.com\/fr\/wp-json\/wp\/v2\/media\/5251"}],"wp:attachment":[{"href":"https:\/\/jinhuaceramic.com\/fr\/wp-json\/wp\/v2\/media?parent=5244"}],"wp:term":[{"taxonomy":"product_brand","embeddable":true,"href":"https:\/\/jinhuaceramic.com\/fr\/wp-json\/wp\/v2\/product_brand?post=5244"},{"taxonomy":"product_cat","embeddable":true,"href":"https:\/\/jinhuaceramic.com\/fr\/wp-json\/wp\/v2\/product_cat?post=5244"},{"taxonomy":"product_tag","embeddable":true,"href":"https:\/\/jinhuaceramic.com\/fr\/wp-json\/wp\/v2\/product_tag?post=5244"}],"curies":[{"name":"wp","href":"https:\/\/api.w.org\/{rel}","templated":true}]}}