{"id":5255,"date":"2024-07-13T08:43:27","date_gmt":"2024-07-13T08:43:27","guid":{"rendered":"https:\/\/jinhuaceramic.com\/?post_type=product&#038;p=5255"},"modified":"2025-03-11T08:33:55","modified_gmt":"2025-03-11T08:33:55","slug":"wholesale-ceramic-ramekins-2","status":"publish","type":"product","link":"https:\/\/jinhuaceramic.com\/fr\/product\/wholesale-ceramic-ramekins-2\/","title":{"rendered":"Grossiste Ramequins en c\u00e9ramique, Ramequins \u00e0 cr\u00e8me br\u00fbl\u00e9e en vrac"},"content":{"rendered":"<div class=\"wp-block-columns is-layout-flex wp-container-core-columns-is-layout-9d6595d7 wp-block-columns-is-layout-flex\">\n<div class=\"wp-block-column is-layout-flow wp-block-column-is-layout-flow\">\n<h3 class=\"wp-block-heading\">Premium Wholesale Ceramic Ramekins&nbsp;Features:<\/h3>\n\n\n\n<ul class=\"wp-block-list\">\n<li><strong>Vari-colored: <\/strong>Varieties of color could be realized on our wholesale ceramic ramekins, which may prove to be quite handy for its users by matching their personal preferences or tabletop decoration style visually.<\/li>\n\n\n\n<li><strong>Suitable for multiple uses: <\/strong>These creme brulee ramekins bulk can be used for many purposes, such as caramel pudding, souffl\u00e9, and many other desserts. The size is moderate and is suitable not only for baking but also for many different scenes like a seasoning plate, snack bowl, and so on, quite practical.<\/li>\n\n\n\n<li><strong>R\u00e9sistance aux hautes temp\u00e9ratures :<\/strong> Our wholesale ceramic ramekins are made of high-quality ceramic materials that are very resistant to temperature. They can be used in microwave ovens and ovens for even heating while baking to help anyone achieve perfect desserts.<\/li>\n\n\n\n<li><strong>Facile \u00e0 nettoyer, compatible avec le lave-vaisselle : <\/strong>These cr\u00e8me br\u00fbl\u00e9e ramekins bulk are gorgeous to look at, practical, and easy to clean, they are dishwasher-safe, too, so that the fun of baking is not burdened by cleaning.<\/li>\n<\/ul>\n<\/div>\n\n\n\n<div class=\"wp-block-column is-layout-flow wp-block-column-is-layout-flow\">\n<figure class=\"wp-block-image size-full\"><img fetchpriority=\"high\" decoding=\"async\" width=\"1250\" height=\"1250\" src=\"https:\/\/jinhuaceramic.com\/wp-content\/uploads\/2024\/07\/ceramic-baking-ramekin.webp\" alt=\"factory-supply-wholesale-ceramic-ramekin-for-dessert-baking\" class=\"wp-image-5257\" srcset=\"https:\/\/jinhuaceramic.com\/wp-content\/uploads\/2024\/07\/ceramic-baking-ramekin.webp 1250w, https:\/\/jinhuaceramic.com\/wp-content\/uploads\/2024\/07\/ceramic-baking-ramekin-300x300.webp 300w, https:\/\/jinhuaceramic.com\/wp-content\/uploads\/2024\/07\/ceramic-baking-ramekin-150x150.webp 150w, https:\/\/jinhuaceramic.com\/wp-content\/uploads\/2024\/07\/ceramic-baking-ramekin-768x768.webp 768w, https:\/\/jinhuaceramic.com\/wp-content\/uploads\/2024\/07\/ceramic-baking-ramekin-12x12.webp 12w, https:\/\/jinhuaceramic.com\/wp-content\/uploads\/2024\/07\/ceramic-baking-ramekin-285x285.webp 285w, https:\/\/jinhuaceramic.com\/wp-content\/uploads\/2024\/07\/ceramic-baking-ramekin-270x270.webp 270w, https:\/\/jinhuaceramic.com\/wp-content\/uploads\/2024\/07\/ceramic-baking-ramekin-540x540.webp 540w, https:\/\/jinhuaceramic.com\/wp-content\/uploads\/2024\/07\/ceramic-baking-ramekin-660x660.webp 660w\" sizes=\"(max-width: 1250px) 100vw, 1250px\" \/><\/figure>\n<\/div>\n<\/div>","protected":false},"excerpt":{"rendered":"<p>Welcome to purchase creme brulee ramekins bulk. Our wholesale ceramic ramekins offer a variety of color options, suitable for table decorations of different styles. High-quality ceramic material ensures that it is high temperature resistant, suitable for use in microwave ovens and ovens, and supports dishwasher cleaning, which is convenient and practical.<\/p>","protected":false},"featured_media":5256,"comment_status":"closed","ping_status":"closed","template":"","meta":{"_acf_changed":false},"product_brand":[],"product_cat":[53],"product_tag":[69],"class_list":{"0":"post-5255","1":"product","2":"type-product","3":"status-publish","4":"has-post-thumbnail","6":"product_cat-bakeware-in-bulk","7":"product_tag-bulk-ramekins","9":"first","10":"instock","11":"shipping-taxable","12":"product-type-simple"},"acf":[],"_links":{"self":[{"href":"https:\/\/jinhuaceramic.com\/fr\/wp-json\/wp\/v2\/product\/5255","targetHints":{"allow":["GET"]}}],"collection":[{"href":"https:\/\/jinhuaceramic.com\/fr\/wp-json\/wp\/v2\/product"}],"about":[{"href":"https:\/\/jinhuaceramic.com\/fr\/wp-json\/wp\/v2\/types\/product"}],"replies":[{"embeddable":true,"href":"https:\/\/jinhuaceramic.com\/fr\/wp-json\/wp\/v2\/comments?post=5255"}],"version-history":[{"count":0,"href":"https:\/\/jinhuaceramic.com\/fr\/wp-json\/wp\/v2\/product\/5255\/revisions"}],"wp:featuredmedia":[{"embeddable":true,"href":"https:\/\/jinhuaceramic.com\/fr\/wp-json\/wp\/v2\/media\/5256"}],"wp:attachment":[{"href":"https:\/\/jinhuaceramic.com\/fr\/wp-json\/wp\/v2\/media?parent=5255"}],"wp:term":[{"taxonomy":"product_brand","embeddable":true,"href":"https:\/\/jinhuaceramic.com\/fr\/wp-json\/wp\/v2\/product_brand?post=5255"},{"taxonomy":"product_cat","embeddable":true,"href":"https:\/\/jinhuaceramic.com\/fr\/wp-json\/wp\/v2\/product_cat?post=5255"},{"taxonomy":"product_tag","embeddable":true,"href":"https:\/\/jinhuaceramic.com\/fr\/wp-json\/wp\/v2\/product_tag?post=5255"}],"curies":[{"name":"wp","href":"https:\/\/api.w.org\/{rel}","templated":true}]}}