{"id":5264,"date":"2024-07-13T08:50:11","date_gmt":"2024-07-13T08:50:11","guid":{"rendered":"https:\/\/jinhuaceramic.com\/?post_type=product&#038;p=5264"},"modified":"2024-11-05T06:25:57","modified_gmt":"2024-11-05T06:25:57","slug":"ceramic-soap-dispenser-wholesale","status":"publish","type":"product","link":"https:\/\/jinhuaceramic.com\/fr\/product\/ceramic-soap-dispenser-wholesale\/","title":{"rendered":"Distributeur de savon mat Premium Wholesale, Distributeur de mousse en c\u00e9ramique Wholesale"},"content":{"rendered":"<div class=\"wp-block-columns is-layout-flex wp-container-core-columns-is-layout-9d6595d7 wp-block-columns-is-layout-flex\">\n<div class=\"wp-block-column is-layout-flow wp-block-column-is-layout-flow\">\n<h3 class=\"wp-block-heading\">Distributeur de savon Premium Wholesale Caract\u00e9ristiques :<\/h3>\n\n\n\n<ul class=\"wp-block-list\">\n<li><strong>Surface mate, texture haut de gamme :<\/strong> Ce distributeur de savon en c\u00e9ramique utilise un traitement \u00e9l\u00e9gant de gla\u00e7age mat, qui apporte un effet visuel doux et un toucher exquis, montrant une texture haut de gamme, convenant aux familles soucieuses de la qualit\u00e9 et aux h\u00f4tels haut de gamme.<\/li>\n\n\n\n<li><strong>Economie de dosage gr\u00e2ce \u00e0 une action moussante efficace : <\/strong>Cette bouteille distributrice de mousse en gros permet d'\u00e9conomiser la quantit\u00e9 de dosage et de l'utiliser plus efficacement. Par rapport au liquide direct, il est beaucoup plus facile d'appliquer et de nettoyer la mousse, ce qui offre une meilleure exp\u00e9rience \u00e0 l'utilisateur et permet d'\u00e9conomiser les ressources tout en am\u00e9liorant la valeur environnementale.<\/li>\n\n\n\n<li><strong>Durable et lisse : <\/strong>Notre distributeur de savon en gros est fabriqu\u00e9 en c\u00e9ramique de haute qualit\u00e9, garantissant des performances durables et r\u00e9sistant aux taches. La surface est lisse et tr\u00e8s facile \u00e0 nettoyer, capable de rester brillante et neuve pendant un certain temps, ce qui convient aux h\u00f4tels et aux salles de bains domestiques o\u00f9 il est utilis\u00e9 fr\u00e9quemment.<\/li>\n\n\n\n<li><strong>Plusieurs couleurs : <\/strong>Cette bouteille distributrice de mousse en gros a de nombreuses couleurs diff\u00e9rentes en mat et peut \u00eatre appliqu\u00e9e \u00e0 diff\u00e9rents styles de d\u00e9coration int\u00e9rieure, de la simplicit\u00e9 moderne au style r\u00e9tro qui pourrait \u00eatre parfaitement assorti, aidant les clients \u00e0 personnaliser facilement les produits qui r\u00e9pondent \u00e0 des besoins personnalis\u00e9s.<\/li>\n<\/ul>\n<\/div>\n\n\n\n<div class=\"wp-block-column is-layout-flow wp-block-column-is-layout-flow\">\n<figure class=\"wp-block-image size-full\"><img fetchpriority=\"high\" decoding=\"async\" width=\"800\" height=\"1033\" src=\"https:\/\/jinhuaceramic.com\/wp-content\/uploads\/2024\/07\/soap-dispensers.webp\" alt=\"Distributeur de savon mat Premium Wholesale, Distributeur de mousse en c\u00e9ramique Wholesale-1\" class=\"wp-image-5270\" srcset=\"https:\/\/jinhuaceramic.com\/wp-content\/uploads\/2024\/07\/soap-dispensers.webp 800w, https:\/\/jinhuaceramic.com\/wp-content\/uploads\/2024\/07\/soap-dispensers-232x300.webp 232w, https:\/\/jinhuaceramic.com\/wp-content\/uploads\/2024\/07\/soap-dispensers-768x992.webp 768w, https:\/\/jinhuaceramic.com\/wp-content\/uploads\/2024\/07\/soap-dispensers-9x12.webp 9w, https:\/\/jinhuaceramic.com\/wp-content\/uploads\/2024\/07\/soap-dispensers-285x368.webp 285w, https:\/\/jinhuaceramic.com\/wp-content\/uploads\/2024\/07\/soap-dispensers-511x660.webp 511w, https:\/\/jinhuaceramic.com\/wp-content\/uploads\/2024\/07\/soap-dispensers-116x150.webp 116w\" sizes=\"(max-width: 800px) 100vw, 800px\" \/><\/figure>\n<\/div>\n<\/div>","protected":false},"excerpt":{"rendered":"<p>Bienvenue sur le march\u00e9 des distributeurs de savon en gros. Ce distributeur de mousse en c\u00e9ramique mate offre une texture haut de gamme et une grande praticit\u00e9. Fabriqu\u00e9 en c\u00e9ramique de haute qualit\u00e9, il est durable et facile \u00e0 nettoyer. Les diff\u00e9rentes couleurs en font un accessoire de salle de bain id\u00e9al pour la maison et les h\u00f4tels haut de gamme.<\/p>","protected":false},"featured_media":5266,"comment_status":"closed","ping_status":"closed","template":"","meta":{"_acf_changed":false},"product_brand":[],"product_cat":[51],"product_tag":[73],"class_list":{"0":"post-5264","1":"product","2":"type-product","3":"status-publish","4":"has-post-thumbnail","6":"product_cat-bathroom-accessories-wholesale","7":"product_tag-custom-soap-dispensers","9":"first","10":"instock","11":"shipping-taxable","12":"product-type-simple"},"acf":[],"_links":{"self":[{"href":"https:\/\/jinhuaceramic.com\/fr\/wp-json\/wp\/v2\/product\/5264","targetHints":{"allow":["GET"]}}],"collection":[{"href":"https:\/\/jinhuaceramic.com\/fr\/wp-json\/wp\/v2\/product"}],"about":[{"href":"https:\/\/jinhuaceramic.com\/fr\/wp-json\/wp\/v2\/types\/product"}],"replies":[{"embeddable":true,"href":"https:\/\/jinhuaceramic.com\/fr\/wp-json\/wp\/v2\/comments?post=5264"}],"version-history":[{"count":0,"href":"https:\/\/jinhuaceramic.com\/fr\/wp-json\/wp\/v2\/product\/5264\/revisions"}],"wp:featuredmedia":[{"embeddable":true,"href":"https:\/\/jinhuaceramic.com\/fr\/wp-json\/wp\/v2\/media\/5266"}],"wp:attachment":[{"href":"https:\/\/jinhuaceramic.com\/fr\/wp-json\/wp\/v2\/media?parent=5264"}],"wp:term":[{"taxonomy":"product_brand","embeddable":true,"href":"https:\/\/jinhuaceramic.com\/fr\/wp-json\/wp\/v2\/product_brand?post=5264"},{"taxonomy":"product_cat","embeddable":true,"href":"https:\/\/jinhuaceramic.com\/fr\/wp-json\/wp\/v2\/product_cat?post=5264"},{"taxonomy":"product_tag","embeddable":true,"href":"https:\/\/jinhuaceramic.com\/fr\/wp-json\/wp\/v2\/product_tag?post=5264"}],"curies":[{"name":"wp","href":"https:\/\/api.w.org\/{rel}","templated":true}]}}