{"id":5273,"date":"2024-07-13T08:56:02","date_gmt":"2024-07-13T08:56:02","guid":{"rendered":"https:\/\/jinhuaceramic.com\/?post_type=product&#038;p=5273"},"modified":"2024-10-15T04:11:13","modified_gmt":"2024-10-15T04:11:13","slug":"custom-ceramic-candle-jars-in-bulk","status":"publish","type":"product","link":"https:\/\/jinhuaceramic.com\/fr\/product\/custom-ceramic-candle-jars-in-bulk\/","title":{"rendered":"Pots \u00e0 bougie exquis en vrac, vente en gros de pots \u00e0 bougie avec couvercle"},"content":{"rendered":"<div class=\"wp-block-columns is-layout-flex wp-container-core-columns-is-layout-9d6595d7 wp-block-columns-is-layout-flex\">\n<div class=\"wp-block-column is-layout-flow wp-block-column-is-layout-flow\">\n<h3 class=\"wp-block-heading\">Pots de bougie de qualit\u00e9 sup\u00e9rieure en vrac Caract\u00e9ristiques :<\/h3>\n\n\n\n<ul class=\"wp-block-list\">\n<li><strong>Design minimaliste exquis : <\/strong>Ces photophores en vrac adoptent un concept de design minimaliste, et les lignes douces et l'apparence simple leur conf\u00e8rent un aspect \u00e9l\u00e9gant et styl\u00e9 dans n'importe quel environnement. Qu'il s'agisse d'une maison moderne, d'un bureau ou d'un lieu haut de gamme, ils peuvent \u00eatre facilement int\u00e9gr\u00e9s pour rehausser la beaut\u00e9 de l'ensemble de l'espace.<\/li>\n\n\n\n<li><strong>R\u00e9pondre \u00e0 des besoins personnalis\u00e9s : <\/strong>Nous fournissons une vari\u00e9t\u00e9 d'options de couleurs pour les pots \u00e0 bougie avec couvercle, permettant aux clients de choisir en fonction de diff\u00e9rents styles de d\u00e9coration et de pr\u00e9f\u00e9rences personnelles. Qu'il s'agisse du noir classique, du blanc et du gris, ou des couleurs vives \u00e0 la mode, vous pouvez trouver un style appropri\u00e9 pour r\u00e9pondre \u00e0 divers besoins de conception.<\/li>\n\n\n\n<li><strong>Livr\u00e9 avec un couvercle, pratique et s\u00fbr : <\/strong>Chacun de nos photophores en vrac est \u00e9quip\u00e9 d'un couvercle en c\u00e9ramique qui garantit que la bougie n'est pas expos\u00e9e \u00e0 la poussi\u00e8re et \u00e0 la pollution lorsqu'elle n'est pas utilis\u00e9e, et qui contribue \u00e9galement \u00e0 maintenir la durabilit\u00e9 de l'ar\u00f4me. Le design du couvercle n'est pas seulement pratique, il ajoute \u00e9galement une touche de raffinement \u00e0 l'aspect g\u00e9n\u00e9ral.<\/li>\n\n\n\n<li><strong>S'adapter aux besoins commerciaux : <\/strong>Nous prenons en charge la vente en gros de photophores avec couvercle, ce qui permet aux clients commerciaux de b\u00e9n\u00e9ficier d'un approvisionnement stable. En outre, il peut \u00eatre personnalis\u00e9 en fonction des besoins du client, avec des couleurs personnalis\u00e9es et l'impression d'un logo pour aider les marques \u00e0 montrer une image unique.<\/li>\n<\/ul>\n<\/div>\n\n\n\n<div class=\"wp-block-column is-layout-flow wp-block-column-is-layout-flow\">\n<figure class=\"wp-block-image size-full\"><img fetchpriority=\"high\" decoding=\"async\" width=\"800\" height=\"800\" src=\"https:\/\/jinhuaceramic.com\/wp-content\/uploads\/2024\/07\/ceramic-candle-jar-with-lid.webp\" alt=\"Pots \u00e0 bougie exquis en vrac, Pots \u00e0 bougie en gros avec couvercle-1\" class=\"wp-image-5276\" srcset=\"https:\/\/jinhuaceramic.com\/wp-content\/uploads\/2024\/07\/ceramic-candle-jar-with-lid.webp 800w, https:\/\/jinhuaceramic.com\/wp-content\/uploads\/2024\/07\/ceramic-candle-jar-with-lid-300x300.webp 300w, https:\/\/jinhuaceramic.com\/wp-content\/uploads\/2024\/07\/ceramic-candle-jar-with-lid-150x150.webp 150w, https:\/\/jinhuaceramic.com\/wp-content\/uploads\/2024\/07\/ceramic-candle-jar-with-lid-768x768.webp 768w, https:\/\/jinhuaceramic.com\/wp-content\/uploads\/2024\/07\/ceramic-candle-jar-with-lid-12x12.webp 12w, https:\/\/jinhuaceramic.com\/wp-content\/uploads\/2024\/07\/ceramic-candle-jar-with-lid-285x285.webp 285w, https:\/\/jinhuaceramic.com\/wp-content\/uploads\/2024\/07\/ceramic-candle-jar-with-lid-270x270.webp 270w, https:\/\/jinhuaceramic.com\/wp-content\/uploads\/2024\/07\/ceramic-candle-jar-with-lid-540x540.webp 540w, https:\/\/jinhuaceramic.com\/wp-content\/uploads\/2024\/07\/ceramic-candle-jar-with-lid-660x660.webp 660w\" sizes=\"(max-width: 800px) 100vw, 800px\" \/><\/figure>\n<\/div>\n<\/div>","protected":false},"excerpt":{"rendered":"<p>Bienvenue sur le site d'achat en gros de photophores avec couvercle. Nos photophores exquis en vrac pr\u00e9sentent un design minimaliste qui convient \u00e0 une vari\u00e9t\u00e9 d'environnements domestiques et commerciaux. Ils sont disponibles dans une vari\u00e9t\u00e9 de couleurs pour r\u00e9pondre aux besoins individuels. Ils sont \u00e9quip\u00e9s de couvercles pratiques qui garantissent une utilisation s\u00fbre des bougies et pr\u00e9servent leur parfum. Les achats en gros et les services personnalis\u00e9s sont pris en charge.<\/p>","protected":false},"featured_media":5275,"comment_status":"closed","ping_status":"closed","template":"","meta":{"_acf_changed":false},"product_brand":[],"product_cat":[52],"product_tag":[67,66],"class_list":{"0":"post-5273","1":"product","2":"type-product","3":"status-publish","4":"has-post-thumbnail","6":"product_cat-wholesale-candle-containers","7":"product_tag-bulk-candle-jars-with-lids","8":"product_tag-candle-jars-wholesale","10":"first","11":"instock","12":"shipping-taxable","13":"product-type-simple"},"acf":[],"_links":{"self":[{"href":"https:\/\/jinhuaceramic.com\/fr\/wp-json\/wp\/v2\/product\/5273","targetHints":{"allow":["GET"]}}],"collection":[{"href":"https:\/\/jinhuaceramic.com\/fr\/wp-json\/wp\/v2\/product"}],"about":[{"href":"https:\/\/jinhuaceramic.com\/fr\/wp-json\/wp\/v2\/types\/product"}],"replies":[{"embeddable":true,"href":"https:\/\/jinhuaceramic.com\/fr\/wp-json\/wp\/v2\/comments?post=5273"}],"version-history":[{"count":0,"href":"https:\/\/jinhuaceramic.com\/fr\/wp-json\/wp\/v2\/product\/5273\/revisions"}],"wp:featuredmedia":[{"embeddable":true,"href":"https:\/\/jinhuaceramic.com\/fr\/wp-json\/wp\/v2\/media\/5275"}],"wp:attachment":[{"href":"https:\/\/jinhuaceramic.com\/fr\/wp-json\/wp\/v2\/media?parent=5273"}],"wp:term":[{"taxonomy":"product_brand","embeddable":true,"href":"https:\/\/jinhuaceramic.com\/fr\/wp-json\/wp\/v2\/product_brand?post=5273"},{"taxonomy":"product_cat","embeddable":true,"href":"https:\/\/jinhuaceramic.com\/fr\/wp-json\/wp\/v2\/product_cat?post=5273"},{"taxonomy":"product_tag","embeddable":true,"href":"https:\/\/jinhuaceramic.com\/fr\/wp-json\/wp\/v2\/product_tag?post=5273"}],"curies":[{"name":"wp","href":"https:\/\/api.w.org\/{rel}","templated":true}]}}