{"id":5293,"date":"2024-07-17T06:12:04","date_gmt":"2024-07-17T06:12:04","guid":{"rendered":"https:\/\/jinhuaceramic.com\/?post_type=product&#038;p=5293"},"modified":"2025-03-10T08:53:24","modified_gmt":"2025-03-10T08:53:24","slug":"ceramic-baking-dish-wholesale","status":"publish","type":"product","link":"https:\/\/jinhuaceramic.com\/fr\/product\/ceramic-baking-dish-wholesale\/","title":{"rendered":"Plat de cuisson en c\u00e9ramique Wholesale, plats de cuisson antiadh\u00e9sifs Bulk"},"content":{"rendered":"<div class=\"wp-block-columns is-layout-flex wp-container-core-columns-is-layout-9d6595d7 wp-block-columns-is-layout-flex\">\n<div class=\"wp-block-column is-layout-flow wp-block-column-is-layout-flow\">\n<h3 class=\"wp-block-heading\">Plat de cuisson en c\u00e9ramique de premi\u00e8re qualit\u00e9 Caract\u00e9ristiques en gros :<\/h3>\n\n\n\n<ul class=\"wp-block-list\">\n<li><strong>Design \u00e9l\u00e9gant :<\/strong> Notre plat \u00e0 four en c\u00e9ramique a un design \u00e9l\u00e9gant et moderne qui s'harmonise avec toutes les d\u00e9corations de cuisine. L'ext\u00e9rieur pr\u00e9sente une texture martel\u00e9e, tandis que l'int\u00e9rieur contient des stries parall\u00e8les en relief pour les grillades.<\/li>\n\n\n\n<li><strong>Taille parfaite : <\/strong>Ce moule de cuisson en gros, profond et spacieux, est id\u00e9al pour pr\u00e9parer des plats en cocotte de taille familiale, des lasagnes, des gratins et bien plus encore. Il existe en deux tailles pour r\u00e9pondre \u00e0 diff\u00e9rents besoins de cuisson.<\/li>\n\n\n\n<li><strong>Mat\u00e9riau c\u00e9ramique de premi\u00e8re qualit\u00e9 : <\/strong>Nos plats de cuisson en c\u00e9ramique sont fabriqu\u00e9s en argile c\u00e9ramique de haute qualit\u00e9. Ils sont durables, r\u00e9sistants aux temp\u00e9ratures \u00e9lev\u00e9es et sans feuilles. Ils peuvent \u00eatre utilis\u00e9s en toute s\u00e9curit\u00e9 dans les fours \u00e0 micro-ondes et les fours traditionnels, dans le lave-vaisselle et dans le r\u00e9frig\u00e9rateur.<\/li>\n\n\n\n<li><strong>Poign\u00e9es de commodit\u00e9 :<\/strong> Deux poign\u00e9es permettent de transf\u00e9rer ces plats de cuisson en gros du four \u00e0 la table \u00e0 manger. D'une belle apparence, il est utilis\u00e9 comme plat de cuisson et comme plat de service.<\/li>\n<\/ul>\n<\/div>\n\n\n\n<div class=\"wp-block-column is-layout-flow wp-block-column-is-layout-flow\">\n<figure class=\"wp-block-image size-full\"><img fetchpriority=\"high\" decoding=\"async\" width=\"1410\" height=\"1410\" src=\"https:\/\/jinhuaceramic.com\/wp-content\/uploads\/2024\/07\/ceramic-bakeware-set.webp\" alt=\"Ensemble de plats de cuisson en c\u00e9ramique antiadh\u00e9sive - Grossiste - Four - ustensiles de cuisson\" class=\"wp-image-5297\" srcset=\"https:\/\/jinhuaceramic.com\/wp-content\/uploads\/2024\/07\/ceramic-bakeware-set.webp 1410w, https:\/\/jinhuaceramic.com\/wp-content\/uploads\/2024\/07\/ceramic-bakeware-set-300x300.webp 300w, https:\/\/jinhuaceramic.com\/wp-content\/uploads\/2024\/07\/ceramic-bakeware-set-150x150.webp 150w, https:\/\/jinhuaceramic.com\/wp-content\/uploads\/2024\/07\/ceramic-bakeware-set-768x768.webp 768w, https:\/\/jinhuaceramic.com\/wp-content\/uploads\/2024\/07\/ceramic-bakeware-set-12x12.webp 12w, https:\/\/jinhuaceramic.com\/wp-content\/uploads\/2024\/07\/ceramic-bakeware-set-285x285.webp 285w, https:\/\/jinhuaceramic.com\/wp-content\/uploads\/2024\/07\/ceramic-bakeware-set-270x270.webp 270w, https:\/\/jinhuaceramic.com\/wp-content\/uploads\/2024\/07\/ceramic-bakeware-set-540x540.webp 540w, https:\/\/jinhuaceramic.com\/wp-content\/uploads\/2024\/07\/ceramic-bakeware-set-660x660.webp 660w\" sizes=\"(max-width: 1410px) 100vw, 1410px\" \/><\/figure>\n<\/div>\n<\/div>","protected":false},"excerpt":{"rendered":"<p>Bienvenue sur le site d'achat en gros de plats de cuisson. Ce plat \u00e0 four en c\u00e9ramique est tr\u00e8s populaire en raison de son design \u00e9l\u00e9gant, de son mat\u00e9riau en c\u00e9ramique durable et de sa taille parfaite. Pratique et \u00e9l\u00e9gant, l'ensemble de la batterie de cuisine am\u00e9liorera vos performances et votre exp\u00e9rience de la cuisine, qu'il s'agisse de la cuisine quotidienne ou de la cuisine d'occasions sp\u00e9ciales.<\/p>","protected":false},"featured_media":5295,"comment_status":"closed","ping_status":"closed","template":"","meta":{"_acf_changed":false},"product_brand":[],"product_cat":[53],"product_tag":[71],"class_list":{"0":"post-5293","1":"product","2":"type-product","3":"status-publish","4":"has-post-thumbnail","6":"product_cat-bakeware-in-bulk","7":"product_tag-wholesale-baking-pans","9":"first","10":"instock","11":"shipping-taxable","12":"product-type-simple"},"acf":[],"_links":{"self":[{"href":"https:\/\/jinhuaceramic.com\/fr\/wp-json\/wp\/v2\/product\/5293","targetHints":{"allow":["GET"]}}],"collection":[{"href":"https:\/\/jinhuaceramic.com\/fr\/wp-json\/wp\/v2\/product"}],"about":[{"href":"https:\/\/jinhuaceramic.com\/fr\/wp-json\/wp\/v2\/types\/product"}],"replies":[{"embeddable":true,"href":"https:\/\/jinhuaceramic.com\/fr\/wp-json\/wp\/v2\/comments?post=5293"}],"version-history":[{"count":0,"href":"https:\/\/jinhuaceramic.com\/fr\/wp-json\/wp\/v2\/product\/5293\/revisions"}],"wp:featuredmedia":[{"embeddable":true,"href":"https:\/\/jinhuaceramic.com\/fr\/wp-json\/wp\/v2\/media\/5295"}],"wp:attachment":[{"href":"https:\/\/jinhuaceramic.com\/fr\/wp-json\/wp\/v2\/media?parent=5293"}],"wp:term":[{"taxonomy":"product_brand","embeddable":true,"href":"https:\/\/jinhuaceramic.com\/fr\/wp-json\/wp\/v2\/product_brand?post=5293"},{"taxonomy":"product_cat","embeddable":true,"href":"https:\/\/jinhuaceramic.com\/fr\/wp-json\/wp\/v2\/product_cat?post=5293"},{"taxonomy":"product_tag","embeddable":true,"href":"https:\/\/jinhuaceramic.com\/fr\/wp-json\/wp\/v2\/product_tag?post=5293"}],"curies":[{"name":"wp","href":"https:\/\/api.w.org\/{rel}","templated":true}]}}