{"id":5369,"date":"2024-07-17T06:18:21","date_gmt":"2024-07-17T06:18:21","guid":{"rendered":"https:\/\/jinhuaceramic.com\/?post_type=product&#038;p=5369"},"modified":"2024-09-21T04:08:20","modified_gmt":"2024-09-21T04:08:20","slug":"custom-ceramic-bathroom-sets-in-bulk","status":"publish","type":"product","link":"https:\/\/jinhuaceramic.com\/fr\/product\/custom-ceramic-bathroom-sets-in-bulk\/","title":{"rendered":"6-Piece Custom Ceramic Bathroom Sets In Bulk For Vanity Decor"},"content":{"rendered":"<div class=\"wp-block-columns is-layout-flex wp-container-core-columns-is-layout-9d6595d7 wp-block-columns-is-layout-flex\">\n<div class=\"wp-block-column is-layout-flow wp-block-column-is-layout-flow\">\n<h3 class=\"wp-block-heading\">Ensemble de salle de bain en c\u00e9ramique de premi\u00e8re qualit\u00e9 Caract\u00e9ristiques :<\/h3>\n\n\n\n<ul class=\"wp-block-list\">\n<li><strong>Design intemporel :<\/strong> Ces ensembles de salle de bains en c\u00e9ramique personnalis\u00e9s pr\u00e9sentent une finition blanche brillante avec des stries verticales subtiles, ce qui leur conf\u00e8re un aspect textur\u00e9 \u00e9l\u00e9gant et intemporel. La couleur neutre permet \u00e0 ces accessoires de salle de bains de s'int\u00e9grer parfaitement \u00e0 une vari\u00e9t\u00e9 de styles de salles de bains, du minimaliste au luxueux.<\/li>\n\n\n\n<li><strong>Ensemble complet de 6 pi\u00e8ces :<\/strong> Ces sets de salle de bain en gros comprennent des distributeurs de savon, des gobelets de bain de bouche, des porte-brosses \u00e0 dents, des pots de rangement, des porte-savons et des bo\u00eetes \u00e0 mouchoirs, garantissant que tous vos accessoires de salle de bain sont dans le m\u00eame style et organis\u00e9s.<\/li>\n\n\n\n<li><strong>Mat\u00e9riau de haute qualit\u00e9 :<\/strong> Ces ensembles de salle de bains personnalis\u00e9s en vrac sont fabriqu\u00e9s en c\u00e9ramique de haute qualit\u00e9, durable pour une utilisation r\u00e9p\u00e9t\u00e9e \u00e0 long terme et r\u00e9sistante \u00e0 la corrosion et aux rayures.<\/li>\n\n\n\n<li><strong>Facile \u00e0 nettoyer :<\/strong> Ces sets de salle de bain en c\u00e9ramique ont une surface lisse et sont faciles \u00e0 nettoyer, ce qui permet de garder votre salle de bain propre, exempte de germes et hygi\u00e9nique pendant longtemps.<\/li>\n<\/ul>\n<\/div>\n\n\n\n<div class=\"wp-block-column is-layout-flow wp-block-column-is-layout-flow\">\n<figure class=\"wp-block-image size-full\"><img fetchpriority=\"high\" decoding=\"async\" width=\"1500\" height=\"1500\" src=\"https:\/\/jinhuaceramic.com\/wp-content\/uploads\/2024\/07\/bathroom-accessory-set.webp\" alt=\"Ensemble de salles de bains en c\u00e9ramique sur mesure pour d\u00e9corer la salle de bains\" class=\"wp-image-5370\" srcset=\"https:\/\/jinhuaceramic.com\/wp-content\/uploads\/2024\/07\/bathroom-accessory-set.webp 1500w, https:\/\/jinhuaceramic.com\/wp-content\/uploads\/2024\/07\/bathroom-accessory-set-300x300.webp 300w, https:\/\/jinhuaceramic.com\/wp-content\/uploads\/2024\/07\/bathroom-accessory-set-150x150.webp 150w, https:\/\/jinhuaceramic.com\/wp-content\/uploads\/2024\/07\/bathroom-accessory-set-768x768.webp 768w, https:\/\/jinhuaceramic.com\/wp-content\/uploads\/2024\/07\/bathroom-accessory-set-12x12.webp 12w, https:\/\/jinhuaceramic.com\/wp-content\/uploads\/2024\/07\/bathroom-accessory-set-285x285.webp 285w, https:\/\/jinhuaceramic.com\/wp-content\/uploads\/2024\/07\/bathroom-accessory-set-270x270.webp 270w, https:\/\/jinhuaceramic.com\/wp-content\/uploads\/2024\/07\/bathroom-accessory-set-540x540.webp 540w, https:\/\/jinhuaceramic.com\/wp-content\/uploads\/2024\/07\/bathroom-accessory-set-660x660.webp 660w\" sizes=\"(max-width: 1500px) 100vw, 1500px\" \/><\/figure>\n<\/div>\n<\/div>","protected":false},"excerpt":{"rendered":"<p>Ces ensembles de salle de bains en c\u00e9ramique en vrac sont populaires en raison de leur design \u00e9l\u00e9gant et unique, de leur construction en c\u00e9ramique durable, de leur facilit\u00e9 de nettoyage et d'entretien. Chaque accessoire de ces ensembles de salle de bains a son r\u00f4le \u00e0 jouer pour am\u00e9liorer le d\u00e9cor de la salle de bains tout en l'organisant.<\/p>","protected":false},"featured_media":5372,"comment_status":"closed","ping_status":"closed","template":"","meta":{"_acf_changed":false},"product_brand":[],"product_cat":[51],"product_tag":[74],"class_list":{"0":"post-5369","1":"product","2":"type-product","3":"status-publish","4":"has-post-thumbnail","6":"product_cat-bathroom-accessories-wholesale","7":"product_tag-ceramic-bath-accessories-wholesale","9":"first","10":"instock","11":"shipping-taxable","12":"product-type-simple"},"acf":[],"_links":{"self":[{"href":"https:\/\/jinhuaceramic.com\/fr\/wp-json\/wp\/v2\/product\/5369","targetHints":{"allow":["GET"]}}],"collection":[{"href":"https:\/\/jinhuaceramic.com\/fr\/wp-json\/wp\/v2\/product"}],"about":[{"href":"https:\/\/jinhuaceramic.com\/fr\/wp-json\/wp\/v2\/types\/product"}],"replies":[{"embeddable":true,"href":"https:\/\/jinhuaceramic.com\/fr\/wp-json\/wp\/v2\/comments?post=5369"}],"version-history":[{"count":0,"href":"https:\/\/jinhuaceramic.com\/fr\/wp-json\/wp\/v2\/product\/5369\/revisions"}],"wp:featuredmedia":[{"embeddable":true,"href":"https:\/\/jinhuaceramic.com\/fr\/wp-json\/wp\/v2\/media\/5372"}],"wp:attachment":[{"href":"https:\/\/jinhuaceramic.com\/fr\/wp-json\/wp\/v2\/media?parent=5369"}],"wp:term":[{"taxonomy":"product_brand","embeddable":true,"href":"https:\/\/jinhuaceramic.com\/fr\/wp-json\/wp\/v2\/product_brand?post=5369"},{"taxonomy":"product_cat","embeddable":true,"href":"https:\/\/jinhuaceramic.com\/fr\/wp-json\/wp\/v2\/product_cat?post=5369"},{"taxonomy":"product_tag","embeddable":true,"href":"https:\/\/jinhuaceramic.com\/fr\/wp-json\/wp\/v2\/product_tag?post=5369"}],"curies":[{"name":"wp","href":"https:\/\/api.w.org\/{rel}","templated":true}]}}