{"id":5379,"date":"2024-07-17T06:21:58","date_gmt":"2024-07-17T06:21:58","guid":{"rendered":"https:\/\/jinhuaceramic.com\/?post_type=product&#038;p=5379"},"modified":"2024-09-21T03:38:09","modified_gmt":"2024-09-21T03:38:09","slug":"wholesale-ceramic-candle-jar-in-bulk","status":"publish","type":"product","link":"https:\/\/jinhuaceramic.com\/fr\/product\/wholesale-ceramic-candle-jar-in-bulk\/","title":{"rendered":"Wholesale Ceramic Candle Jar With Checkered Design In Bulk (Pot \u00e0 bougie en c\u00e9ramique avec motif \u00e0 carreaux en vrac)"},"content":{"rendered":"<div class=\"wp-block-columns is-layout-flex wp-container-core-columns-is-layout-9d6595d7 wp-block-columns-is-layout-flex\">\n<div class=\"wp-block-column is-layout-flow wp-block-column-is-layout-flow\">\n<h3 class=\"wp-block-heading\">Bocal \u00e0 bougie en c\u00e9ramique de premi\u00e8re qualit\u00e9 en gros Caract\u00e9ristiques :<\/h3>\n\n\n\n<ul class=\"wp-block-list\">\n<li><strong>Conception unique : <\/strong>Ces photophores en gros pr\u00e9sentent un motif \u00e0 carreaux unique, disponible dans une vari\u00e9t\u00e9 de couleurs vives. Ces photophores sont de forme cylindrique et l\u00e9g\u00e8rement effil\u00e9e sur le dessus, avec une large ouverture pour faciliter l'allumage et l'extinction des bougies.<\/li>\n\n\n\n<li><strong>Mat\u00e9riaux de premi\u00e8re qualit\u00e9 : <\/strong>Ces photophores en vrac sont fabriqu\u00e9s en c\u00e9ramique de qualit\u00e9 alimentaire, recouverte d'une gla\u00e7ure non toxique, durable, inalt\u00e9rable et r\u00e9sistante aux hautes temp\u00e9ratures.<\/li>\n\n\n\n<li><strong>Respectueux de l'environnement : <\/strong>Ces photophores en c\u00e9ramique sont fabriqu\u00e9s en argile c\u00e9ramique naturelle et respectueuse de l'environnement, qui est r\u00e9utilisable. Tr\u00e8s pratiques \u00e0 ranger et \u00e0 retirer, ils sont \u00e9galement faciles \u00e0 remplir et \u00e0 recharger.<\/li>\n\n\n\n<li><strong>Avantages de la vente en gros :<\/strong> En tant que fabricant professionnel de photophores en c\u00e9ramique, Jinhua propose des photophores en gros avec un avantage de prix, offrant aux entreprises une option d'achat abordable qui permet de r\u00e9duire les co\u00fbts et d'augmenter les profits.<\/li>\n<\/ul>\n<\/div>\n\n\n\n<div class=\"wp-block-column is-layout-flow wp-block-column-is-layout-flow\">\n<figure class=\"wp-block-image size-full\"><img fetchpriority=\"high\" decoding=\"async\" width=\"981\" height=\"981\" src=\"https:\/\/jinhuaceramic.com\/wp-content\/uploads\/2024\/07\/ceramic-candle-jars-1.webp\" alt=\"Grossiste-Bocal \u00e0 bougies en c\u00e9ramique-avec-design-c\u00e9ramique-en vrac\" class=\"wp-image-5385\" srcset=\"https:\/\/jinhuaceramic.com\/wp-content\/uploads\/2024\/07\/ceramic-candle-jars-1.webp 981w, https:\/\/jinhuaceramic.com\/wp-content\/uploads\/2024\/07\/ceramic-candle-jars-1-300x300.webp 300w, https:\/\/jinhuaceramic.com\/wp-content\/uploads\/2024\/07\/ceramic-candle-jars-1-150x150.webp 150w, https:\/\/jinhuaceramic.com\/wp-content\/uploads\/2024\/07\/ceramic-candle-jars-1-768x768.webp 768w, https:\/\/jinhuaceramic.com\/wp-content\/uploads\/2024\/07\/ceramic-candle-jars-1-12x12.webp 12w, https:\/\/jinhuaceramic.com\/wp-content\/uploads\/2024\/07\/ceramic-candle-jars-1-285x285.webp 285w, https:\/\/jinhuaceramic.com\/wp-content\/uploads\/2024\/07\/ceramic-candle-jars-1-270x270.webp 270w, https:\/\/jinhuaceramic.com\/wp-content\/uploads\/2024\/07\/ceramic-candle-jars-1-540x540.webp 540w, https:\/\/jinhuaceramic.com\/wp-content\/uploads\/2024\/07\/ceramic-candle-jars-1-660x660.webp 660w\" sizes=\"(max-width: 981px) 100vw, 981px\" \/><\/figure>\n<\/div>\n<\/div>","protected":false},"excerpt":{"rendered":"<p>Ces photophores en gros en c\u00e9ramique avec des motifs \u00e0 carreaux uniques sont tr\u00e8s appr\u00e9ci\u00e9s en raison de leur construction en c\u00e9ramique durable, de leur design accrocheur et de leur prix comp\u00e9titif. En tant que fabricant, nous proposons \u00e9galement des services de personnalisation. N'h\u00e9sitez pas \u00e0 nous contacter !<\/p>","protected":false},"featured_media":5384,"comment_status":"closed","ping_status":"closed","template":"","meta":{"_acf_changed":false},"product_brand":[],"product_cat":[52],"product_tag":[66],"class_list":{"0":"post-5379","1":"product","2":"type-product","3":"status-publish","4":"has-post-thumbnail","6":"product_cat-wholesale-candle-containers","7":"product_tag-candle-jars-wholesale","9":"first","10":"instock","11":"shipping-taxable","12":"product-type-simple"},"acf":[],"_links":{"self":[{"href":"https:\/\/jinhuaceramic.com\/fr\/wp-json\/wp\/v2\/product\/5379","targetHints":{"allow":["GET"]}}],"collection":[{"href":"https:\/\/jinhuaceramic.com\/fr\/wp-json\/wp\/v2\/product"}],"about":[{"href":"https:\/\/jinhuaceramic.com\/fr\/wp-json\/wp\/v2\/types\/product"}],"replies":[{"embeddable":true,"href":"https:\/\/jinhuaceramic.com\/fr\/wp-json\/wp\/v2\/comments?post=5379"}],"version-history":[{"count":0,"href":"https:\/\/jinhuaceramic.com\/fr\/wp-json\/wp\/v2\/product\/5379\/revisions"}],"wp:featuredmedia":[{"embeddable":true,"href":"https:\/\/jinhuaceramic.com\/fr\/wp-json\/wp\/v2\/media\/5384"}],"wp:attachment":[{"href":"https:\/\/jinhuaceramic.com\/fr\/wp-json\/wp\/v2\/media?parent=5379"}],"wp:term":[{"taxonomy":"product_brand","embeddable":true,"href":"https:\/\/jinhuaceramic.com\/fr\/wp-json\/wp\/v2\/product_brand?post=5379"},{"taxonomy":"product_cat","embeddable":true,"href":"https:\/\/jinhuaceramic.com\/fr\/wp-json\/wp\/v2\/product_cat?post=5379"},{"taxonomy":"product_tag","embeddable":true,"href":"https:\/\/jinhuaceramic.com\/fr\/wp-json\/wp\/v2\/product_tag?post=5379"}],"curies":[{"name":"wp","href":"https:\/\/api.w.org\/{rel}","templated":true}]}}