{"id":5412,"date":"2024-07-20T08:07:55","date_gmt":"2024-07-20T08:07:55","guid":{"rendered":"https:\/\/jinhuaceramic.com\/?post_type=product&#038;p=5412"},"modified":"2025-03-10T09:20:14","modified_gmt":"2025-03-10T09:20:14","slug":"wholesale-ceramic-baking-pan-set","status":"publish","type":"product","link":"https:\/\/jinhuaceramic.com\/fr\/product\/wholesale-ceramic-baking-pan-set\/","title":{"rendered":"Set de moules \u00e0 p\u00e2tisserie en c\u00e9ramique multi-tailles, China Bakeware Bulk"},"content":{"rendered":"<div class=\"wp-block-columns is-layout-flex wp-container-core-columns-is-layout-9d6595d7 wp-block-columns-is-layout-flex\">\n<div class=\"wp-block-column is-layout-flow wp-block-column-is-layout-flow\">\n<h3 class=\"wp-block-heading\">Premium Wholesale Ceramic Baking Pan Set&nbsp;Features:<\/h3>\n\n\n\n<ul class=\"wp-block-list\">\n<li><strong>Design \u00e9l\u00e9gant : <\/strong>These wholesale ceramic baking pan sets are very practical, yet quite elegant in design. Slightly more delicate sides, delicately scalloped edges, and a slightly textured pattern on the sides give these baking pans an extra boost in aesthetic appeal.<\/li>\n\n\n\n<li><strong>Durable Construction: <\/strong>These ceramic baking pans wholesale are made from very high-quality heat-resistant ceramic material. The construction of ceramic also resists cracking quite well, hence assuring long-lasting performance.<\/li>\n\n\n\n<li><strong>Non-Stick Glaze: <\/strong>These wholesale ceramic baking pan sets are coated non-stick; thus, the release of the baked goods and the cleaning of bakeware after use is pretty easy.<\/li>\n\n\n\n<li><strong>Versatile Set: <\/strong>Contain different sizes of ceramic baking pans wholesale for different recipes, such as casserole, roast chicken, baked bread, lasagna roast meat, roast vegetable, for your different baking needs.<\/li>\n<\/ul>\n<\/div>\n\n\n\n<div class=\"wp-block-column is-layout-flow wp-block-column-is-layout-flow\">\n<figure class=\"wp-block-image size-full\"><img fetchpriority=\"high\" decoding=\"async\" width=\"1001\" height=\"1001\" src=\"https:\/\/jinhuaceramic.com\/wp-content\/uploads\/2024\/07\/baking-dish-set-2.webp\" alt=\"hot-selling-wholesale-ceramic-baking-pan-set-with-4-size\" class=\"wp-image-5405\" srcset=\"https:\/\/jinhuaceramic.com\/wp-content\/uploads\/2024\/07\/baking-dish-set-2.webp 1001w, https:\/\/jinhuaceramic.com\/wp-content\/uploads\/2024\/07\/baking-dish-set-2-300x300.webp 300w, https:\/\/jinhuaceramic.com\/wp-content\/uploads\/2024\/07\/baking-dish-set-2-150x150.webp 150w, https:\/\/jinhuaceramic.com\/wp-content\/uploads\/2024\/07\/baking-dish-set-2-768x768.webp 768w, https:\/\/jinhuaceramic.com\/wp-content\/uploads\/2024\/07\/baking-dish-set-2-12x12.webp 12w, https:\/\/jinhuaceramic.com\/wp-content\/uploads\/2024\/07\/baking-dish-set-2-285x285.webp 285w, https:\/\/jinhuaceramic.com\/wp-content\/uploads\/2024\/07\/baking-dish-set-2-270x270.webp 270w, https:\/\/jinhuaceramic.com\/wp-content\/uploads\/2024\/07\/baking-dish-set-2-540x540.webp 540w, https:\/\/jinhuaceramic.com\/wp-content\/uploads\/2024\/07\/baking-dish-set-2-660x660.webp 660w\" sizes=\"(max-width: 1001px) 100vw, 1001px\" \/><\/figure>\n<\/div>\n<\/div>","protected":false},"excerpt":{"rendered":"<p>Welcome to purchase ceramic baking pans. These wholesale ceramic baking pan sets can meet various baking needs. It&#8217;s lead-free and nontoxic for ensuring food safety. High-temperature-resistant designs for ovens and microwave ovens, sturdy and durable, will be a great choice for home and commercial baking.<\/p>","protected":false},"featured_media":5410,"comment_status":"closed","ping_status":"closed","template":"","meta":{"_acf_changed":false},"product_brand":[],"product_cat":[53],"product_tag":[71],"class_list":{"0":"post-5412","1":"product","2":"type-product","3":"status-publish","4":"has-post-thumbnail","6":"product_cat-bakeware-in-bulk","7":"product_tag-wholesale-baking-pans","9":"first","10":"instock","11":"shipping-taxable","12":"product-type-simple"},"acf":[],"_links":{"self":[{"href":"https:\/\/jinhuaceramic.com\/fr\/wp-json\/wp\/v2\/product\/5412","targetHints":{"allow":["GET"]}}],"collection":[{"href":"https:\/\/jinhuaceramic.com\/fr\/wp-json\/wp\/v2\/product"}],"about":[{"href":"https:\/\/jinhuaceramic.com\/fr\/wp-json\/wp\/v2\/types\/product"}],"replies":[{"embeddable":true,"href":"https:\/\/jinhuaceramic.com\/fr\/wp-json\/wp\/v2\/comments?post=5412"}],"version-history":[{"count":0,"href":"https:\/\/jinhuaceramic.com\/fr\/wp-json\/wp\/v2\/product\/5412\/revisions"}],"wp:featuredmedia":[{"embeddable":true,"href":"https:\/\/jinhuaceramic.com\/fr\/wp-json\/wp\/v2\/media\/5410"}],"wp:attachment":[{"href":"https:\/\/jinhuaceramic.com\/fr\/wp-json\/wp\/v2\/media?parent=5412"}],"wp:term":[{"taxonomy":"product_brand","embeddable":true,"href":"https:\/\/jinhuaceramic.com\/fr\/wp-json\/wp\/v2\/product_brand?post=5412"},{"taxonomy":"product_cat","embeddable":true,"href":"https:\/\/jinhuaceramic.com\/fr\/wp-json\/wp\/v2\/product_cat?post=5412"},{"taxonomy":"product_tag","embeddable":true,"href":"https:\/\/jinhuaceramic.com\/fr\/wp-json\/wp\/v2\/product_tag?post=5412"}],"curies":[{"name":"wp","href":"https:\/\/api.w.org\/{rel}","templated":true}]}}