{"id":5415,"date":"2024-07-20T08:26:20","date_gmt":"2024-07-20T08:26:20","guid":{"rendered":"https:\/\/jinhuaceramic.com\/?post_type=product&#038;p=5415"},"modified":"2024-11-05T04:00:49","modified_gmt":"2024-11-05T04:00:49","slug":"factory-supply-bathroom-accessories-set","status":"publish","type":"product","link":"https:\/\/jinhuaceramic.com\/fr\/product\/factory-supply-bathroom-accessories-set\/","title":{"rendered":"Factory Supply Bathroom Accessories Set, Custom Bath Set With Ribbed Design"},"content":{"rendered":"<div class=\"wp-block-columns is-layout-flex wp-container-core-columns-is-layout-9d6595d7 wp-block-columns-is-layout-flex\">\n<div class=\"wp-block-column is-layout-flow wp-block-column-is-layout-flow\">\n<h3 class=\"wp-block-heading\">Ensemble d'accessoires de salle de bain Premium Factory Supply Caract\u00e9ristiques :<\/h3>\n\n\n\n<ul class=\"wp-block-list\">\n<li><strong>Design exquis \u00e0 rayures, \u00e0 la mode et moderne : <\/strong>L'ensemble d'accessoires de salle de bains que nous fournissons adopte un design \u00e0 rayures exquis ; \u00e9tant donn\u00e9 que le produit a une texture et une superposition sp\u00e9ciales, il cr\u00e9e un effet visuel moderne et \u00e0 la mode. En outre, les rayures rehaussent la beaut\u00e9 du produit et assurent le confort des mains lors de la prise en main.<\/li>\n\n\n\n<li><strong>Service personnalis\u00e9, flexible pour satisfaire les besoins : <\/strong>Notre ensemble de bain personnalis\u00e9 permet de personnaliser les couleurs, le logo et le style. Il peut \u00eatre fabriqu\u00e9 en fonction de la marque du client ou de son style dans la salle de bains, mettant parfaitement en valeur l'image de marque personnalis\u00e9e. Il est particuli\u00e8rement adapt\u00e9 aux besoins des h\u00f4tels de luxe et des projets d'entreprise.<\/li>\n\n\n\n<li><strong>Mat\u00e9riau c\u00e9ramique de haute qualit\u00e9, solide et durable : <\/strong>Notre ensemble d'accessoires de salle de bains est fabriqu\u00e9 en c\u00e9ramique de haute qualit\u00e9. Cela garantit une excellente durabilit\u00e9 et une r\u00e9sistance \u00e0 la d\u00e9coloration. Le produit peut rester brillant comme neuf et se nettoyer facilement, m\u00eame apr\u00e8s un usage prolong\u00e9, afin de prolonger sa dur\u00e9e de vie.<\/li>\n\n\n\n<li><strong>Accessoires de salle de bains complets, fonctions compl\u00e8tes : <\/strong>Notre set de bain personnalis\u00e9 comprend divers accessoires de salle de bain couramment utilis\u00e9s, tels que des distributeurs de savon, des porte-savons et des gobelets pour brosses \u00e0 dents. Le design est simple et pratique, il r\u00e9pond aux besoins fonctionnels de la vie quotidienne et ajoutera des effets d\u00e9coratifs exquis \u00e0 l'espace de la salle de bains.<\/li>\n<\/ul>\n<\/div>\n\n\n\n<div class=\"wp-block-column is-layout-flow wp-block-column-is-layout-flow\">\n<figure class=\"wp-block-image size-full\"><img fetchpriority=\"high\" decoding=\"async\" width=\"737\" height=\"737\" src=\"https:\/\/jinhuaceramic.com\/wp-content\/uploads\/2024\/07\/black-bathroom-set.webp\" alt=\"Factory Supply Bathroom Accessories Set, Custom Bath Set With Ribbed Design-1\" class=\"wp-image-5419\" srcset=\"https:\/\/jinhuaceramic.com\/wp-content\/uploads\/2024\/07\/black-bathroom-set.webp 737w, https:\/\/jinhuaceramic.com\/wp-content\/uploads\/2024\/07\/black-bathroom-set-300x300.webp 300w, https:\/\/jinhuaceramic.com\/wp-content\/uploads\/2024\/07\/black-bathroom-set-150x150.webp 150w, https:\/\/jinhuaceramic.com\/wp-content\/uploads\/2024\/07\/black-bathroom-set-12x12.webp 12w, https:\/\/jinhuaceramic.com\/wp-content\/uploads\/2024\/07\/black-bathroom-set-285x285.webp 285w, https:\/\/jinhuaceramic.com\/wp-content\/uploads\/2024\/07\/black-bathroom-set-270x270.webp 270w, https:\/\/jinhuaceramic.com\/wp-content\/uploads\/2024\/07\/black-bathroom-set-540x540.webp 540w, https:\/\/jinhuaceramic.com\/wp-content\/uploads\/2024\/07\/black-bathroom-set-660x660.webp 660w\" sizes=\"(max-width: 737px) 100vw, 737px\" \/><\/figure>\n<\/div>\n<\/div>\n\n\n\n<p><\/p>","protected":false},"excerpt":{"rendered":"<p>Bienvenue \u00e0 l'achat d'un ensemble d'accessoires de salle de bains fourni par l'usine. Cet ensemble de bain personnalis\u00e9 au design ray\u00e9 est \u00e0 la mode et unique, fabriqu\u00e9 en c\u00e9ramique de haute qualit\u00e9, alliant beaut\u00e9 et durabilit\u00e9. Nous proposons des services personnalis\u00e9s, adapt\u00e9s aux achats en gros des h\u00f4tels haut de gamme et des projets commerciaux.<\/p>","protected":false},"featured_media":5418,"comment_status":"closed","ping_status":"closed","template":"","meta":{"_acf_changed":false},"product_brand":[],"product_cat":[51],"product_tag":[74],"class_list":{"0":"post-5415","1":"product","2":"type-product","3":"status-publish","4":"has-post-thumbnail","6":"product_cat-bathroom-accessories-wholesale","7":"product_tag-ceramic-bath-accessories-wholesale","9":"first","10":"instock","11":"shipping-taxable","12":"product-type-simple"},"acf":[],"_links":{"self":[{"href":"https:\/\/jinhuaceramic.com\/fr\/wp-json\/wp\/v2\/product\/5415","targetHints":{"allow":["GET"]}}],"collection":[{"href":"https:\/\/jinhuaceramic.com\/fr\/wp-json\/wp\/v2\/product"}],"about":[{"href":"https:\/\/jinhuaceramic.com\/fr\/wp-json\/wp\/v2\/types\/product"}],"replies":[{"embeddable":true,"href":"https:\/\/jinhuaceramic.com\/fr\/wp-json\/wp\/v2\/comments?post=5415"}],"version-history":[{"count":0,"href":"https:\/\/jinhuaceramic.com\/fr\/wp-json\/wp\/v2\/product\/5415\/revisions"}],"wp:featuredmedia":[{"embeddable":true,"href":"https:\/\/jinhuaceramic.com\/fr\/wp-json\/wp\/v2\/media\/5418"}],"wp:attachment":[{"href":"https:\/\/jinhuaceramic.com\/fr\/wp-json\/wp\/v2\/media?parent=5415"}],"wp:term":[{"taxonomy":"product_brand","embeddable":true,"href":"https:\/\/jinhuaceramic.com\/fr\/wp-json\/wp\/v2\/product_brand?post=5415"},{"taxonomy":"product_cat","embeddable":true,"href":"https:\/\/jinhuaceramic.com\/fr\/wp-json\/wp\/v2\/product_cat?post=5415"},{"taxonomy":"product_tag","embeddable":true,"href":"https:\/\/jinhuaceramic.com\/fr\/wp-json\/wp\/v2\/product_tag?post=5415"}],"curies":[{"name":"wp","href":"https:\/\/api.w.org\/{rel}","templated":true}]}}