{"id":5434,"date":"2024-07-20T08:18:01","date_gmt":"2024-07-20T08:18:01","guid":{"rendered":"https:\/\/jinhuaceramic.com\/?post_type=product&#038;p=5434"},"modified":"2024-09-21T03:42:05","modified_gmt":"2024-09-21T03:42:05","slug":"buy-ceramic-pumpkin-candle-jars-in-bulk","status":"publish","type":"product","link":"https:\/\/jinhuaceramic.com\/fr\/product\/buy-ceramic-pumpkin-candle-jars-in-bulk\/","title":{"rendered":"Acheter en vrac des pots \u00e0 bougie en c\u00e9ramique pour la fabrication de bougies"},"content":{"rendered":"<div class=\"wp-block-columns is-layout-flex wp-container-core-columns-is-layout-9d6595d7 wp-block-columns-is-layout-flex\">\n<div class=\"wp-block-column is-layout-flow wp-block-column-is-layout-flow\">\n<h3 class=\"wp-block-heading\">Pots de bougies \u00e0 la citrouille de qualit\u00e9 sup\u00e9rieure en vrac Caract\u00e9ristiques :<\/h3>\n\n\n\n<ul class=\"wp-block-list\">\n<li><strong>Design unique : <\/strong>Ces photophores citrouille en vrac avec couvercle ont une forme unique de citrouille. Ils sont disponibles en trois couleurs : noir mat, rouge terracotta et blanc cr\u00e8me classique. La tige du couvercle du pot noir est d\u00e9licieusement d\u00e9cor\u00e9e d'or, ce qui ajoute une touche de luxe \u00e0 son charme rustique.<\/li>\n\n\n\n<li><strong>Mat\u00e9riau de premi\u00e8re qualit\u00e9 :<\/strong> Ces pots \u00e0 bougie en vrac avec couvercle sont fabriqu\u00e9s en c\u00e9ramique de qualit\u00e9 alimentaire, r\u00e9sistante \u00e0 la chaleur, antid\u00e9flagrante, sans plomb, non toxique, plus s\u00fbre, plus saine et r\u00e9utilisable que les pots en m\u00e9tal.<\/li>\n\n\n\n<li><strong>Utilisation polyvalente : <\/strong>Ces bocaux \u00e0 bougie en c\u00e9ramique avec couvercle peuvent non seulement \u00eatre utilis\u00e9s pour fabriquer des bougies, mais ils sont \u00e9galement parfaits pour stocker des produits secs tels que des \u00e9pices, des herbes, des haricots, du caf\u00e9, du riz, des bonbons et du sucre.<\/li>\n\n\n\n<li><strong>Large application :<\/strong> Ces photophores en forme de citrouille conviennent \u00e0 diverses occasions et styles de d\u00e9coration, qu'il s'agisse de d\u00e9coration d'int\u00e9rieur, de d\u00e9coration de f\u00eate ou de lieux commerciaux, ils peuvent faire preuve d'un charme unique.<\/li>\n<\/ul>\n<\/div>\n\n\n\n<div class=\"wp-block-column is-layout-flow wp-block-column-is-layout-flow\">\n<figure class=\"wp-block-image size-full\"><img fetchpriority=\"high\" decoding=\"async\" width=\"800\" height=\"800\" src=\"https:\/\/jinhuaceramic.com\/wp-content\/uploads\/2024\/07\/candle-jar-with-lid-1.webp\" alt=\"Jarres en c\u00e9ramique pour bougies \u00e0 la citrouille avec couvercle pour la fabrication de bougies\" class=\"wp-image-5439\" srcset=\"https:\/\/jinhuaceramic.com\/wp-content\/uploads\/2024\/07\/candle-jar-with-lid-1.webp 800w, https:\/\/jinhuaceramic.com\/wp-content\/uploads\/2024\/07\/candle-jar-with-lid-1-300x300.webp 300w, https:\/\/jinhuaceramic.com\/wp-content\/uploads\/2024\/07\/candle-jar-with-lid-1-150x150.webp 150w, https:\/\/jinhuaceramic.com\/wp-content\/uploads\/2024\/07\/candle-jar-with-lid-1-768x768.webp 768w, https:\/\/jinhuaceramic.com\/wp-content\/uploads\/2024\/07\/candle-jar-with-lid-1-12x12.webp 12w, https:\/\/jinhuaceramic.com\/wp-content\/uploads\/2024\/07\/candle-jar-with-lid-1-285x285.webp 285w, https:\/\/jinhuaceramic.com\/wp-content\/uploads\/2024\/07\/candle-jar-with-lid-1-270x270.webp 270w, https:\/\/jinhuaceramic.com\/wp-content\/uploads\/2024\/07\/candle-jar-with-lid-1-540x540.webp 540w, https:\/\/jinhuaceramic.com\/wp-content\/uploads\/2024\/07\/candle-jar-with-lid-1-660x660.webp 660w\" sizes=\"(max-width: 800px) 100vw, 800px\" \/><\/figure>\n<\/div>\n<\/div>","protected":false},"excerpt":{"rendered":"<p>Ces photophores en c\u00e9ramique en vrac sont populaires en raison de leur forme unique de citrouille, de leur structure robuste en c\u00e9ramique et de leur polyvalence. Alliant praticit\u00e9 et beaut\u00e9, ces photophores peuvent \u00eatre utilis\u00e9s comme d\u00e9corations pour de nombreuses occasions, \u00e0 la maison ou dans un cadre commercial. C'est un excellent choix pour la fabrication de bougies.<\/p>","protected":false},"featured_media":5441,"comment_status":"closed","ping_status":"closed","template":"","meta":{"_acf_changed":false},"product_brand":[],"product_cat":[52],"product_tag":[67,66],"class_list":{"0":"post-5434","1":"product","2":"type-product","3":"status-publish","4":"has-post-thumbnail","6":"product_cat-wholesale-candle-containers","7":"product_tag-bulk-candle-jars-with-lids","8":"product_tag-candle-jars-wholesale","10":"first","11":"instock","12":"shipping-taxable","13":"product-type-simple"},"acf":[],"_links":{"self":[{"href":"https:\/\/jinhuaceramic.com\/fr\/wp-json\/wp\/v2\/product\/5434","targetHints":{"allow":["GET"]}}],"collection":[{"href":"https:\/\/jinhuaceramic.com\/fr\/wp-json\/wp\/v2\/product"}],"about":[{"href":"https:\/\/jinhuaceramic.com\/fr\/wp-json\/wp\/v2\/types\/product"}],"replies":[{"embeddable":true,"href":"https:\/\/jinhuaceramic.com\/fr\/wp-json\/wp\/v2\/comments?post=5434"}],"version-history":[{"count":0,"href":"https:\/\/jinhuaceramic.com\/fr\/wp-json\/wp\/v2\/product\/5434\/revisions"}],"wp:featuredmedia":[{"embeddable":true,"href":"https:\/\/jinhuaceramic.com\/fr\/wp-json\/wp\/v2\/media\/5441"}],"wp:attachment":[{"href":"https:\/\/jinhuaceramic.com\/fr\/wp-json\/wp\/v2\/media?parent=5434"}],"wp:term":[{"taxonomy":"product_brand","embeddable":true,"href":"https:\/\/jinhuaceramic.com\/fr\/wp-json\/wp\/v2\/product_brand?post=5434"},{"taxonomy":"product_cat","embeddable":true,"href":"https:\/\/jinhuaceramic.com\/fr\/wp-json\/wp\/v2\/product_cat?post=5434"},{"taxonomy":"product_tag","embeddable":true,"href":"https:\/\/jinhuaceramic.com\/fr\/wp-json\/wp\/v2\/product_tag?post=5434"}],"curies":[{"name":"wp","href":"https:\/\/api.w.org\/{rel}","templated":true}]}}