{"id":5453,"date":"2024-07-20T08:34:42","date_gmt":"2024-07-20T08:34:42","guid":{"rendered":"https:\/\/jinhuaceramic.com\/?post_type=product&#038;p=5453"},"modified":"2025-03-11T07:56:20","modified_gmt":"2025-03-11T07:56:20","slug":"ceramic-pie-pan-bulk-for-baking","status":"publish","type":"product","link":"https:\/\/jinhuaceramic.com\/fr\/product\/ceramic-pie-pan-bulk-for-baking\/","title":{"rendered":"Premium Ceramic Pie Pan Bulk, Custom Baking Pan Wholesale (moule \u00e0 tarte en c\u00e9ramique en vrac, moule \u00e0 tarte personnalis\u00e9)"},"content":{"rendered":"<div class=\"wp-block-columns is-layout-flex wp-container-core-columns-is-layout-9d6595d7 wp-block-columns-is-layout-flex\">\n<div class=\"wp-block-column is-layout-flow wp-block-column-is-layout-flow\">\n<h3 class=\"wp-block-heading\">Plat \u00e0 tarte en c\u00e9ramique de qualit\u00e9 sup\u00e9rieure Caract\u00e9ristiques en vrac :<\/h3>\n\n\n\n<ul class=\"wp-block-list\">\n<li><strong>\u00c9l\u00e9gante dentelle beige :<\/strong> Ce moule \u00e0 tarte en c\u00e9ramique en vrac, d'un beige doux et orn\u00e9 d'une dentelle exquise, ajoute non seulement \u00e0 l'aspect et \u00e0 la sensation du produit lui-m\u00eame, mais aussi \u00e0 l'\u00e9l\u00e9gance de vos travaux de p\u00e2tisserie, quelle que soit l'occasion.<\/li>\n\n\n\n<li><strong>Mat\u00e9riau sans plomb, s\u00fbr et sain : <\/strong>Ce moule \u00e0 p\u00e2tisserie personnalis\u00e9 est fabriqu\u00e9 dans un mat\u00e9riau sans plomb. Cela signifie que chaque utilisation est s\u00fbre et saine, conform\u00e9ment aux exigences des normes de qualit\u00e9 alimentaire, qui prot\u00e8gent votre sant\u00e9 et celle de votre famille.<\/li>\n\n\n\n<li><strong>Sc\u00e9nario d'utilisation multifonctionnelle : <\/strong>Ce moule \u00e0 tarte en c\u00e9ramique permet \u00e0 divers appareils de cuisine, tels que les fours \u00e0 micro-ondes, les fours, les lave-vaisselle et les r\u00e9frig\u00e9rateurs, de passer facilement de la cuisson au stockage.<\/li>\n\n\n\n<li><strong>Durabilit\u00e9 et facilit\u00e9 de nettoyage : <\/strong>Notre moule de cuisson personnalis\u00e9 utilise des c\u00e9ramiques de qualit\u00e9 offrant une excellente r\u00e9sistance \u00e0 la chaleur et convenant \u00e0 la cuisson \u00e0 haute temp\u00e9rature. Il est lavable, peut \u00eatre nettoy\u00e9 au lave-vaisselle, ce qui permet d'\u00e9conomiser du temps et des efforts et d'am\u00e9liorer consid\u00e9rablement la commodit\u00e9 de l'utilisation quotidienne.<\/li>\n<\/ul>\n<\/div>\n\n\n\n<div class=\"wp-block-column is-layout-flow wp-block-column-is-layout-flow\">\n<figure class=\"wp-block-image size-full\"><img fetchpriority=\"high\" decoding=\"async\" width=\"1200\" height=\"1200\" src=\"https:\/\/jinhuaceramic.com\/wp-content\/uploads\/2024\/07\/baking-dishes-1.webp\" alt=\"moule \u00e0 tarte en c\u00e9ramique \u00e0 bord festonn\u00e9 sans plomb-bulk-for-baking\" class=\"wp-image-5456\" srcset=\"https:\/\/jinhuaceramic.com\/wp-content\/uploads\/2024\/07\/baking-dishes-1.webp 1200w, https:\/\/jinhuaceramic.com\/wp-content\/uploads\/2024\/07\/baking-dishes-1-300x300.webp 300w, https:\/\/jinhuaceramic.com\/wp-content\/uploads\/2024\/07\/baking-dishes-1-150x150.webp 150w, https:\/\/jinhuaceramic.com\/wp-content\/uploads\/2024\/07\/baking-dishes-1-768x768.webp 768w, https:\/\/jinhuaceramic.com\/wp-content\/uploads\/2024\/07\/baking-dishes-1-12x12.webp 12w, https:\/\/jinhuaceramic.com\/wp-content\/uploads\/2024\/07\/baking-dishes-1-285x285.webp 285w, https:\/\/jinhuaceramic.com\/wp-content\/uploads\/2024\/07\/baking-dishes-1-270x270.webp 270w, https:\/\/jinhuaceramic.com\/wp-content\/uploads\/2024\/07\/baking-dishes-1-540x540.webp 540w, https:\/\/jinhuaceramic.com\/wp-content\/uploads\/2024\/07\/baking-dishes-1-660x660.webp 660w\" sizes=\"(max-width: 1200px) 100vw, 1200px\" \/><\/figure>\n<\/div>\n<\/div>","protected":false},"excerpt":{"rendered":"<p>Bienvenue dans les moules \u00e0 tarte personnalis\u00e9s. Cet \u00e9l\u00e9gant moule \u00e0 tarte en c\u00e9ramique beige avec un design de dentelle exquis est fabriqu\u00e9 dans un mat\u00e9riau sans plomb pour garantir la sant\u00e9 et la s\u00e9curit\u00e9. Adapt\u00e9 au micro-ondes, au four, au r\u00e9frig\u00e9rateur et au lave-vaisselle, il peut facilement r\u00e9pondre \u00e0 diff\u00e9rents besoins, de la cuisson au stockage, ce qui en fait un choix id\u00e9al pour les cuisines domestiques et professionnelles.<\/p>","protected":false},"featured_media":5457,"comment_status":"closed","ping_status":"closed","template":"","meta":{"_acf_changed":false},"product_brand":[],"product_cat":[53],"product_tag":[70],"class_list":{"0":"post-5453","1":"product","2":"type-product","3":"status-publish","4":"has-post-thumbnail","6":"product_cat-bakeware-in-bulk","7":"product_tag-custom-pie-pans","9":"first","10":"instock","11":"shipping-taxable","12":"product-type-simple"},"acf":[],"_links":{"self":[{"href":"https:\/\/jinhuaceramic.com\/fr\/wp-json\/wp\/v2\/product\/5453","targetHints":{"allow":["GET"]}}],"collection":[{"href":"https:\/\/jinhuaceramic.com\/fr\/wp-json\/wp\/v2\/product"}],"about":[{"href":"https:\/\/jinhuaceramic.com\/fr\/wp-json\/wp\/v2\/types\/product"}],"replies":[{"embeddable":true,"href":"https:\/\/jinhuaceramic.com\/fr\/wp-json\/wp\/v2\/comments?post=5453"}],"version-history":[{"count":0,"href":"https:\/\/jinhuaceramic.com\/fr\/wp-json\/wp\/v2\/product\/5453\/revisions"}],"wp:featuredmedia":[{"embeddable":true,"href":"https:\/\/jinhuaceramic.com\/fr\/wp-json\/wp\/v2\/media\/5457"}],"wp:attachment":[{"href":"https:\/\/jinhuaceramic.com\/fr\/wp-json\/wp\/v2\/media?parent=5453"}],"wp:term":[{"taxonomy":"product_brand","embeddable":true,"href":"https:\/\/jinhuaceramic.com\/fr\/wp-json\/wp\/v2\/product_brand?post=5453"},{"taxonomy":"product_cat","embeddable":true,"href":"https:\/\/jinhuaceramic.com\/fr\/wp-json\/wp\/v2\/product_cat?post=5453"},{"taxonomy":"product_tag","embeddable":true,"href":"https:\/\/jinhuaceramic.com\/fr\/wp-json\/wp\/v2\/product_tag?post=5453"}],"curies":[{"name":"wp","href":"https:\/\/api.w.org\/{rel}","templated":true}]}}